{"id":84,"date":"2019-10-03T07:03:57","date_gmt":"2019-10-03T07:03:57","guid":{"rendered":"http:\/\/www.munkavedelem-muveszetesadmin.hu\/?page_id=84"},"modified":"2024-07-23T12:16:34","modified_gmt":"2024-07-23T12:16:34","slug":"segedletek","status":"publish","type":"page","link":"https:\/\/www.munkavedelem-muveszetesadmin.hu\/index.php\/segedletek\/","title":{"rendered":"Seg\u00e9dletek"},"content":{"rendered":"\n<p class=\"has-text-align-center\"><a href=\"http:\/\/www.munkavedelem-muveszetesadmin.hu\/index.php\/kockazatfelmeresi-es-ertekelesi-segedletek\/\">KOCK\u00c1ZATFELM\u00c9R\u00c9SI \u00c9S \u00c9RT\u00c9KEL\u00c9SI SEG\u00c9DLETEK<\/a><\/p>\n\n\n\n<p class=\"has-text-align-center\"><a href=\"http:\/\/www.munkavedelem-muveszetesadmin.hu\/index.php\/nyomtatvanyok-hasznos-mintak\/\">NYOMTATV\u00c1NYOK, HASZNOS MINT\u00c1K<\/a><\/p>\n","protected":false},"excerpt":{"rendered":"<p>KOCK\u00c1ZATFELM\u00c9R\u00c9SI \u00c9S \u00c9RT\u00c9KEL\u00c9SI SEG\u00c9DLETEK NYOMTATV\u00c1NYOK, HASZNOS MINT\u00c1K<\/p>\n","protected":false},"author":2,"featured_media":0,"parent":0,"menu_order":0,"comment_status":"closed","ping_status":"closed","template":"","meta":{"footnotes":""},"class_list":["post-84","page","type-page","status-publish","hentry"],"_links":{"self":[{"href":"https:\/\/www.munkavedelem-muveszetesadmin.hu\/index.php\/wp-json\/wp\/v2\/pages\/84","targetHints":{"allow":["GET"]}}],"collection":[{"href":"https:\/\/www.munkavedelem-muveszetesadmin.hu\/index.php\/wp-json\/wp\/v2\/pages"}],"about":[{"href":"https:\/\/www.munkavedelem-muveszetesadmin.hu\/index.php\/wp-json\/wp\/v2\/types\/page"}],"author":[{"embeddable":true,"href":"https:\/\/www.munkavedelem-muveszetesadmin.hu\/index.php\/wp-json\/wp\/v2\/users\/2"}],"replies":[{"embeddable":true,"href":"https:\/\/www.munkavedelem-muveszetesadmin.hu\/index.php\/wp-json\/wp\/v2\/comments?post=84"}],"version-history":[{"count":5,"href":"https:\/\/www.munkavedelem-muveszetesadmin.hu\/index.php\/wp-json\/wp\/v2\/pages\/84\/revisions"}],"predecessor-version":[{"id":204,"href":"https:\/\/www.munkavedelem-muveszetesadmin.hu\/index.php\/wp-json\/wp\/v2\/pages\/84\/revisions\/204"}],"wp:attachment":[{"href":"https:\/\/www.munkavedelem-muveszetesadmin.hu\/index.php\/wp-json\/wp\/v2\/media?parent=84"}],"curies":[{"name":"wp","href":"https:\/\/api.w.org\/{rel}","templated":true}]}}