{"id":73,"date":"2019-10-02T14:12:19","date_gmt":"2019-10-02T14:12:19","guid":{"rendered":"http:\/\/www.munkavedelem-muveszetesadmin.hu\/?page_id=73"},"modified":"2024-07-23T12:32:46","modified_gmt":"2024-07-23T12:32:46","slug":"videok","status":"publish","type":"page","link":"https:\/\/www.munkavedelem-muveszetesadmin.hu\/index.php\/videok\/","title":{"rendered":"Vide\u00f3k"},"content":{"rendered":"<p style=\"text-align: justify;\">A vide\u00f3k seg\u00edts\u00e9g\u00e9vel bemutatjuk azokat az \u00e1gazatra jellemz\u0151 szitu\u00e1ci\u00f3kat, vesz\u00e9lyforr\u00e1sokat \u00e9s megold\u00e1si javaslatokat, amik seg\u00edthetnek minket a mindennapokban, hogy g\u00f6rd\u00fcl\u00e9kenyen \u00e9s biztons\u00e1gosan v\u00e9gezhess\u00fck munk\u00e1nkat megfelel\u0151 munkak\u00f6rnyezetben.<\/p>\n<p>\u00a0<\/p>\n\n\n<figure class=\"wp-block-embed-youtube wp-block-embed is-type-video is-provider-youtube wp-embed-aspect-16-9 wp-has-aspect-ratio\"><div class=\"wp-block-embed__wrapper\">\n<iframe loading=\"lazy\" title=\"Munkav\u00e9delem - M\u0171v\u00e9szetek\" width=\"525\" height=\"295\" src=\"https:\/\/www.youtube.com\/embed\/U5Z9tAbO9nQ?feature=oembed\" frameborder=\"0\" allow=\"accelerometer; autoplay; clipboard-write; encrypted-media; gyroscope; picture-in-picture; web-share\" referrerpolicy=\"strict-origin-when-cross-origin\" allowfullscreen><\/iframe>\n<\/div><\/figure>\n\n\n<h3>&nbsp;<\/h3>\n<h3>Anim\u00e1ci\u00f3s kisfilmek:<\/h3>\n\n\n<figure class=\"wp-block-embed-youtube wp-block-embed is-type-video is-provider-youtube wp-embed-aspect-16-9 wp-has-aspect-ratio\"><div class=\"wp-block-embed__wrapper\">\n<iframe loading=\"lazy\" title=\"Kikapcsol\u00f3d\u00e1s biztons\u00e1gban\" width=\"525\" height=\"295\" src=\"https:\/\/www.youtube.com\/embed\/a2H8Tpt4bLk?feature=oembed\" frameborder=\"0\" allow=\"accelerometer; autoplay; clipboard-write; encrypted-media; gyroscope; picture-in-picture; web-share\" referrerpolicy=\"strict-origin-when-cross-origin\" allowfullscreen><\/iframe>\n<\/div><\/figure>\n\n\n\n<figure class=\"wp-block-embed-youtube wp-block-embed is-type-video is-provider-youtube wp-embed-aspect-16-9 wp-has-aspect-ratio\"><div class=\"wp-block-embed__wrapper\">\n<iframe loading=\"lazy\" title=\"Odafigyel\u00e9s a helyes ir\u00e1nyba\" width=\"525\" height=\"295\" src=\"https:\/\/www.youtube.com\/embed\/dwD2HIV5wXE?start=2&#038;feature=oembed\" frameborder=\"0\" allow=\"accelerometer; autoplay; clipboard-write; encrypted-media; gyroscope; picture-in-picture; web-share\" referrerpolicy=\"strict-origin-when-cross-origin\" allowfullscreen><\/iframe>\n<\/div><\/figure>\n\n\n\n<figure class=\"wp-block-embed-youtube wp-block-embed is-type-video is-provider-youtube wp-embed-aspect-16-9 wp-has-aspect-ratio\"><div class=\"wp-block-embed__wrapper\">\n<iframe loading=\"lazy\" title=\"Pszichoszoci\u00e1lis kock\u00e1zatok az irodai munka sor\u00e1n\" width=\"525\" height=\"295\" src=\"https:\/\/www.youtube.com\/embed\/QTYyEPT2Z6c?start=1&#038;feature=oembed\" frameborder=\"0\" allow=\"accelerometer; autoplay; clipboard-write; encrypted-media; gyroscope; picture-in-picture; web-share\" referrerpolicy=\"strict-origin-when-cross-origin\" allowfullscreen><\/iframe>\n<\/div><\/figure>\n","protected":false},"excerpt":{"rendered":"<p>A vide\u00f3k seg\u00edts\u00e9g\u00e9vel bemutatjuk azokat az \u00e1gazatra jellemz\u0151 szitu\u00e1ci\u00f3kat, vesz\u00e9lyforr\u00e1sokat \u00e9s megold\u00e1si javaslatokat, amik seg\u00edthetnek minket a mindennapokban, hogy g\u00f6rd\u00fcl\u00e9kenyen \u00e9s biztons\u00e1gosan v\u00e9gezhess\u00fck munk\u00e1nkat megfelel\u0151 munkak\u00f6rnyezetben. \u00a0 &nbsp; Anim\u00e1ci\u00f3s kisfilmek:<\/p>\n","protected":false},"author":2,"featured_media":0,"parent":0,"menu_order":0,"comment_status":"closed","ping_status":"closed","template":"","meta":{"footnotes":""},"class_list":["post-73","page","type-page","status-publish","hentry"],"_links":{"self":[{"href":"https:\/\/www.munkavedelem-muveszetesadmin.hu\/index.php\/wp-json\/wp\/v2\/pages\/73","targetHints":{"allow":["GET"]}}],"collection":[{"href":"https:\/\/www.munkavedelem-muveszetesadmin.hu\/index.php\/wp-json\/wp\/v2\/pages"}],"about":[{"href":"https:\/\/www.munkavedelem-muveszetesadmin.hu\/index.php\/wp-json\/wp\/v2\/types\/page"}],"author":[{"embeddable":true,"href":"https:\/\/www.munkavedelem-muveszetesadmin.hu\/index.php\/wp-json\/wp\/v2\/users\/2"}],"replies":[{"embeddable":true,"href":"https:\/\/www.munkavedelem-muveszetesadmin.hu\/index.php\/wp-json\/wp\/v2\/comments?post=73"}],"version-history":[{"count":6,"href":"https:\/\/www.munkavedelem-muveszetesadmin.hu\/index.php\/wp-json\/wp\/v2\/pages\/73\/revisions"}],"predecessor-version":[{"id":315,"href":"https:\/\/www.munkavedelem-muveszetesadmin.hu\/index.php\/wp-json\/wp\/v2\/pages\/73\/revisions\/315"}],"wp:attachment":[{"href":"https:\/\/www.munkavedelem-muveszetesadmin.hu\/index.php\/wp-json\/wp\/v2\/media?parent=73"}],"curies":[{"name":"wp","href":"https:\/\/api.w.org\/{rel}","templated":true}]}}