{"id":57,"date":"2019-10-02T14:07:29","date_gmt":"2019-10-02T14:07:29","guid":{"rendered":"http:\/\/www.munkavedelem-muveszetesadmin.hu\/?page_id=57"},"modified":"2024-07-23T12:00:06","modified_gmt":"2024-07-23T12:00:06","slug":"kerdoivek","status":"publish","type":"page","link":"https:\/\/www.munkavedelem-muveszetesadmin.hu\/index.php\/kerdoivek\/","title":{"rendered":"K\u00e9rd\u0151\u00edvek"},"content":{"rendered":"<p style=\"text-align: justify;\">A kock\u00e1zatfelm\u00e9r\u0151 k\u00e9rd\u0151\u00edv seg\u00edts\u00e9g\u00e9vel \u00e1tfog\u00f3 k\u00e9pet kaphatunk, hogy alapvet\u0151 munkav\u00e9delmi int\u00e9zked\u00e9sekkel tiszt\u00e1ban vagyunk-e, rendelkez\u00e9sre \u00e1llnak-e a sz\u00fcks\u00e9ges dokumentumok, illetve azok \u00e1llapota megfelel\u0151-e. A k\u00e9rd\u0151\u00edv seg\u00edts\u00e9g\u00e9vel felt\u00e1rhatjuk a kock\u00e1zati pontokat a munkav\u00e9delem ter\u00fclet\u00e9n a sz\u00e1munkra fontos k\u00e9rd\u00e9sekben szegmensenk\u00e9nt.<\/p>\n<p style=\"text-align: justify;\">Az e-mail c\u00edm megad\u00e1s\u00e1val a rendszer automatikusan megk\u00fcldi a kit\u00f6lt\u00f6tt k\u00e9rd\u0151\u00edvet \u00e9s \u00e9rt\u00e9kel\u00e9st pdf form\u00e1tumban a megadott e-mail c\u00edmre.<\/p>\n\n\n<p><a href=\"http:\/\/www.munkavedelem-muveszetesadmin.hu\/index.php\/kerdoivek\/munkaltatok-reszere\/\">Munk\u00e1ltat\u00f3k r\u00e9sz\u00e9re<\/a><\/p>\n\n\n\n<p><a href=\"http:\/\/www.munkavedelem-muveszetesadmin.hu\/index.php\/kerdoivek\/munkavallalok-reszere\/\">Munkav\u00e1llal\u00f3k r\u00e9sz\u00e9re<\/a><\/p>\n\n\n\n<p><a href=\"http:\/\/www.munkavedelem-muveszetesadmin.hu\/index.php\/kerdoivek\/munkavedelmi-kepviselok-reszere\/\">Munkav\u00e9delmi k\u00e9pvisel\u0151k r\u00e9sz\u00e9re<\/a><\/p>\n\n\n<p style=\"text-align: justify;\">Cselekv\u00e9si javaslatokat a Seg\u00e9dletek &#8211; Kock\u00e1zatfelm\u00e9r\u00e9si \u00e9s \u00e9rt\u00e9kel\u00e9si seg\u00e9dletek men\u00fcpont alatt tal\u00e1l.<\/p>","protected":false},"excerpt":{"rendered":"<p>A kock\u00e1zatfelm\u00e9r\u0151 k\u00e9rd\u0151\u00edv seg\u00edts\u00e9g\u00e9vel \u00e1tfog\u00f3 k\u00e9pet kaphatunk, hogy alapvet\u0151 munkav\u00e9delmi int\u00e9zked\u00e9sekkel tiszt\u00e1ban vagyunk-e, rendelkez\u00e9sre \u00e1llnak-e a sz\u00fcks\u00e9ges dokumentumok, illetve azok \u00e1llapota megfelel\u0151-e. A k\u00e9rd\u0151\u00edv seg\u00edts\u00e9g\u00e9vel felt\u00e1rhatjuk a kock\u00e1zati pontokat a munkav\u00e9delem ter\u00fclet\u00e9n a sz\u00e1munkra fontos k\u00e9rd\u00e9sekben szegmensenk\u00e9nt. Az e-mail c\u00edm megad\u00e1s\u00e1val a rendszer automatikusan megk\u00fcldi a kit\u00f6lt\u00f6tt k\u00e9rd\u0151\u00edvet \u00e9s \u00e9rt\u00e9kel\u00e9st pdf form\u00e1tumban a megadott e-mail &hellip; <\/p>\n<p class=\"link-more\"><a href=\"https:\/\/www.munkavedelem-muveszetesadmin.hu\/index.php\/kerdoivek\/\" class=\"more-link\"><span class=\"screen-reader-text\">&#8222;K\u00e9rd\u0151\u00edvek&#8221;<\/span> b\u0151vebben<\/a><\/p>\n","protected":false},"author":2,"featured_media":0,"parent":0,"menu_order":0,"comment_status":"closed","ping_status":"closed","template":"","meta":{"footnotes":""},"class_list":["post-57","page","type-page","status-publish","hentry"],"_links":{"self":[{"href":"https:\/\/www.munkavedelem-muveszetesadmin.hu\/index.php\/wp-json\/wp\/v2\/pages\/57","targetHints":{"allow":["GET"]}}],"collection":[{"href":"https:\/\/www.munkavedelem-muveszetesadmin.hu\/index.php\/wp-json\/wp\/v2\/pages"}],"about":[{"href":"https:\/\/www.munkavedelem-muveszetesadmin.hu\/index.php\/wp-json\/wp\/v2\/types\/page"}],"author":[{"embeddable":true,"href":"https:\/\/www.munkavedelem-muveszetesadmin.hu\/index.php\/wp-json\/wp\/v2\/users\/2"}],"replies":[{"embeddable":true,"href":"https:\/\/www.munkavedelem-muveszetesadmin.hu\/index.php\/wp-json\/wp\/v2\/comments?post=57"}],"version-history":[{"count":12,"href":"https:\/\/www.munkavedelem-muveszetesadmin.hu\/index.php\/wp-json\/wp\/v2\/pages\/57\/revisions"}],"predecessor-version":[{"id":313,"href":"https:\/\/www.munkavedelem-muveszetesadmin.hu\/index.php\/wp-json\/wp\/v2\/pages\/57\/revisions\/313"}],"wp:attachment":[{"href":"https:\/\/www.munkavedelem-muveszetesadmin.hu\/index.php\/wp-json\/wp\/v2\/media?parent=57"}],"curies":[{"name":"wp","href":"https:\/\/api.w.org\/{rel}","templated":true}]}}