{"id":40,"date":"2019-10-02T13:50:51","date_gmt":"2019-10-02T13:50:51","guid":{"rendered":"http:\/\/www.munkavedelem-muveszetesadmin.hu\/?page_id=40"},"modified":"2020-01-14T08:17:25","modified_gmt":"2020-01-14T08:17:25","slug":"munkavedelmi-kepviselok-reszere","status":"publish","type":"page","link":"https:\/\/www.munkavedelem-muveszetesadmin.hu\/index.php\/tudasfelmero\/munkavedelmi-kepviselok-reszere\/","title":{"rendered":"Munkav\u00e9delmi k\u00e9pvisel\u0151k r\u00e9sz\u00e9re"},"content":{"rendered":"<p><strong>K\u00e9rj\u00fck adja meg e-mail c\u00edm\u00e9t, amire a rendszer a kit\u00f6lt\u00e9s v\u00e9gezt\u00e9vel elk\u00fcldi \u00d6nnek az eredm\u00e9ny\u00e9t!<\/strong><\/p>\n<p>El\u00e9rhet\u0151 maxim\u00e1lis pontsz\u00e1m: 27 pont<br \/>A \u201cmegfelelt\u201d szinthez sz\u00fcks\u00e9ges pontsz\u00e1m: 23 pont<\/p>\n<p>\u00a0<\/p>\n\n<div id=\"watu_quiz\" class=\"quiz-area single-page-quiz\">\n<form action=\"\" method=\"post\" class=\"quiz-form \" id=\"quiz-7\" >\n\t<p class=\"watu_taker_email\">Please enter your email: <input type=\"text\" name=\"watu_taker_email\" id=\"watuTakerEmail\"><\/p>\n<div class='watu-question' id='question-1'><div class='question-content'><p><span class='watu_num'>1. <\/span><strong>V\u00e1lassza ki a helyes megfogalmaz\u00e1st az al\u00e1bbiak k\u00f6z\u00fcl! (4 pont)<\/strong><\/p>\n<\/div><input type='hidden' name='question_id[]' value='120' \/><div class='watu-questions-wrap '><input type='hidden' name='answer_ids[]' class='watu-answer-ids' value='662' \/><div class='watu-question-choice'><input type='radio' name='answer-120[]' id='answer-id-662' class='answer answer-1  answerof-120' value='662' \/>&nbsp;<label for='answer-id-662' id='answer-label-662' class=' answer label-1'><span class='answer'>A munk\u00e1ltat\u00f3 az eg\u00e9szs\u00e9ges \u00e9s biztons\u00e1gos munkav\u00e9gz\u00e9s \u00e9rdek\u00e9ben k\u00f6teles a munkav\u00e1llal\u00f3kkal, illetve munkav\u00e9delmi k\u00e9pvisel\u0151ikkel tan\u00e1cskozni, valamint biztos\u00edtani r\u00e9sz\u00fckre a lehet\u0151s\u00e9get, hogy r\u00e9szt vehessenek az eg\u00e9szs\u00e9gre \u00e9s biztons\u00e1gra vonatkoz\u00f3 munk\u00e1ltat\u00f3i int\u00e9zked\u00e9s kell\u0151 id\u0151ben t\u00f6rt\u00e9n\u0151 el\u0151zetes megvitat\u00e1s\u00e1ban.<\/span><\/label><\/div>\n<input type='hidden' name='answer_ids[]' class='watu-answer-ids' value='663' \/><div class='watu-question-choice'><input type='radio' name='answer-120[]' id='answer-id-663' class='answer answer-1  answerof-120' value='663' \/>&nbsp;<label for='answer-id-663' id='answer-label-663' class=' answer label-1'><span class='answer'>A munk\u00e1ltat\u00f3 a biztons\u00e1gos munkav\u00e9gz\u00e9s \u00e9rdek\u00e9ben k\u00f6teles a munkav\u00e1llal\u00f3kkal, tan\u00e1cskozni. \u00c9rdekk\u00fcl\u00f6nbs\u00e9g eset\u00e9n a gazdas\u00e1gi \u00e9rdek szem el\u0151tt tart\u00e1sa a l\u00e9nyeges.<\/span><\/label><\/div>\n<input type='hidden' name='answer_ids[]' class='watu-answer-ids' value='664' \/><div class='watu-question-choice'><input type='radio' name='answer-120[]' id='answer-id-664' class='answer answer-1  answerof-120' value='664' \/>&nbsp;<label for='answer-id-664' id='answer-label-664' class=' answer label-1'><span class='answer'>A munk\u00e1ltat\u00f3 az eg\u00e9szs\u00e9ges \u00e9s biztons\u00e1gos munkav\u00e9gz\u00e9s \u00e9rdek\u00e9ben nem k\u00f6teles a munkav\u00e1llal\u00f3kkal, illetve munkav\u00e9delmi k\u00e9pvisel\u0151ikkel tan\u00e1cskozni. Elegend\u0151, ha maga hozza meg a d\u00f6nt\u00e9seket egy megfelel\u0151 munkav\u00e9delmi szakember bevon\u00e1s\u00e1val.<\/span><\/label><\/div>\n<\/div><input type='hidden' id='questionType1' value='radio' class=''><\/div><div class='watu-question' id='question-2'><div class='question-content'><p><span class='watu_num'>2. <\/span><strong>Melyik \u00e1ll\u00edt\u00e1s igaz a vesz\u00e9lyes anyagok \u00e9s k\u00e9sz\u00edtm\u00e9nyek (pl.: vegyszerek, tiszt\u00edt\u00f3szerek, stb.) munkahelyen t\u00f6rt\u00e9n\u0151 megfelel\u0151 t\u00e1rol\u00e1s\u00e1ra? (3 pont)<\/strong><\/p>\n<\/div><input type='hidden' name='question_id[]' value='121' \/><div class='watu-questions-wrap '><input type='hidden' name='answer_ids[]' class='watu-answer-ids' value='665' \/><div class='watu-question-choice'><input type='radio' name='answer-121[]' id='answer-id-665' class='answer answer-2  answerof-121' value='665' \/>&nbsp;<label for='answer-id-665' id='answer-label-665' class=' answer label-2'><span class='answer'>Vesz\u00e9lyes anyagokat csak szabv\u00e1nyilag min\u0151s\u00edtett vegyszert\u00e1rol\u00f3 szekr\u00e9nyben szabad t\u00e1rolni.<\/span><\/label><\/div>\n<input type='hidden' name='answer_ids[]' class='watu-answer-ids' value='666' \/><div class='watu-question-choice'><input type='radio' name='answer-121[]' id='answer-id-666' class='answer answer-2  answerof-121' value='666' \/>&nbsp;<label for='answer-id-666' id='answer-label-666' class=' answer label-2'><span class='answer'>Az egym\u00e1ssal reakci\u00f3ra k\u00e9pes anyagokat egy\u00fctt t\u00e1rolni szigor\u00faan tilos.<\/span><\/label><\/div>\n<input type='hidden' name='answer_ids[]' class='watu-answer-ids' value='667' \/><div class='watu-question-choice'><input type='radio' name='answer-121[]' id='answer-id-667' class='answer answer-2  answerof-121' value='667' \/>&nbsp;<label for='answer-id-667' id='answer-label-667' class=' answer label-2'><span class='answer'>Vesz\u00e9lyes anyagokat b\u00e1rhol lehet t\u00e1rolni, ahol a munkav\u00e9gz\u00e9shez arra sz\u00fcks\u00e9g van.<\/span><\/label><\/div>\n<input type='hidden' name='answer_ids[]' class='watu-answer-ids' value='668' \/><div class='watu-question-choice'><input type='radio' name='answer-121[]' id='answer-id-668' class='answer answer-2  answerof-121' value='668' \/>&nbsp;<label for='answer-id-668' id='answer-label-668' class=' answer label-2'><span class='answer'>T\u0171zvesz\u00e9lyes anyagokat b\u00e1rmilyen polcon, vagy t\u00e1rol\u00f3 szekr\u00e9nyben lehet tartani, mennyis\u00e9gi korl\u00e1toz\u00e1s n\u00e9lk\u00fcl.<\/span><\/label><\/div>\n<\/div><input type='hidden' id='questionType2' value='radio' class=''><\/div><div class='watu-question' id='question-3'><div class='question-content'><p><span class='watu_num'>3. <\/span><strong>V\u00e9lem\u00e9nye szerint az adminisztr\u00e1ci\u00f3, szolg\u00e1ltat\u00e1st t\u00e1mogat\u00f3 tev\u00e9kenys\u00e9g \u00e9s m\u0171v\u00e9szet, sz\u00f3rakoztat\u00e1s, szabadid\u0151 \u00e1gazatokban, a 2017-es \u00e9vben sz\u00e1mszer\u0171en mennyi volt a munkabalesetek sz\u00e1ma? (1 pont)<\/strong><\/p>\n<\/div><input type='hidden' name='question_id[]' value='122' \/><div class='watu-questions-wrap '><input type='hidden' name='answer_ids[]' class='watu-answer-ids' value='669' \/><div class='watu-question-choice'><input type='radio' name='answer-122[]' id='answer-id-669' class='answer answer-3  answerof-122' value='669' \/>&nbsp;<label for='answer-id-669' id='answer-label-669' class=' answer label-3'><span class='answer'>Kevesebb, mint 500.<\/span><\/label><\/div>\n<input type='hidden' name='answer_ids[]' class='watu-answer-ids' value='670' \/><div class='watu-question-choice'><input type='radio' name='answer-122[]' id='answer-id-670' class='answer answer-3  answerof-122' value='670' \/>&nbsp;<label for='answer-id-670' id='answer-label-670' class=' answer label-3'><span class='answer'>500 \u00e9s 1200 k\u00f6z\u00f6tt.<\/span><\/label><\/div>\n<input type='hidden' name='answer_ids[]' class='watu-answer-ids' value='671' \/><div class='watu-question-choice'><input type='radio' name='answer-122[]' id='answer-id-671' class='answer answer-3  answerof-122' value='671' \/>&nbsp;<label for='answer-id-671' id='answer-label-671' class=' answer label-3'><span class='answer'>T\u00f6bb, mint 1200.<\/span><\/label><\/div>\n<\/div><input type='hidden' id='questionType3' value='radio' class=''><\/div><div class='watu-question' id='question-4'><div class='question-content'><p><span class='watu_num'>4. <\/span><strong>Minden munkahelyen a munk\u00e1ltat\u00f3nak biztos\u00edtania kell\u2026..! Fejezze be a mondatot! (2 pont)<\/strong><\/p>\n<\/div><input type='hidden' name='question_id[]' value='123' \/><div class='watu-questions-wrap '><input type='hidden' name='answer_ids[]' class='watu-answer-ids' value='672' \/><div class='watu-question-choice'><input type='radio' name='answer-123[]' id='answer-id-672' class='answer answer-4  answerof-123' value='672' \/>&nbsp;<label for='answer-id-672' id='answer-label-672' class=' answer label-4'><span class='answer'>A j\u00f3 hangulatot \u00e9s boldogs\u00e1got.<\/span><\/label><\/div>\n<input type='hidden' name='answer_ids[]' class='watu-answer-ids' value='673' \/><div class='watu-question-choice'><input type='radio' name='answer-123[]' id='answer-id-673' class='answer answer-4  answerof-123' value='673' \/>&nbsp;<label for='answer-id-673' id='answer-label-673' class=' answer label-4'><span class='answer'>A sz\u00f3rakoz\u00e1si \u00e9s pihen\u00e9si lehet\u0151s\u00e9get a munkak\u00f6zi sz\u00fcnetek alkalm\u00e1ra.<\/span><\/label><\/div>\n<input type='hidden' name='answer_ids[]' class='watu-answer-ids' value='674' \/><div class='watu-question-choice'><input type='radio' name='answer-123[]' id='answer-id-674' class='answer answer-4  answerof-123' value='674' \/>&nbsp;<label for='answer-id-674' id='answer-label-674' class=' answer label-4'><span class='answer'>A kik\u00e9pzett munkahelyi els\u0151seg\u00e9lyny\u00fajt\u00f3 munkav\u00e1llal\u00f3 jelenl\u00e9t\u00e9t.<\/span><\/label><\/div>\n<\/div><input type='hidden' id='questionType4' value='radio' class=''><\/div><div class='watu-question' id='question-5'><div class='question-content'><p><span class='watu_num'>5. <\/span><strong>V\u00e1lassza ki az al\u00e1bbi felsorol\u00e1sb\u00f3l a munkaeg\u00e9szs\u00e9g\u00fcgyre vonatkoz\u00f3 meg\u00e1llap\u00edt\u00e1sokat! (3 pont)<\/strong><\/p>\n<\/div><input type='hidden' name='question_id[]' value='124' \/><div class='watu-questions-wrap '><input type='hidden' name='answer_ids[]' class='watu-answer-ids' value='675' \/><div class='watu-question-choice'><input type='radio' name='answer-124[]' id='answer-id-675' class='answer answer-5  answerof-124' value='675' \/>&nbsp;<label for='answer-id-675' id='answer-label-675' class=' answer label-5'><span class='answer'>A munkak\u00f6r\u00fclm\u00e9nyek \u00e9s a munkav\u00e9gz\u00e9s szab\u00e1lyait hat\u00e1rozza meg.<\/span><\/label><\/div>\n<input type='hidden' name='answer_ids[]' class='watu-answer-ids' value='676' \/><div class='watu-question-choice'><input type='radio' name='answer-124[]' id='answer-id-676' class='answer answer-5  answerof-124' value='676' \/>&nbsp;<label for='answer-id-676' id='answer-label-676' class=' answer label-5'><span class='answer'>Tev\u00e9kenys\u00e9ge a foglalkoz\u00e1si-megbeteged\u00e9sek megel\u0151z\u00e9s\u00e9re ir\u00e1nyul.<\/span><\/label><\/div>\n<input type='hidden' name='answer_ids[]' class='watu-answer-ids' value='677' \/><div class='watu-question-choice'><input type='radio' name='answer-124[]' id='answer-id-677' class='answer answer-5  answerof-124' value='677' \/>&nbsp;<label for='answer-id-677' id='answer-label-677' class=' answer label-5'><span class='answer'>A munkak\u00f6rnyezetb\u0151l sz\u00e1rmaz\u00f3 eg\u00e9szs\u00e9gk\u00e1ros\u00edt\u00f3 vesz\u00e9lyek \u00e9s kock\u00e1zatok felismer\u00e9s\u00e9vel, m\u00e9r\u00e9s\u00e9vel, \u00e9rt\u00e9kel\u00e9s\u00e9vel \u00e9s kezel\u00e9s\u00e9vel foglalkozik.<\/span><\/label><\/div>\n<\/div><input type='hidden' id='questionType5' value='radio' class=''><\/div><div class='watu-question' id='question-6'><div class='question-content'><p><span class='watu_num'>6. <\/span><strong>Egy k\u00f6nyvt\u00e1rban, ahol munkav\u00e9delmi k\u00e9pvisel\u0151k\u00e9nt dolgozik, egy \u00faj f\u00e9m polcrendszert telep\u00edtene! Mit kell tenni a munk\u00e1ltat\u00f3nak, miel\u0151tt enged\u00e9lyezi a polcok haszn\u00e1latba v\u00e9tel\u00e9t a munkav\u00e1llal\u00f3k sz\u00e1m\u00e1ra! (4 pont)<\/strong><\/p>\n<\/div><input type='hidden' name='question_id[]' value='125' \/><div class='watu-questions-wrap '><input type='hidden' name='answer_ids[]' class='watu-answer-ids' value='678' \/><div class='watu-question-choice'><input type='radio' name='answer-125[]' id='answer-id-678' class='answer answer-6  answerof-125' value='678' \/>&nbsp;<label for='answer-id-678' id='answer-label-678' class=' answer label-6'><span class='answer'>Nem kell semmit csin\u00e1lnia, a polcok \u00f6sszeszerel\u00e9se ut\u00e1n, azonnal haszn\u00e1latba vehet\u0151ek.<\/span><\/label><\/div>\n<input type='hidden' name='answer_ids[]' class='watu-answer-ids' value='679' \/><div class='watu-question-choice'><input type='radio' name='answer-125[]' id='answer-id-679' class='answer answer-6  answerof-125' value='679' \/>&nbsp;<label for='answer-id-679' id='answer-label-679' class=' answer label-6'><span class='answer'>A haszn\u00e1latbav\u00e9tel el\u0151tt statikai vizsg\u00e1latot kell v\u00e9geztetni a polcrendszeren egy szakemberrel \u00e9s terhel\u00e9si pr\u00f3b\u00e1t is kell tartani.<\/span><\/label><\/div>\n<input type='hidden' name='answer_ids[]' class='watu-answer-ids' value='680' \/><div class='watu-question-choice'><input type='radio' name='answer-125[]' id='answer-id-680' class='answer answer-6  answerof-125' value='680' \/>&nbsp;<label for='answer-id-680' id='answer-label-680' class=' answer label-6'><span class='answer'>A haszn\u00e1latbav\u00e9tel el\u0151tt polconk\u00e9nt, j\u00f3l olvashat\u00f3an \u00e9s id\u0151t\u00e1ll\u00f3an fel kell t\u00fcntetni a terhelhet\u0151s\u00e9get, illetve amennyiben a polcrendszer v\u00edzszintes kiterjed\u00e9se el\u00e9ri vagy meghaladja a 4 m\u00e9tert, abban az esetben egyen potenci\u00e1l h\u00e1l\u00f3zatba t\u00f6rt\u00e9n\u0151 bek\u00f6t\u00e9s\u00e9r\u0151l is gondoskodni kell.<\/span><\/label><\/div>\n<\/div><input type='hidden' id='questionType6' value='radio' class=''><\/div><div class='watu-question' id='question-7'><div class='question-content'><p><span class='watu_num'>7. <\/span><strong>Melyik \u00e1ll\u00edt\u00e1s igaz? (2 pont)<\/strong><\/p>\n<\/div><input type='hidden' name='question_id[]' value='126' \/><div class='watu-questions-wrap '><input type='hidden' name='answer_ids[]' class='watu-answer-ids' value='681' \/><div class='watu-question-choice'><input type='radio' name='answer-126[]' id='answer-id-681' class='answer answer-7  answerof-126' value='681' \/>&nbsp;<label for='answer-id-681' id='answer-label-681' class=' answer label-7'><span class='answer'>A munkav\u00e9delmi k\u00e9pvisel\u0151 feladata az eg\u00e9szs\u00e9get nem vesz\u00e9lyeztet\u0151 \u00e9s biztons\u00e1gos munkav\u00e9gz\u00e9s felt\u00e9teleinek megteremt\u00e9se.<\/span><\/label><\/div>\n<input type='hidden' name='answer_ids[]' class='watu-answer-ids' value='682' \/><div class='watu-question-choice'><input type='radio' name='answer-126[]' id='answer-id-682' class='answer answer-7  answerof-126' value='682' \/>&nbsp;<label for='answer-id-682' id='answer-label-682' class=' answer label-7'><span class='answer'>A munkav\u00e9delmi k\u00e9pvisel\u0151 feladata a munkav\u00e1llal\u00f3k munkav\u00e9delmi \u00e9rdekeinek k\u00e9pviselete a munk\u00e1ltat\u00f3n\u00e1l.<\/span><\/label><\/div>\n<input type='hidden' name='answer_ids[]' class='watu-answer-ids' value='683' \/><div class='watu-question-choice'><input type='radio' name='answer-126[]' id='answer-id-683' class='answer answer-7  answerof-126' value='683' \/>&nbsp;<label for='answer-id-683' id='answer-label-683' class=' answer label-7'><span class='answer'>A munkav\u00e9delmi k\u00e9pvisel\u0151 feladata a egy\u00e9ni v\u00e9d\u0151felszerel\u00e9sek kiv\u00e1laszt\u00e1sa.<\/span><\/label><\/div>\n<\/div><input type='hidden' id='questionType7' value='radio' class=''><\/div><div class='watu-question' id='question-8'><div class='question-content'><p><span class='watu_num'>8. <\/span><strong>V\u00e1lassza ki az al\u00e1bbi felsorol\u00e1sb\u00f3l, hogy a szexu\u00e1lis zaklat\u00e1s, milyen vesz\u00e9lyforr\u00e1snak min\u0151s\u00fcl! (2 pont)<\/strong><\/p>\n<\/div><input type='hidden' name='question_id[]' value='127' \/><div class='watu-questions-wrap '><input type='hidden' name='answer_ids[]' class='watu-answer-ids' value='684' \/><div class='watu-question-choice'><input type='radio' name='answer-127[]' id='answer-id-684' class='answer answer-8  answerof-127' value='684' \/>&nbsp;<label for='answer-id-684' id='answer-label-684' class=' answer label-8'><span class='answer'>Pszichoszoci\u00e1lis vesz\u00e9lyforr\u00e1s.<\/span><\/label><\/div>\n<input type='hidden' name='answer_ids[]' class='watu-answer-ids' value='685' \/><div class='watu-question-choice'><input type='radio' name='answer-127[]' id='answer-id-685' class='answer answer-8  answerof-127' value='685' \/>&nbsp;<label for='answer-id-685' id='answer-label-685' class=' answer label-8'><span class='answer'>Biol\u00f3giai vesz\u00e9lyforr\u00e1s.<\/span><\/label><\/div>\n<input type='hidden' name='answer_ids[]' class='watu-answer-ids' value='686' \/><div class='watu-question-choice'><input type='radio' name='answer-127[]' id='answer-id-686' class='answer answer-8  answerof-127' value='686' \/>&nbsp;<label for='answer-id-686' id='answer-label-686' class=' answer label-8'><span class='answer'>Fizikai vesz\u00e9lyforr\u00e1s.<\/span><\/label><\/div>\n<\/div><input type='hidden' id='questionType8' value='radio' class=''><\/div><div class='watu-question' id='question-9'><div class='question-content'><p><span class='watu_num'>9. <\/span><strong>Mikor k\u00f6telez\u0151 a munkav\u00e9delmi k\u00e9pvisel\u0151 bevon\u00e1sa a munkav\u00e9delmi tev\u00e9kenys\u00e9gbe? (3 pont)<\/strong><\/p>\n<\/div><input type='hidden' name='question_id[]' value='128' \/><div class='watu-questions-wrap '><input type='hidden' name='answer_ids[]' class='watu-answer-ids' value='687' \/><div class='watu-question-choice'><input type='radio' name='answer-128[]' id='answer-id-687' class='answer answer-9  answerof-128' value='687' \/>&nbsp;<label for='answer-id-687' id='answer-label-687' class=' answer label-9'><span class='answer'>T\u0171zv\u00e9delmi szab\u00e1lyzat elk\u00e9sz\u00edt\u00e9se.<\/span><\/label><\/div>\n<input type='hidden' name='answer_ids[]' class='watu-answer-ids' value='688' \/><div class='watu-question-choice'><input type='radio' name='answer-128[]' id='answer-id-688' class='answer answer-9  answerof-128' value='688' \/>&nbsp;<label for='answer-id-688' id='answer-label-688' class=' answer label-9'><span class='answer'>Munkahelyi balesetek kivizsg\u00e1l\u00e1sa.<\/span><\/label><\/div>\n<input type='hidden' name='answer_ids[]' class='watu-answer-ids' value='689' \/><div class='watu-question-choice'><input type='radio' name='answer-128[]' id='answer-id-689' class='answer answer-9  answerof-128' value='689' \/>&nbsp;<label for='answer-id-689' id='answer-label-689' class=' answer label-9'><span class='answer'>\u00c9rint\u00e9sv\u00e9delmi fel\u00fclvizsg\u00e1latok elv\u00e9gz\u00e9se.<\/span><\/label><\/div>\n<\/div><input type='hidden' id='questionType9' value='radio' class=''><\/div><div class='watu-question' id='question-10'><div class='question-content'><p><span class='watu_num'>10. <\/span><strong>A k\u00e9perny\u0151 el\u0151tti munkav\u00e9gz\u00e9sn\u00e9l\u2026. . Fejezze be a mondatot helyesen! (3 pont)<\/strong><\/p>\n<\/div><input type='hidden' name='question_id[]' value='129' \/><div class='watu-questions-wrap '><input type='hidden' name='answer_ids[]' class='watu-answer-ids' value='690' \/><div class='watu-question-choice'><input type='radio' name='answer-129[]' id='answer-id-690' class='answer answer-10  answerof-129' value='690' \/>&nbsp;<label for='answer-id-690' id='answer-label-690' class=' answer label-10'><span class='answer'>Nem kell semmilyen k\u00fcl\u00f6n\u00f6s szab\u00e1lyt betartani. Ugyanazok vonatkoznak r\u00e1 mint b\u00e1rmelyik munkav\u00e9gz\u00e9sre.<\/span><\/label><\/div>\n<input type='hidden' name='answer_ids[]' class='watu-answer-ids' value='691' \/><div class='watu-question-choice'><input type='radio' name='answer-129[]' id='answer-id-691' class='answer answer-10  answerof-129' value='691' \/>&nbsp;<label for='answer-id-691' id='answer-label-691' class=' answer label-10'><span class='answer'>A munkav\u00e1llal\u00f3k r\u00e9sz\u00e9re \u00f3r\u00e1nk\u00e9t 10 perc sz\u00fcnetet kell biztos\u00edtani, valamint a sz\u00fcnet alakalm\u00e1val a munkahely elhagy\u00e1s\u00e1t.<\/span><\/label><\/div>\n<input type='hidden' name='answer_ids[]' class='watu-answer-ids' value='692' \/><div class='watu-question-choice'><input type='radio' name='answer-129[]' id='answer-id-692' class='answer answer-10  answerof-129' value='692' \/>&nbsp;<label for='answer-id-692' id='answer-label-692' class=' answer label-10'><span class='answer'>Folyamatos fel\u00fcgyeletet kell biztos\u00edtani, hogy a munkav\u00e1llal\u00f3 helyes testtart\u00e1sban v\u00e9gzi-e a munk\u00e1t.<\/span><\/label><\/div>\n<\/div><input type='hidden' id='questionType10' value='radio' class=''><\/div><div style='display:none' id='question-11'><br \/><div class='question-content'><img loading=\"lazy\" decoding=\"async\" src=\"https:\/\/www.munkavedelem-muveszetesadmin.hu\/wp-content\/plugins\/watu\/loading.gif\" width=\"16\" height=\"16\" alt=\"Loading ...\" title=\"Loading ...\" \/>&nbsp;Loading &#8230;<\/div><\/div><br \/>\n<input type=\"button\" name=\"action\" onclick=\"Watu.submitResult()\" id=\"action-button\" value=\"Befejez\u00e9s\"  class=\"watu-submit-button\" \/>\n<input type=\"hidden\" name=\"no_ajax\" value=\"0\"><input type=\"hidden\" name=\"quiz_id\" value=\"7\" \/>\n<input type=\"hidden\" id=\"watuStartTime\" name=\"start_time\" value=\"2026-04-21 12:10:14\" \/>\n<\/form>\n<\/div>\n<div id=\"watu-loading-result\" style=\"display:none;\">\n\t<p align=\"center\"><img loading=\"lazy\" decoding=\"async\" src=\"https:\/\/www.munkavedelem-muveszetesadmin.hu\/wp-content\/plugins\/watu\/loading.gif\" width=\"16\" height=\"16\" alt=\"Loading\" title=\"Loading\" \/><\/p>\n<\/div>\t\n<script type=\"text\/javascript\">\nvar exam_id=0;\nvar question_ids='';\nvar watuURL='';\njQuery(function($){\nquestion_ids = \"120,121,122,123,124,125,126,127,128,129\";\nexam_id = 7;\nWatu.exam_id = exam_id;\nWatu.qArr = question_ids.split(',');\nWatu.post_id = 40;\nWatu.singlePage = '1';\nWatu.hAppID = \"0.01031900 1776773414\";\nwatuURL = \"https:\/\/www.munkavedelem-muveszetesadmin.hu\/wp-admin\/admin-ajax.php\";\nWatu.noAlertUnanswered = 0;\n});\n<\/script>\n","protected":false},"excerpt":{"rendered":"<p>K\u00e9rj\u00fck adja meg e-mail c\u00edm\u00e9t, amire a rendszer a kit\u00f6lt\u00e9s v\u00e9gezt\u00e9vel elk\u00fcldi \u00d6nnek az eredm\u00e9ny\u00e9t! El\u00e9rhet\u0151 maxim\u00e1lis pontsz\u00e1m: 27 pontA \u201cmegfelelt\u201d szinthez sz\u00fcks\u00e9ges pontsz\u00e1m: 23 pont \u00a0<\/p>\n","protected":false},"author":2,"featured_media":0,"parent":34,"menu_order":0,"comment_status":"closed","ping_status":"closed","template":"","meta":{"footnotes":""},"class_list":["post-40","page","type-page","status-publish","hentry"],"_links":{"self":[{"href":"https:\/\/www.munkavedelem-muveszetesadmin.hu\/index.php\/wp-json\/wp\/v2\/pages\/40","targetHints":{"allow":["GET"]}}],"collection":[{"href":"https:\/\/www.munkavedelem-muveszetesadmin.hu\/index.php\/wp-json\/wp\/v2\/pages"}],"about":[{"href":"https:\/\/www.munkavedelem-muveszetesadmin.hu\/index.php\/wp-json\/wp\/v2\/types\/page"}],"author":[{"embeddable":true,"href":"https:\/\/www.munkavedelem-muveszetesadmin.hu\/index.php\/wp-json\/wp\/v2\/users\/2"}],"replies":[{"embeddable":true,"href":"https:\/\/www.munkavedelem-muveszetesadmin.hu\/index.php\/wp-json\/wp\/v2\/comments?post=40"}],"version-history":[{"count":3,"href":"https:\/\/www.munkavedelem-muveszetesadmin.hu\/index.php\/wp-json\/wp\/v2\/pages\/40\/revisions"}],"predecessor-version":[{"id":210,"href":"https:\/\/www.munkavedelem-muveszetesadmin.hu\/index.php\/wp-json\/wp\/v2\/pages\/40\/revisions\/210"}],"up":[{"embeddable":true,"href":"https:\/\/www.munkavedelem-muveszetesadmin.hu\/index.php\/wp-json\/wp\/v2\/pages\/34"}],"wp:attachment":[{"href":"https:\/\/www.munkavedelem-muveszetesadmin.hu\/index.php\/wp-json\/wp\/v2\/media?parent=40"}],"curies":[{"name":"wp","href":"https:\/\/api.w.org\/{rel}","templated":true}]}}