{"id":38,"date":"2019-10-02T13:50:29","date_gmt":"2019-10-02T13:50:29","guid":{"rendered":"http:\/\/www.munkavedelem-muveszetesadmin.hu\/?page_id=38"},"modified":"2020-01-14T08:15:37","modified_gmt":"2020-01-14T08:15:37","slug":"munkavallalok-reszere","status":"publish","type":"page","link":"https:\/\/www.munkavedelem-muveszetesadmin.hu\/index.php\/tudasfelmero\/munkavallalok-reszere\/","title":{"rendered":"Munkav\u00e1llal\u00f3k r\u00e9sz\u00e9re"},"content":{"rendered":"<p><strong>K\u00e9rj\u00fck adja meg e-mail c\u00edm\u00e9t, amire a rendszer a kit\u00f6lt\u00e9s v\u00e9gezt\u00e9vel elk\u00fcldi \u00d6nnek az eredm\u00e9ny\u00e9t!<\/strong><\/p>\n<p>El\u00e9rhet\u0151 maxim\u00e1lis pontsz\u00e1m: 34 pont<br \/>A \u201cmegfelelt\u201d szinthez sz\u00fcks\u00e9ges pontsz\u00e1m: 29 pont<\/p>\n<p>\u00a0<\/p>\n\n<div id=\"watu_quiz\" class=\"quiz-area single-page-quiz\">\n<form action=\"\" method=\"post\" class=\"quiz-form \" id=\"quiz-6\" >\n\t<p class=\"watu_taker_email\">Please enter your email: <input type=\"text\" name=\"watu_taker_email\" id=\"watuTakerEmail\"><\/p>\n<div class='watu-question' id='question-1'><div class='question-content'><p><span class='watu_num'>1. <\/span><strong>A felsoroltak k\u00f6z\u00fcl, melyik a munkav\u00e9delmi dokumentum? (3 pont)<\/strong><\/p>\n<\/div><input type='hidden' name='question_id[]' value='110' \/><div class='watu-questions-wrap '><input type='hidden' name='answer_ids[]' class='watu-answer-ids' value='631' \/><div class='watu-question-choice'><input type='radio' name='answer-110[]' id='answer-id-631' class='answer answer-1  answerof-110' value='631' \/>&nbsp;<label for='answer-id-631' id='answer-label-631' class=' answer label-1'><span class='answer'>T\u0171zv\u00e9delmi szab\u00e1lyzat.<\/span><\/label><\/div>\n<input type='hidden' name='answer_ids[]' class='watu-answer-ids' value='632' \/><div class='watu-question-choice'><input type='radio' name='answer-110[]' id='answer-id-632' class='answer answer-1  answerof-110' value='632' \/>&nbsp;<label for='answer-id-632' id='answer-label-632' class=' answer label-1'><span class='answer'>\u00c9rint\u00e9sv\u00e9delmi fel\u00fclvizsg\u00e1lati jegyz\u0151k\u00f6nyv.<\/span><\/label><\/div>\n<input type='hidden' name='answer_ids[]' class='watu-answer-ids' value='633' \/><div class='watu-question-choice'><input type='radio' name='answer-110[]' id='answer-id-633' class='answer answer-1  answerof-110' value='633' \/>&nbsp;<label for='answer-id-633' id='answer-label-633' class=' answer label-1'><span class='answer'>K\u00f6rnyezetir\u00e1ny\u00edt\u00e1si elj\u00e1r\u00e1s rend.<\/span><\/label><\/div>\n<\/div><input type='hidden' id='questionType1' value='radio' class=''><\/div><div class='watu-question' id='question-2'><div class='question-content'><p><span class='watu_num'>2. <\/span><strong>Melyik \u00e1ll\u00edt\u00e1s igaz? (4 pont)<\/strong><\/p>\n<\/div><input type='hidden' name='question_id[]' value='111' \/><div class='watu-questions-wrap '><input type='hidden' name='answer_ids[]' class='watu-answer-ids' value='634' \/><div class='watu-question-choice'><input type='radio' name='answer-111[]' id='answer-id-634' class='answer answer-2  answerof-111' value='634' \/>&nbsp;<label for='answer-id-634' id='answer-label-634' class=' answer label-2'><span class='answer'>A munkav\u00e1llal\u00f3nak nem k\u00f6teless\u00e9ge a munkav\u00e9gz\u00e9sre alkalmas \u00e1llapotban megjelenni, a munkav\u00e9delmi oktat\u00e1snak megfelel\u0151en v\u00e9gezni a munk\u00e1j\u00e1t.<\/span><\/label><\/div>\n<input type='hidden' name='answer_ids[]' class='watu-answer-ids' value='635' \/><div class='watu-question-choice'><input type='radio' name='answer-111[]' id='answer-id-635' class='answer answer-2  answerof-111' value='635' \/>&nbsp;<label for='answer-id-635' id='answer-label-635' class=' answer label-2'><span class='answer'>A munkav\u00e1llal\u00f3 k\u00f6teless\u00e9ge a munk\u00e1ja biztons\u00e1gos elv\u00e9gz\u00e9s\u00e9hez sz\u00fcks\u00e9ges ismereteket elsaj\u00e1t\u00edtani.<\/span><\/label><\/div>\n<input type='hidden' name='answer_ids[]' class='watu-answer-ids' value='636' \/><div class='watu-question-choice'><input type='radio' name='answer-111[]' id='answer-id-636' class='answer answer-2  answerof-111' value='636' \/>&nbsp;<label for='answer-id-636' id='answer-label-636' class=' answer label-2'><span class='answer'>A munk\u00e1ltat\u00f3nak k\u00f6teless\u00e9ge a s\u00e9r\u00fclt munkav\u00e1llal\u00f3j\u00e1nak szem\u00e9lyes \u00e1pol\u00e1sa, ha munkahelyi balesetben s\u00e9r\u00fclt meg.<\/span><\/label><\/div>\n<\/div><input type='hidden' id='questionType2' value='radio' class=''><\/div><div class='watu-question' id='question-3'><div class='question-content'><p><span class='watu_num'>3. <\/span><strong>V\u00e1lassza ki a helyes megfogalmaz\u00e1st az al\u00e1bbiak k\u00f6z\u00fcl! (4 pont)<\/strong><\/p>\n<\/div><input type='hidden' name='question_id[]' value='112' \/><div class='watu-questions-wrap '><input type='hidden' name='answer_ids[]' class='watu-answer-ids' value='637' \/><div class='watu-question-choice'><input type='radio' name='answer-112[]' id='answer-id-637' class='answer answer-3  answerof-112' value='637' \/>&nbsp;<label for='answer-id-637' id='answer-label-637' class=' answer label-3'><span class='answer'>Pszichoszoci\u00e1lis kock\u00e1zatnak min\u0151s\u00fcl a munkav\u00e1llal\u00f3t a munkahely\u00e9n \u00e9r\u0151 azon hat\u00e1sok (konfliktusok, munkaszervez\u00e9s, munkarend, foglalkoztat\u00e1si jogviszony bizonytalans\u00e1ga stb.) \u00f6sszess\u00e9ge, amelyek befoly\u00e1solj\u00e1k az e hat\u00e1sokra adott v\u00e1laszreakci\u00f3it, illet\u0151leg ezzel \u00f6sszef\u00fcgg\u00e9sben stressz, munkabaleset, lelki eredet\u0171 szervi (pszichoszomatikus) megbeteged\u00e9s k\u00f6vetkezhet be.<\/span><\/label><\/div>\n<input type='hidden' name='answer_ids[]' class='watu-answer-ids' value='638' \/><div class='watu-question-choice'><input type='radio' name='answer-112[]' id='answer-id-638' class='answer answer-3  answerof-112' value='638' \/>&nbsp;<label for='answer-id-638' id='answer-label-638' class=' answer label-3'><span class='answer'>Pszichoszoci\u00e1lis kock\u00e1zatnak min\u0151s\u00fcl a munkav\u00e1llal\u00f3t az otthon\u00e1ban \u00e9s m\u00e1shol \u00e9r\u0151 azon hat\u00e1sok (s\u00e9r\u00fcl\u00e9sek, csonkul\u00e1sok, z\u00faz\u00f3d\u00e1sok stb.) \u00f6sszess\u00e9ge, amelyek befoly\u00e1solj\u00e1k az e hat\u00e1sokra adott v\u00e1laszreakci\u00f3it, illet\u0151leg ezzel \u00f6sszef\u00fcgg\u00e9sben stressz, munkabaleset, lelki eredet\u0171 szervi (pszichoszomatikus) megbeteged\u00e9s k\u00f6vetkezhet be.<\/span><\/label><\/div>\n<input type='hidden' name='answer_ids[]' class='watu-answer-ids' value='639' \/><div class='watu-question-choice'><input type='radio' name='answer-112[]' id='answer-id-639' class='answer answer-3  answerof-112' value='639' \/>&nbsp;<label for='answer-id-639' id='answer-label-639' class=' answer label-3'><span class='answer'>Pszichoszoci\u00e1lis kock\u00e1zatnak min\u0151s\u00fcl a munkav\u00e1llal\u00f3t a munkahely\u00e9n \u00e9s az utc\u00e1n \u00e9r\u0151 azon szem\u00e9lyis\u00e9g jegyek (mogorvas\u00e1g, z\u00e1rk\u00f3zotts\u00e1g, vid\u00e1ms\u00e1g, magabiztoss\u00e1g stb.) \u00f6sszess\u00e9ge, amelyek befoly\u00e1solj\u00e1k az e hat\u00e1sokra adott v\u00e1laszreakci\u00f3it, illet\u0151leg ezzel \u00f6sszef\u00fcgg\u00e9sben distressz vagyis pozit\u00edv stressz k\u00f6vetkezhet be.<\/span><\/label><\/div>\n<\/div><input type='hidden' id='questionType3' value='radio' class=''><\/div><div class='watu-question' id='question-4'><div class='question-content'><p><span class='watu_num'>4. <\/span><strong>V\u00e1lassza ki az al\u00e1bbi felsorol\u00e1sb\u00f3l a munkabiztons\u00e1gra vonatkoz\u00f3 meg\u00e1llap\u00edt\u00e1sokat! (5 pont)<\/strong><\/p>\n<\/div><input type='hidden' name='question_id[]' value='113' \/><div class='watu-questions-wrap '><input type='hidden' name='answer_ids[]' class='watu-answer-ids' value='640' \/><div class='watu-question-choice'><input type='radio' name='answer-113[]' id='answer-id-640' class='answer answer-4  answerof-113' value='640' \/>&nbsp;<label for='answer-id-640' id='answer-label-640' class=' answer label-4'><span class='answer'>A munkak\u00f6r\u00fclm\u00e9nyek \u00e9s a munkav\u00e9gz\u00e9s szab\u00e1lyait hat\u00e1rozza meg.<\/span><\/label><\/div>\n<input type='hidden' name='answer_ids[]' class='watu-answer-ids' value='641' \/><div class='watu-question-choice'><input type='radio' name='answer-113[]' id='answer-id-641' class='answer answer-4  answerof-113' value='641' \/>&nbsp;<label for='answer-id-641' id='answer-label-641' class=' answer label-4'><span class='answer'>Tev\u00e9kenys\u00e9ge a foglalkoz\u00e1si-megbeteged\u00e9sek megel\u0151z\u00e9s\u00e9re ir\u00e1nyul.<\/span><\/label><\/div>\n<input type='hidden' name='answer_ids[]' class='watu-answer-ids' value='642' \/><div class='watu-question-choice'><input type='radio' name='answer-113[]' id='answer-id-642' class='answer answer-4  answerof-113' value='642' \/>&nbsp;<label for='answer-id-642' id='answer-label-642' class=' answer label-4'><span class='answer'>A munkak\u00f6rnyezetb\u0151l sz\u00e1rmaz\u00f3 eg\u00e9szs\u00e9gk\u00e1ros\u00edt\u00f3 vesz\u00e9lyek \u00e9s kock\u00e1zatok felismer\u00e9s\u00e9vel, m\u00e9r\u00e9s\u00e9vel, \u00e9rt\u00e9kel\u00e9s\u00e9vel \u00e9s kezel\u00e9s\u00e9vel foglalkozik.<\/span><\/label><\/div>\n<\/div><input type='hidden' id='questionType4' value='radio' class=''><\/div><div class='watu-question' id='question-5'><div class='question-content'><p><span class='watu_num'>5. <\/span><strong>A polcon t\u00e1rolt k\u00f6nyvek\u2026.! (5 pont)<\/strong><\/p>\n<\/div><input type='hidden' name='question_id[]' value='114' \/><div class='watu-questions-wrap '><input type='hidden' name='answer_ids[]' class='watu-answer-ids' value='643' \/><div class='watu-question-choice'><input type='radio' name='answer-114[]' id='answer-id-643' class='answer answer-5  answerof-114' value='643' \/>&nbsp;<label for='answer-id-643' id='answer-label-643' class=' answer label-5'><span class='answer'>Okozhatnak v\u00e1gott \u00e9s z\u00faz\u00f3d\u00e1sos, fej-, k\u00e9z- \u00e9s l\u00e1bs\u00e9r\u00fcl\u00e9seket, valamint a megtelepedett por, allergi\u00e1t \u00e9s t\u00fcd\u0151betegs\u00e9geket v\u00e1lthatnak ki.<\/span><\/label><\/div>\n<input type='hidden' name='answer_ids[]' class='watu-answer-ids' value='644' \/><div class='watu-question-choice'><input type='radio' name='answer-114[]' id='answer-id-644' class='answer answer-5  answerof-114' value='644' \/>&nbsp;<label for='answer-id-644' id='answer-label-644' class=' answer label-5'><span class='answer'>Semmilyen vesz\u00e9lyt nem hordoznak, csak ha elolvass\u00e1k \u0151ket.<\/span><\/label><\/div>\n<input type='hidden' name='answer_ids[]' class='watu-answer-ids' value='645' \/><div class='watu-question-choice'><input type='radio' name='answer-114[]' id='answer-id-645' class='answer answer-5  answerof-114' value='645' \/>&nbsp;<label for='answer-id-645' id='answer-label-645' class=' answer label-5'><span class='answer'>Okozhatnak biol\u00f3giai \u00e9s fizikai kock\u00e1zatot, mert poratka lehet rajta, meg eleshet\u00fcnk a polcok k\u00f6z\u00f6tt ha kicsi a hely.<\/span><\/label><\/div>\n<\/div><input type='hidden' id='questionType5' value='radio' class=''><\/div><div class='watu-question' id='question-6'><div class='question-content'><p><span class='watu_num'>6. <\/span><strong>Melyik \u00e1ll\u00edt\u00e1s igaz a vesz\u00e9lyes anyagok \u00e9s k\u00e9sz\u00edtm\u00e9nyek (pl.: vegyszerek, tiszt\u00edt\u00f3szerek, stb.) munkahelyen t\u00f6rt\u00e9n\u0151 megfelel\u0151 t\u00e1rol\u00e1s\u00e1ra? (4 pont)<\/strong><\/p>\n<\/div><input type='hidden' name='question_id[]' value='115' \/><div class='watu-questions-wrap '><input type='hidden' name='answer_ids[]' class='watu-answer-ids' value='646' \/><div class='watu-question-choice'><input type='radio' name='answer-115[]' id='answer-id-646' class='answer answer-6  answerof-115' value='646' \/>&nbsp;<label for='answer-id-646' id='answer-label-646' class=' answer label-6'><span class='answer'>Vesz\u00e9lyes anyagot a munkahelyen b\u00e1rmilyen flakonban lehet t\u00e1rolni, csak legyen rajta felirat.<\/span><\/label><\/div>\n<input type='hidden' name='answer_ids[]' class='watu-answer-ids' value='647' \/><div class='watu-question-choice'><input type='radio' name='answer-115[]' id='answer-id-647' class='answer answer-6  answerof-115' value='647' \/>&nbsp;<label for='answer-id-647' id='answer-label-647' class=' answer label-6'><span class='answer'>A foly\u00e9kony vesz\u00e9lyes anyagok t\u00e1rol\u00e1sa csak megfelel\u0151 \u0171rm\u00e9ret\u0171 k\u00e1rment\u0151 ed\u00e9nyzeten szab\u00e1lyos, mely megakad\u00e1lyozza az anyag sz\u00e9tfoly\u00e1s\u00e1t \u00e9s term\u00e9szetbe jut\u00e1s\u00e1t.<\/span><\/label><\/div>\n<input type='hidden' name='answer_ids[]' class='watu-answer-ids' value='648' \/><div class='watu-question-choice'><input type='radio' name='answer-115[]' id='answer-id-648' class='answer answer-6  answerof-115' value='648' \/>&nbsp;<label for='answer-id-648' id='answer-label-648' class=' answer label-6'><span class='answer'>B\u00e1rmilyen vesz\u00e9lyes anyag t\u00e1rolhat\u00f3 egy\u00fctt, b\u00e1rmilyen vesz\u00e9lyes vagy nem vesz\u00e9lyes anyaggal.<\/span><\/label><\/div>\n<input type='hidden' name='answer_ids[]' class='watu-answer-ids' value='649' \/><div class='watu-question-choice'><input type='radio' name='answer-115[]' id='answer-id-649' class='answer answer-6  answerof-115' value='649' \/>&nbsp;<label for='answer-id-649' id='answer-label-649' class=' answer label-6'><span class='answer'>Csak annak kell v\u00e9d\u0151keszty\u0171t viselnie a vesz\u00e9lyes anyagok kezel\u00e9se sor\u00e1n, aki beleny\u00fal a vesz\u00e9lyes anyagba k\u00f6zvetlen\u00fcl, a flakont meglehet fogni an\u00e9lk\u00fcl is.<\/span><\/label><\/div>\n<\/div><input type='hidden' id='questionType6' value='radio' class=''><\/div><div class='watu-question' id='question-7'><div class='question-content'><p><span class='watu_num'>7. <\/span><strong>V\u00e1lassza ki az al\u00e1bbi felsorol\u00e1sb\u00f3l a k\u00fcl- \u00e9s belt\u00e9ri sz\u00ednpadi munka sor\u00e1n felmer\u00fcl\u0151 vesz\u00e9lyforr\u00e1st! (4 pont)<\/strong><\/p>\n<\/div><input type='hidden' name='question_id[]' value='116' \/><div class='watu-questions-wrap '><input type='hidden' name='answer_ids[]' class='watu-answer-ids' value='650' \/><div class='watu-question-choice'><input type='radio' name='answer-116[]' id='answer-id-650' class='answer answer-7  answerof-116' value='650' \/>&nbsp;<label for='answer-id-650' id='answer-label-650' class=' answer label-7'><span class='answer'>Pszichoszoci\u00e1lis vesz\u00e9lyforr\u00e1s.<\/span><\/label><\/div>\n<input type='hidden' name='answer_ids[]' class='watu-answer-ids' value='651' \/><div class='watu-question-choice'><input type='radio' name='answer-116[]' id='answer-id-651' class='answer answer-7  answerof-116' value='651' \/>&nbsp;<label for='answer-id-651' id='answer-label-651' class=' answer label-7'><span class='answer'>K\u00e9miai vesz\u00e9lyforr\u00e1s.<\/span><\/label><\/div>\n<input type='hidden' name='answer_ids[]' class='watu-answer-ids' value='652' \/><div class='watu-question-choice'><input type='radio' name='answer-116[]' id='answer-id-652' class='answer answer-7  answerof-116' value='652' \/>&nbsp;<label for='answer-id-652' id='answer-label-652' class=' answer label-7'><span class='answer'>Radioakt\u00edv vesz\u00e9lyforr\u00e1s.<\/span><\/label><\/div>\n<\/div><input type='hidden' id='questionType7' value='radio' class=''><\/div><div class='watu-question' id='question-8'><div class='question-content'><p><span class='watu_num'>8. <\/span><strong>V\u00e9lem\u00e9nye szerint az adminisztr\u00e1ci\u00f3, szolg\u00e1ltat\u00e1st t\u00e1mogat\u00f3 tev\u00e9kenys\u00e9g \u00e9s m\u0171v\u00e9szet, sz\u00f3rakoztat\u00e1s, szabadid\u0151 \u00e1gazatokban, a 2018-as \u00e9vben sz\u00e1mszer\u0171en mennyi volt a munkabalesetek sz\u00e1ma? (1 pont)<\/strong><\/p>\n<\/div><input type='hidden' name='question_id[]' value='117' \/><div class='watu-questions-wrap '><input type='hidden' name='answer_ids[]' class='watu-answer-ids' value='653' \/><div class='watu-question-choice'><input type='radio' name='answer-117[]' id='answer-id-653' class='answer answer-8  answerof-117' value='653' \/>&nbsp;<label for='answer-id-653' id='answer-label-653' class=' answer label-8'><span class='answer'>Kevesebb, mint 500.<\/span><\/label><\/div>\n<input type='hidden' name='answer_ids[]' class='watu-answer-ids' value='654' \/><div class='watu-question-choice'><input type='radio' name='answer-117[]' id='answer-id-654' class='answer answer-8  answerof-117' value='654' \/>&nbsp;<label for='answer-id-654' id='answer-label-654' class=' answer label-8'><span class='answer'>500 \u00e9s 1200 k\u00f6z\u00f6tt.<\/span><\/label><\/div>\n<input type='hidden' name='answer_ids[]' class='watu-answer-ids' value='655' \/><div class='watu-question-choice'><input type='radio' name='answer-117[]' id='answer-id-655' class='answer answer-8  answerof-117' value='655' \/>&nbsp;<label for='answer-id-655' id='answer-label-655' class=' answer label-8'><span class='answer'>T\u00f6bb, mint 1200.<\/span><\/label><\/div>\n<\/div><input type='hidden' id='questionType8' value='radio' class=''><\/div><div class='watu-question' id='question-9'><div class='question-content'><p><span class='watu_num'>9. <\/span><strong>A k\u00e9perny\u0151 el\u0151tti munkav\u00e9gz\u00e9sn\u00e9l a monitor \u2026\u2026 . Fejezze be a mondatot helyesen! (3 pont)<\/strong><\/p>\n<\/div><input type='hidden' name='question_id[]' value='118' \/><div class='watu-questions-wrap '><input type='hidden' name='answer_ids[]' class='watu-answer-ids' value='656' \/><div class='watu-question-choice'><input type='radio' name='answer-118[]' id='answer-id-656' class='answer answer-9  answerof-118' value='656' \/>&nbsp;<label for='answer-id-656' id='answer-label-656' class=' answer label-9'><span class='answer'>A munkaasztalon \u00fagy legyen elhelyezve, hogy ne s\u00fcss\u00f6n r\u00e1 a nap.<\/span><\/label><\/div>\n<input type='hidden' name='answer_ids[]' class='watu-answer-ids' value='657' \/><div class='watu-question-choice'><input type='radio' name='answer-118[]' id='answer-id-657' class='answer answer-9  answerof-118' value='657' \/>&nbsp;<label for='answer-id-657' id='answer-label-657' class=' answer label-9'><span class='answer'>A munkaasztalon a szem\u00fcnkt\u0151l kb. 50-70 cm-re legye, kiss\u00e9 megd\u00f6ntve.<\/span><\/label><\/div>\n<input type='hidden' name='answer_ids[]' class='watu-answer-ids' value='658' \/><div class='watu-question-choice'><input type='radio' name='answer-118[]' id='answer-id-658' class='answer answer-9  answerof-118' value='658' \/>&nbsp;<label for='answer-id-658' id='answer-label-658' class=' answer label-9'><span class='answer'>Min\u00e9l nagyobb legyen, hogy mindent j\u00f3l l\u00e1thassunk rajta, m\u00e9g a kicsi k\u00e9peket \u00e9s \u00e1br\u00e1kat is.<\/span><\/label><\/div>\n<\/div><input type='hidden' id='questionType9' value='radio' class=''><\/div><div class='watu-question' id='question-10'><div class='question-content'><p><span class='watu_num'>10. <\/span><strong>\u00d6n szerint az els\u0151seg\u00e9lyny\u00fajt\u00f3 helyet hogyan jelzik? Mit kell oda kihelyezni? (1 pont)<\/strong><\/p>\n<\/div><input type='hidden' name='question_id[]' value='119' \/><div class='watu-questions-wrap '><input type='hidden' name='answer_ids[]' class='watu-answer-ids' value='659' \/><div class='watu-question-choice'><input type='radio' name='answer-119[]' id='answer-id-659' class='answer answer-10  answerof-119' value='659' \/>&nbsp;<label for='answer-id-659' id='answer-label-659' class=' answer label-10'><span class='answer'>Piros t\u00e1bl\u00e1n, nagy feh\u00e9r bet\u0171kkel szerepel az els\u0151seg\u00e9lyny\u00fajt\u00f3-hely megnevez\u00e9s \u00e9s egy db aut\u00f3s ment\u0151l\u00e1da ker\u00fcl kihelyez\u00e9sre.<\/span><\/label><\/div>\n<input type='hidden' name='answer_ids[]' class='watu-answer-ids' value='660' \/><div class='watu-question-choice'><input type='radio' name='answer-119[]' id='answer-id-660' class='answer answer-10  answerof-119' value='660' \/>&nbsp;<label for='answer-id-660' id='answer-label-660' class=' answer label-10'><span class='answer'>Jel\u00f6lni nem sz\u00fcks\u00e9ges az els\u0151seg\u00e9lyny\u00fajt\u00f3-helyet, egy k\u00fcl\u00f6n erre rendszeres\u00edtett, gy\u00f3gyszert\u00e1rban kaphat\u00f3 k\u00e9szletet kell megv\u00e1s\u00e1rolni \u00e9s kihelyezni.<\/span><\/label><\/div>\n<input type='hidden' name='answer_ids[]' class='watu-answer-ids' value='661' \/><div class='watu-question-choice'><input type='radio' name='answer-119[]' id='answer-id-661' class='answer answer-10  answerof-119' value='661' \/>&nbsp;<label for='answer-id-661' id='answer-label-661' class=' answer label-10'><span class='answer'>Z\u00f6ld alapon feh\u00e9r kereszt szerepel a t\u00e1bl\u00e1n \u00e9s munkahelyi els\u0151seg\u00e9lyny\u00fajt\u00f3 l\u00e1d\u00e1t kell kihelyezni.<\/span><\/label><\/div>\n<\/div><input type='hidden' id='questionType10' value='radio' class=''><\/div><div style='display:none' id='question-11'><br \/><div class='question-content'><img loading=\"lazy\" decoding=\"async\" src=\"https:\/\/www.munkavedelem-muveszetesadmin.hu\/wp-content\/plugins\/watu\/loading.gif\" width=\"16\" height=\"16\" alt=\"Loading ...\" title=\"Loading ...\" \/>&nbsp;Loading &#8230;<\/div><\/div><br \/>\n<input type=\"button\" name=\"action\" onclick=\"Watu.submitResult()\" id=\"action-button\" value=\"Befejez\u00e9s\"  class=\"watu-submit-button\" \/>\n<input type=\"hidden\" name=\"no_ajax\" value=\"0\"><input type=\"hidden\" name=\"quiz_id\" value=\"6\" \/>\n<input type=\"hidden\" id=\"watuStartTime\" name=\"start_time\" value=\"2026-04-21 12:10:14\" \/>\n<\/form>\n<\/div>\n<div id=\"watu-loading-result\" style=\"display:none;\">\n\t<p align=\"center\"><img loading=\"lazy\" decoding=\"async\" src=\"https:\/\/www.munkavedelem-muveszetesadmin.hu\/wp-content\/plugins\/watu\/loading.gif\" width=\"16\" height=\"16\" alt=\"Loading\" title=\"Loading\" \/><\/p>\n<\/div>\t\n<script type=\"text\/javascript\">\nvar exam_id=0;\nvar question_ids='';\nvar watuURL='';\njQuery(function($){\nquestion_ids = \"110,111,112,113,114,115,116,117,118,119\";\nexam_id = 6;\nWatu.exam_id = exam_id;\nWatu.qArr = question_ids.split(',');\nWatu.post_id = 38;\nWatu.singlePage = '1';\nWatu.hAppID = \"0.29487000 1776773414\";\nwatuURL = \"https:\/\/www.munkavedelem-muveszetesadmin.hu\/wp-admin\/admin-ajax.php\";\nWatu.noAlertUnanswered = 0;\n});\n<\/script>\n","protected":false},"excerpt":{"rendered":"<p>K\u00e9rj\u00fck adja meg e-mail c\u00edm\u00e9t, amire a rendszer a kit\u00f6lt\u00e9s v\u00e9gezt\u00e9vel elk\u00fcldi \u00d6nnek az eredm\u00e9ny\u00e9t! El\u00e9rhet\u0151 maxim\u00e1lis pontsz\u00e1m: 34 pontA \u201cmegfelelt\u201d szinthez sz\u00fcks\u00e9ges pontsz\u00e1m: 29 pont \u00a0<\/p>\n","protected":false},"author":2,"featured_media":0,"parent":34,"menu_order":0,"comment_status":"closed","ping_status":"closed","template":"","meta":{"footnotes":""},"class_list":["post-38","page","type-page","status-publish","hentry"],"_links":{"self":[{"href":"https:\/\/www.munkavedelem-muveszetesadmin.hu\/index.php\/wp-json\/wp\/v2\/pages\/38","targetHints":{"allow":["GET"]}}],"collection":[{"href":"https:\/\/www.munkavedelem-muveszetesadmin.hu\/index.php\/wp-json\/wp\/v2\/pages"}],"about":[{"href":"https:\/\/www.munkavedelem-muveszetesadmin.hu\/index.php\/wp-json\/wp\/v2\/types\/page"}],"author":[{"embeddable":true,"href":"https:\/\/www.munkavedelem-muveszetesadmin.hu\/index.php\/wp-json\/wp\/v2\/users\/2"}],"replies":[{"embeddable":true,"href":"https:\/\/www.munkavedelem-muveszetesadmin.hu\/index.php\/wp-json\/wp\/v2\/comments?post=38"}],"version-history":[{"count":4,"href":"https:\/\/www.munkavedelem-muveszetesadmin.hu\/index.php\/wp-json\/wp\/v2\/pages\/38\/revisions"}],"predecessor-version":[{"id":209,"href":"https:\/\/www.munkavedelem-muveszetesadmin.hu\/index.php\/wp-json\/wp\/v2\/pages\/38\/revisions\/209"}],"up":[{"embeddable":true,"href":"https:\/\/www.munkavedelem-muveszetesadmin.hu\/index.php\/wp-json\/wp\/v2\/pages\/34"}],"wp:attachment":[{"href":"https:\/\/www.munkavedelem-muveszetesadmin.hu\/index.php\/wp-json\/wp\/v2\/media?parent=38"}],"curies":[{"name":"wp","href":"https:\/\/api.w.org\/{rel}","templated":true}]}}