{"id":36,"date":"2019-10-02T13:50:12","date_gmt":"2019-10-02T13:50:12","guid":{"rendered":"http:\/\/www.munkavedelem-muveszetesadmin.hu\/?page_id=36"},"modified":"2020-01-14T08:10:35","modified_gmt":"2020-01-14T08:10:35","slug":"munkaltatok-reszere","status":"publish","type":"page","link":"https:\/\/www.munkavedelem-muveszetesadmin.hu\/index.php\/tudasfelmero\/munkaltatok-reszere\/","title":{"rendered":"Munk\u00e1ltat\u00f3k r\u00e9sz\u00e9re"},"content":{"rendered":"<p><strong>K\u00e9rj\u00fck adja meg e-mail c\u00edm\u00e9t, amire a rendszer a kit\u00f6lt\u00e9s v\u00e9gezt\u00e9vel elk\u00fcldi \u00d6nnek az eredm\u00e9ny\u00e9t!<\/strong><\/p>\n<p>El\u00e9rhet\u0151 maxim\u00e1lis pontsz\u00e1m: 34 pont<br \/>A \u201cmegfelelt\u201d szinthez sz\u00fcks\u00e9ges pontsz\u00e1m: 29 pont<\/p>\n<p>\u00a0<\/p>\n\n<div id=\"watu_quiz\" class=\"quiz-area single-page-quiz\">\n<form action=\"\" method=\"post\" class=\"quiz-form \" id=\"quiz-5\" >\n\t<p class=\"watu_taker_email\">Please enter your email: <input type=\"text\" name=\"watu_taker_email\" id=\"watuTakerEmail\"><\/p>\n<div class='watu-question' id='question-1'><div class='question-content'><p><span class='watu_num'>1. <\/span><strong>V\u00e1lassza ki a helyes \u00e1ll\u00edt\u00e1st a k\u00e9perny\u0151 el\u0151tti munkav\u00e9gz\u00e9ssel kapcsolatosan. (3 pont)<\/strong><\/p>\n<\/div><input type='hidden' name='question_id[]' value='100' \/><div class='watu-questions-wrap '><input type='hidden' name='answer_ids[]' class='watu-answer-ids' value='600' \/><div class='watu-question-choice'><input type='radio' name='answer-100[]' id='answer-id-600' class='answer answer-1  answerof-100' value='600' \/>&nbsp;<label for='answer-id-600' id='answer-label-600' class=' answer label-1'><span class='answer'>A k\u00e9perny\u0151 el\u0151tti munkav\u00e9gz\u00e9sn\u00e9l b\u00e1rmilyen munkasz\u00e9k \u00e9s munkaasztal alkalmazhat\u00f3, melyen biztons\u00e1gosan tud \u00fclni a munkav\u00e1llal\u00f3.<\/span><\/label><\/div>\n<input type='hidden' name='answer_ids[]' class='watu-answer-ids' value='601' \/><div class='watu-question-choice'><input type='radio' name='answer-100[]' id='answer-id-601' class='answer answer-1  answerof-100' value='601' \/>&nbsp;<label for='answer-id-601' id='answer-label-601' class=' answer label-1'><span class='answer'>A k\u00e9perny\u0151 el\u0151tti munk\u00e1t v\u00e9gz\u0151 munkav\u00e1llal\u00f3k r\u00e9sz\u00e9re \u00f3r\u00e1nk\u00e9nt 10 perc munkak\u00f6zi sz\u00fcnetet kell biztos\u00edtani.<\/span><\/label><\/div>\n<input type='hidden' name='answer_ids[]' class='watu-answer-ids' value='602' \/><div class='watu-question-choice'><input type='radio' name='answer-100[]' id='answer-id-602' class='answer answer-1  answerof-100' value='602' \/>&nbsp;<label for='answer-id-602' id='answer-label-602' class=' answer label-1'><span class='answer'>A munkav\u00e1llal\u00f3k a teljes 8 \u00f3r\u00e1s munkaid\u0151 alatt v\u00e9gezhetnek k\u00e9perny\u0151 el\u0151tti munk\u00e1t, mindenf\u00e9le korl\u00e1toz\u00e1s n\u00e9lk\u00fcl.<\/span><\/label><\/div>\n<\/div><input type='hidden' id='questionType1' value='radio' class=''><\/div><div class='watu-question' id='question-2'><div class='question-content'><p><span class='watu_num'>2. <\/span><strong>Melyik \u00e1ll\u00edt\u00e1s igaz a vesz\u00e9lyes anyagok \u00e9s k\u00e9sz\u00edtm\u00e9nyek (pl.: vegyszerek,\u00a0tiszt\u00edt\u00f3szerek, stb.) munkahelyen t\u00f6rt\u00e9n\u0151 megfelel\u0151 t\u00e1rol\u00e1s\u00e1ra? (4 pont)<\/strong><\/p>\n<\/div><input type='hidden' name='question_id[]' value='101' \/><div class='watu-questions-wrap '><input type='hidden' name='answer_ids[]' class='watu-answer-ids' value='603' \/><div class='watu-question-choice'><input type='radio' name='answer-101[]' id='answer-id-603' class='answer answer-2  answerof-101' value='603' \/>&nbsp;<label for='answer-id-603' id='answer-label-603' class=' answer label-2'><span class='answer'>Vesz\u00e9lyes anyagot a munkahelyen b\u00e1rmilyen flakonban lehet t\u00e1rolni, csak legyen rajta felirat.<\/span><\/label><\/div>\n<input type='hidden' name='answer_ids[]' class='watu-answer-ids' value='604' \/><div class='watu-question-choice'><input type='radio' name='answer-101[]' id='answer-id-604' class='answer answer-2  answerof-101' value='604' \/>&nbsp;<label for='answer-id-604' id='answer-label-604' class=' answer label-2'><span class='answer'>A vesz\u00e9lyes anyagok \u00e9s k\u00e9sz\u00edtm\u00e9nyekhez tartoz\u00f3 biztons\u00e1gi adatlap biztos\u00edt\u00e1sa a munk\u00e1ltat\u00f3 feladata.<\/span><\/label><\/div>\n<input type='hidden' name='answer_ids[]' class='watu-answer-ids' value='605' \/><div class='watu-question-choice'><input type='radio' name='answer-101[]' id='answer-id-605' class='answer answer-2  answerof-101' value='605' \/>&nbsp;<label for='answer-id-605' id='answer-label-605' class=' answer label-2'><span class='answer'>B\u00e1rmilyen vesz\u00e9lyes anyag t\u00e1rolhat\u00f3 egy\u00fctt, b\u00e1rmilyen vesz\u00e9lyes vagy nem vesz\u00e9lyes anyaggal.<\/span><\/label><\/div>\n<input type='hidden' name='answer_ids[]' class='watu-answer-ids' value='606' \/><div class='watu-question-choice'><input type='radio' name='answer-101[]' id='answer-id-606' class='answer answer-2  answerof-101' value='606' \/>&nbsp;<label for='answer-id-606' id='answer-label-606' class=' answer label-2'><span class='answer'>Csak annak a munkav\u00e1llal\u00f3nak kell egy\u00e9ni v\u00e9d\u0151felszerel\u00e9sk\u00e9nt v\u00e9d\u0151keszty\u0171t biztos\u00edtani, aki a vesz\u00e9lyes anyagok kezel\u00e9se sor\u00e1n, beleny\u00fal a vesz\u00e9lyes anyagba k\u00f6zvetlen\u00fcl.<\/span><\/label><\/div>\n<\/div><input type='hidden' id='questionType2' value='radio' class=''><\/div><div class='watu-question' id='question-3'><div class='question-content'><p><span class='watu_num'>3. <\/span><strong>V\u00e1lassza ki az al\u00e1bbi felsorol\u00e1sb\u00f3l a munk\u00e1ltat\u00f3i feladatokat! (5 pont)<\/strong><\/p>\n<\/div><input type='hidden' name='question_id[]' value='102' \/><div class='watu-questions-wrap '><input type='hidden' name='answer_ids[]' class='watu-answer-ids' value='607' \/><div class='watu-question-choice'><input type='radio' name='answer-102[]' id='answer-id-607' class='answer answer-3  answerof-102' value='607' \/>&nbsp;<label for='answer-id-607' id='answer-label-607' class=' answer label-3'><span class='answer'>Az eg\u00e9szs\u00e9get nem vesz\u00e9lyeztet\u0151, biztons\u00e1gos munkav\u00e9gz\u00e9s felt\u00e9teleinek megteremt\u00e9se.<\/span><\/label><\/div>\n<input type='hidden' name='answer_ids[]' class='watu-answer-ids' value='608' \/><div class='watu-question-choice'><input type='radio' name='answer-102[]' id='answer-id-608' class='answer answer-3  answerof-102' value='608' \/>&nbsp;<label for='answer-id-608' id='answer-label-608' class=' answer label-3'><span class='answer'>A munkav\u00e1llal\u00f3k munkav\u00e9delmi \u00e9rdekeinek k\u00e9pviselete.<\/span><\/label><\/div>\n<input type='hidden' name='answer_ids[]' class='watu-answer-ids' value='609' \/><div class='watu-question-choice'><input type='radio' name='answer-102[]' id='answer-id-609' class='answer answer-3  answerof-102' value='609' \/>&nbsp;<label for='answer-id-609' id='answer-label-609' class=' answer label-3'><span class='answer'>A munkav\u00e9gz\u00e9shez sz\u00fcks\u00e9ges munkabiztons\u00e1gi \u00e9s eg\u00e9szs\u00e9gv\u00e9delmi ismeretek elsaj\u00e1t\u00edt\u00e1sa \u00e9s alkalmaz\u00e1sa a munkav\u00e9gz\u00e9s teljes id\u0151tartama alatt.<\/span><\/label><\/div>\n<\/div><input type='hidden' id='questionType3' value='radio' class=''><\/div><div class='watu-question' id='question-4'><div class='question-content'><p><span class='watu_num'>4. <\/span><strong>A polcos t\u00e1rol\u00e1s sor\u00e1n\u2026.! (5 pont)<\/strong><\/p>\n<\/div><input type='hidden' name='question_id[]' value='103' \/><div class='watu-questions-wrap '><input type='hidden' name='answer_ids[]' class='watu-answer-ids' value='610' \/><div class='watu-question-choice'><input type='radio' name='answer-103[]' id='answer-id-610' class='answer answer-4  answerof-103' value='610' \/>&nbsp;<label for='answer-id-610' id='answer-label-610' class=' answer label-4'><span class='answer'>A teherb\u00edr\u00e1st polconk\u00e9nt kell felt\u00fcntetni \u00e9s \u00e9vente ellen\u0151rizni sz\u00fcks\u00e9ges a polcok \u00e1llapot\u00e1t, s\u00e9r\u00fcl\u00e9s \u00e9s deform\u00e1ci\u00f3 mentess\u00e9g\u00e9t.<\/span><\/label><\/div>\n<input type='hidden' name='answer_ids[]' class='watu-answer-ids' value='611' \/><div class='watu-question-choice'><input type='radio' name='answer-103[]' id='answer-id-611' class='answer answer-4  answerof-103' value='611' \/>&nbsp;<label for='answer-id-611' id='answer-label-611' class=' answer label-4'><span class='answer'>Rendszeresen kell portalan\u00edtani a poratk\u00e1t okozta vesz\u00e9lyek miatt.<\/span><\/label><\/div>\n<input type='hidden' name='answer_ids[]' class='watu-answer-ids' value='612' \/><div class='watu-question-choice'><input type='radio' name='answer-103[]' id='answer-id-612' class='answer answer-4  answerof-103' value='612' \/>&nbsp;<label for='answer-id-612' id='answer-label-612' class=' answer label-4'><span class='answer'>V\u00e9d\u0151sisakot kell biztos\u00edtani azon munkav\u00e1llal\u00f3k r\u00e9sz\u00e9re, akik a polcok k\u00f6z\u00f6tt v\u00e9geznek munk\u00e1t, h\u00e1tha valami a fej\u00fckre esik.<\/span><\/label><\/div>\n<\/div><input type='hidden' id='questionType4' value='radio' class=''><\/div><div class='watu-question' id='question-5'><div class='question-content'><p><span class='watu_num'>5. <\/span><strong>Melyik \u00e1ll\u00edt\u00e1s igaz? (4 pont)<\/strong><\/p>\n<\/div><input type='hidden' name='question_id[]' value='104' \/><div class='watu-questions-wrap '><input type='hidden' name='answer_ids[]' class='watu-answer-ids' value='613' \/><div class='watu-question-choice'><input type='radio' name='answer-104[]' id='answer-id-613' class='answer answer-5  answerof-104' value='613' \/>&nbsp;<label for='answer-id-613' id='answer-label-613' class=' answer label-5'><span class='answer'>A munk\u00e1ltat\u00f3 k\u00f6telezetts\u00e9ge a munkav\u00e9gz\u00e9shez alkalmas munkaruh\u00e1zat biztos\u00edt\u00e1sa.<\/span><\/label><\/div>\n<input type='hidden' name='answer_ids[]' class='watu-answer-ids' value='614' \/><div class='watu-question-choice'><input type='radio' name='answer-104[]' id='answer-id-614' class='answer answer-5  answerof-104' value='614' \/>&nbsp;<label for='answer-id-614' id='answer-label-614' class=' answer label-5'><span class='answer'>A munk\u00e1ltat\u00f3 k\u00f6telezetts\u00e9ge a megfelel\u0151 mennyis\u00e9g\u0171, tiszta \u00edv\u00f3v\u00edz biztos\u00edt\u00e1sa a munkav\u00e1llal\u00f3k r\u00e9sz\u00e9re.<\/span><\/label><\/div>\n<input type='hidden' name='answer_ids[]' class='watu-answer-ids' value='615' \/><div class='watu-question-choice'><input type='radio' name='answer-104[]' id='answer-id-615' class='answer answer-5  answerof-104' value='615' \/>&nbsp;<label for='answer-id-615' id='answer-label-615' class=' answer label-5'><span class='answer'>A munk\u00e1ltat\u00f3nak k\u00f6teless\u00e9ge a s\u00e9r\u00fclt munkav\u00e1llal\u00f3j\u00e1nak szem\u00e9lyes \u00e1pol\u00e1sa, amennyiben munkahelyi balesetben s\u00e9r\u00fclt meg.<\/span><\/label><\/div>\n<\/div><input type='hidden' id='questionType5' value='radio' class=''><\/div><div class='watu-question' id='question-6'><div class='question-content'><p><span class='watu_num'>6. <\/span><strong>V\u00e1lassza ki az al\u00e1bbi felsorol\u00e1sb\u00f3l a k\u00fcl- \u00e9s belt\u00e9ri sz\u00ednpadi munka sor\u00e1n felmer\u00fcl\u0151 vesz\u00e9lyforr\u00e1st! (4 pont)<\/strong><\/p>\n<\/div><input type='hidden' name='question_id[]' value='105' \/><div class='watu-questions-wrap '><input type='hidden' name='answer_ids[]' class='watu-answer-ids' value='616' \/><div class='watu-question-choice'><input type='radio' name='answer-105[]' id='answer-id-616' class='answer answer-6  answerof-105' value='616' \/>&nbsp;<label for='answer-id-616' id='answer-label-616' class=' answer label-6'><span class='answer'>Eles\u00e9s, elbotl\u00e1s, lezuhan\u00e1s vesz\u00e9lye.<\/span><\/label><\/div>\n<input type='hidden' name='answer_ids[]' class='watu-answer-ids' value='617' \/><div class='watu-question-choice'><input type='radio' name='answer-105[]' id='answer-id-617' class='answer answer-6  answerof-105' value='617' \/>&nbsp;<label for='answer-id-617' id='answer-label-617' class=' answer label-6'><span class='answer'>Vesz\u00e9lyes anyagok sz\u00e9tfoly\u00e1sa, ki\u00f6ml\u00e9se.<\/span><\/label><\/div>\n<input type='hidden' name='answer_ids[]' class='watu-answer-ids' value='618' \/><div class='watu-question-choice'><input type='radio' name='answer-105[]' id='answer-id-618' class='answer answer-6  answerof-105' value='618' \/>&nbsp;<label for='answer-id-618' id='answer-label-618' class=' answer label-6'><span class='answer'>\u00c1llatok, emberek t\u00e1mad\u00e1sa.<\/span><\/label><\/div>\n<\/div><input type='hidden' id='questionType6' value='radio' class=''><\/div><div class='watu-question' id='question-7'><div class='question-content'><p><span class='watu_num'>7. <\/span><strong>V\u00e9lem\u00e9nye szerint az adminisztr\u00e1ci\u00f3, szolg\u00e1ltat\u00e1st t\u00e1mogat\u00f3 tev\u00e9kenys\u00e9g \u00e9s m\u0171v\u00e9szet, sz\u00f3rakoztat\u00e1s, szabadid\u0151 \u00e1gazatokban, a 2018-as \u00e9vben sz\u00e1mszer\u0171en mennyi volt a munkabalesetek sz\u00e1ma? (1 pont)<\/strong><\/p>\n<\/div><input type='hidden' name='question_id[]' value='106' \/><div class='watu-questions-wrap '><input type='hidden' name='answer_ids[]' class='watu-answer-ids' value='619' \/><div class='watu-question-choice'><input type='radio' name='answer-106[]' id='answer-id-619' class='answer answer-7  answerof-106' value='619' \/>&nbsp;<label for='answer-id-619' id='answer-label-619' class=' answer label-7'><span class='answer'>Kevesebb, mint 500.<\/span><\/label><\/div>\n<input type='hidden' name='answer_ids[]' class='watu-answer-ids' value='620' \/><div class='watu-question-choice'><input type='radio' name='answer-106[]' id='answer-id-620' class='answer answer-7  answerof-106' value='620' \/>&nbsp;<label for='answer-id-620' id='answer-label-620' class=' answer label-7'><span class='answer'>500 \u00e9s 1200 k\u00f6z\u00f6tt.<\/span><\/label><\/div>\n<input type='hidden' name='answer_ids[]' class='watu-answer-ids' value='621' \/><div class='watu-question-choice'><input type='radio' name='answer-106[]' id='answer-id-621' class='answer answer-7  answerof-106' value='621' \/>&nbsp;<label for='answer-id-621' id='answer-label-621' class=' answer label-7'><span class='answer'>T\u00f6bb, mint 1200.<\/span><\/label><\/div>\n<\/div><input type='hidden' id='questionType7' value='radio' class=''><\/div><div class='watu-question' id='question-8'><div class='question-content'><p><span class='watu_num'>8. <\/span><strong>V\u00e1lassza ki a helyes megfogalmaz\u00e1st az al\u00e1bbiak k\u00f6z\u00fcl! (4 pont)<\/strong><\/p>\n<\/div><input type='hidden' name='question_id[]' value='107' \/><div class='watu-questions-wrap '><input type='hidden' name='answer_ids[]' class='watu-answer-ids' value='622' \/><div class='watu-question-choice'><input type='radio' name='answer-107[]' id='answer-id-622' class='answer answer-8  answerof-107' value='622' \/>&nbsp;<label for='answer-id-622' id='answer-label-622' class=' answer label-8'><span class='answer'>Pszichoszoci\u00e1lis kock\u00e1zatnak min\u0151s\u00fcl a munkav\u00e1llal\u00f3t a munkahely\u00e9n \u00e9r\u0151 azon hat\u00e1sok (konfliktusok, munkaszervez\u00e9s, munkarend, foglalkoztat\u00e1si jogviszony bizonytalans\u00e1ga stb.) \u00f6sszess\u00e9ge, amelyek befoly\u00e1solj\u00e1k az e hat\u00e1sokra adott v\u00e1laszreakci\u00f3it, illet\u0151leg ezzel \u00f6sszef\u00fcgg\u00e9sben stressz, munkabaleset, lelki eredet\u0171 szervi (pszichoszomatikus) megbeteged\u00e9s k\u00f6vetkezhet be.<\/span><\/label><\/div>\n<input type='hidden' name='answer_ids[]' class='watu-answer-ids' value='623' \/><div class='watu-question-choice'><input type='radio' name='answer-107[]' id='answer-id-623' class='answer answer-8  answerof-107' value='623' \/>&nbsp;<label for='answer-id-623' id='answer-label-623' class=' answer label-8'><span class='answer'>Pszichoszoci\u00e1lis kock\u00e1zatnak min\u0151s\u00fcl a munkav\u00e1llal\u00f3t az otthon\u00e1ban \u00e9s m\u00e1shol \u00e9r\u0151 azon hat\u00e1sok (s\u00e9r\u00fcl\u00e9sek, csonkul\u00e1sok, z\u00faz\u00f3d\u00e1sok stb.) \u00f6sszess\u00e9ge, amelyek befoly\u00e1solj\u00e1k az e hat\u00e1sokra adott v\u00e1laszreakci\u00f3it, illet\u0151leg ezzel \u00f6sszef\u00fcgg\u00e9sben stressz, munkabaleset, lelki eredet\u0171 szervi (pszichoszomatikus) megbeteged\u00e9s k\u00f6vetkezhet be.<\/span><\/label><\/div>\n<input type='hidden' name='answer_ids[]' class='watu-answer-ids' value='624' \/><div class='watu-question-choice'><input type='radio' name='answer-107[]' id='answer-id-624' class='answer answer-8  answerof-107' value='624' \/>&nbsp;<label for='answer-id-624' id='answer-label-624' class=' answer label-8'><span class='answer'>Pszichoszoci\u00e1lis kock\u00e1zatnak min\u0151s\u00fcl a munkav\u00e1llal\u00f3t a munkahely\u00e9n \u00e9s az utc\u00e1n \u00e9r\u0151 azon szem\u00e9lyis\u00e9g jegyek (mogorvas\u00e1g, z\u00e1rk\u00f3zotts\u00e1g, vid\u00e1ms\u00e1g, magabiztoss\u00e1g stb.) \u00f6sszess\u00e9ge, amelyek befoly\u00e1solj\u00e1k az e hat\u00e1sokra adott v\u00e1laszreakci\u00f3it, illet\u0151leg ezzel \u00f6sszef\u00fcgg\u00e9sben distressz vagyis pozit\u00edv stressz k\u00f6vetkezhet be.<\/span><\/label><\/div>\n<\/div><input type='hidden' id='questionType8' value='radio' class=''><\/div><div class='watu-question' id='question-9'><div class='question-content'><p><span class='watu_num'>9. <\/span><strong>V\u00e1lassza ki az els\u0151seg\u00e9lyny\u00fajt\u00f3 felszerel\u00e9sre vonatkoz\u00f3 helyes \u00e1ll\u00edt\u00e1st! (1 pont)<\/strong><\/p>\n<\/div><input type='hidden' name='question_id[]' value='108' \/><div class='watu-questions-wrap '><input type='hidden' name='answer_ids[]' class='watu-answer-ids' value='625' \/><div class='watu-question-choice'><input type='radio' name='answer-108[]' id='answer-id-625' class='answer answer-9  answerof-108' value='625' \/>&nbsp;<label for='answer-id-625' id='answer-label-625' class=' answer label-9'><span class='answer'>Elegend\u0151 a munkahelyen sebtapaszt tartani, mert baleset eset\u00e9n \u00fagyis el kell vinni orvoshoz \u00e9s ott majd rendesen bek\u00f6t\u00f6zik.<\/span><\/label><\/div>\n<input type='hidden' name='answer_ids[]' class='watu-answer-ids' value='626' \/><div class='watu-question-choice'><input type='radio' name='answer-108[]' id='answer-id-626' class='answer answer-9  answerof-108' value='626' \/>&nbsp;<label for='answer-id-626' id='answer-label-626' class=' answer label-9'><span class='answer'>A munkahelyeken a dolgoz\u00f3i l\u00e9tsz\u00e1m f\u00fcggv\u00e9ny\u00e9ben megfelel\u0151 mennyis\u00e9g\u0171 k\u00f6t\u00f6z\u0151szert kell k\u00e9szenl\u00e9tben tartani, melyhez minden munkav\u00e1llal\u00f3 szabadon hozz\u00e1f\u00e9rhet \u00e9s a hely\u00e9t z\u00f6ld alapon feh\u00e9r keresztet \u00e1br\u00e1zol\u00f3 jelz\u0151t\u00e1bl\u00e1val kell jel\u00f6lni.<\/span><\/label><\/div>\n<input type='hidden' name='answer_ids[]' class='watu-answer-ids' value='627' \/><div class='watu-question-choice'><input type='radio' name='answer-108[]' id='answer-id-627' class='answer answer-9  answerof-108' value='627' \/>&nbsp;<label for='answer-id-627' id='answer-label-627' class=' answer label-9'><span class='answer'>A munkahelyeken a dolgoz\u00f3i l\u00e9tsz\u00e1mt\u00f3l f\u00fcggetlen\u00fcl legal\u00e1bb 2 eredeti, bontatlan csomagol\u00e1s\u00fa els\u0151seg\u00e9ly felszerel\u00e9st kell tartani, melyet egy z\u00e1rt szekr\u00e9nyben kell tartani.<\/span><\/label><\/div>\n<\/div><input type='hidden' id='questionType9' value='radio' class=''><\/div><div class='watu-question' id='question-10'><div class='question-content'><p><span class='watu_num'>10. <\/span><strong> A felsoroltak k\u00f6z\u00fcl, melyik a k\u00f6telez\u0151en elk\u00e9sz\u00edtend\u0151 munkav\u00e9delmi dokumentum? (3 pont)<\/strong><\/p>\n<\/div><input type='hidden' name='question_id[]' value='109' \/><div class='watu-questions-wrap '><input type='hidden' name='answer_ids[]' class='watu-answer-ids' value='628' \/><div class='watu-question-choice'><input type='radio' name='answer-109[]' id='answer-id-628' class='answer answer-10  answerof-109' value='628' \/>&nbsp;<label for='answer-id-628' id='answer-label-628' class=' answer label-10'><span class='answer'>Munkav\u00e9delmi szab\u00e1lyzat.<\/span><\/label><\/div>\n<input type='hidden' name='answer_ids[]' class='watu-answer-ids' value='629' \/><div class='watu-question-choice'><input type='radio' name='answer-109[]' id='answer-id-629' class='answer answer-10  answerof-109' value='629' \/>&nbsp;<label for='answer-id-629' id='answer-label-629' class=' answer label-10'><span class='answer'>\u00c9rint\u00e9sv\u00e9delmi fel\u00fclvizsg\u00e1lati jegyz\u0151k\u00f6nyv.<\/span><\/label><\/div>\n<input type='hidden' name='answer_ids[]' class='watu-answer-ids' value='630' \/><div class='watu-question-choice'><input type='radio' name='answer-109[]' id='answer-id-630' class='answer answer-10  answerof-109' value='630' \/>&nbsp;<label for='answer-id-630' id='answer-label-630' class=' answer label-10'><span class='answer'>Munkav\u00e9delmi dokumentumok nyilv\u00e1ntart\u00e1sa.<\/span><\/label><\/div>\n<\/div><input type='hidden' id='questionType10' value='radio' class=''><\/div><div style='display:none' id='question-11'><br \/><div class='question-content'><img loading=\"lazy\" decoding=\"async\" src=\"https:\/\/www.munkavedelem-muveszetesadmin.hu\/wp-content\/plugins\/watu\/loading.gif\" width=\"16\" height=\"16\" alt=\"Loading ...\" title=\"Loading ...\" \/>&nbsp;Loading &#8230;<\/div><\/div><br \/>\n<input type=\"button\" name=\"action\" onclick=\"Watu.submitResult()\" id=\"action-button\" value=\"Befejez\u00e9s\"  class=\"watu-submit-button\" \/>\n<input type=\"hidden\" name=\"no_ajax\" value=\"0\"><input type=\"hidden\" name=\"quiz_id\" value=\"5\" \/>\n<input type=\"hidden\" id=\"watuStartTime\" name=\"start_time\" value=\"2026-04-21 12:09:59\" \/>\n<\/form>\n<\/div>\n<div id=\"watu-loading-result\" style=\"display:none;\">\n\t<p align=\"center\"><img loading=\"lazy\" decoding=\"async\" src=\"https:\/\/www.munkavedelem-muveszetesadmin.hu\/wp-content\/plugins\/watu\/loading.gif\" width=\"16\" height=\"16\" alt=\"Loading\" title=\"Loading\" \/><\/p>\n<\/div>\t\n<script type=\"text\/javascript\">\nvar exam_id=0;\nvar question_ids='';\nvar watuURL='';\njQuery(function($){\nquestion_ids = \"100,101,102,103,104,105,106,107,108,109\";\nexam_id = 5;\nWatu.exam_id = exam_id;\nWatu.qArr = question_ids.split(',');\nWatu.post_id = 36;\nWatu.singlePage = '1';\nWatu.hAppID = \"0.04003300 1776773399\";\nwatuURL = \"https:\/\/www.munkavedelem-muveszetesadmin.hu\/wp-admin\/admin-ajax.php\";\nWatu.noAlertUnanswered = 0;\n});\n<\/script>\n","protected":false},"excerpt":{"rendered":"<p>K\u00e9rj\u00fck adja meg e-mail c\u00edm\u00e9t, amire a rendszer a kit\u00f6lt\u00e9s v\u00e9gezt\u00e9vel elk\u00fcldi \u00d6nnek az eredm\u00e9ny\u00e9t! El\u00e9rhet\u0151 maxim\u00e1lis pontsz\u00e1m: 34 pontA \u201cmegfelelt\u201d szinthez sz\u00fcks\u00e9ges pontsz\u00e1m: 29 pont \u00a0<\/p>\n","protected":false},"author":2,"featured_media":0,"parent":34,"menu_order":0,"comment_status":"closed","ping_status":"closed","template":"","meta":{"footnotes":""},"class_list":["post-36","page","type-page","status-publish","hentry"],"_links":{"self":[{"href":"https:\/\/www.munkavedelem-muveszetesadmin.hu\/index.php\/wp-json\/wp\/v2\/pages\/36","targetHints":{"allow":["GET"]}}],"collection":[{"href":"https:\/\/www.munkavedelem-muveszetesadmin.hu\/index.php\/wp-json\/wp\/v2\/pages"}],"about":[{"href":"https:\/\/www.munkavedelem-muveszetesadmin.hu\/index.php\/wp-json\/wp\/v2\/types\/page"}],"author":[{"embeddable":true,"href":"https:\/\/www.munkavedelem-muveszetesadmin.hu\/index.php\/wp-json\/wp\/v2\/users\/2"}],"replies":[{"embeddable":true,"href":"https:\/\/www.munkavedelem-muveszetesadmin.hu\/index.php\/wp-json\/wp\/v2\/comments?post=36"}],"version-history":[{"count":3,"href":"https:\/\/www.munkavedelem-muveszetesadmin.hu\/index.php\/wp-json\/wp\/v2\/pages\/36\/revisions"}],"predecessor-version":[{"id":207,"href":"https:\/\/www.munkavedelem-muveszetesadmin.hu\/index.php\/wp-json\/wp\/v2\/pages\/36\/revisions\/207"}],"up":[{"embeddable":true,"href":"https:\/\/www.munkavedelem-muveszetesadmin.hu\/index.php\/wp-json\/wp\/v2\/pages\/34"}],"wp:attachment":[{"href":"https:\/\/www.munkavedelem-muveszetesadmin.hu\/index.php\/wp-json\/wp\/v2\/media?parent=36"}],"curies":[{"name":"wp","href":"https:\/\/api.w.org\/{rel}","templated":true}]}}