{"id":341,"date":"2020-02-26T10:27:00","date_gmt":"2020-02-26T10:27:00","guid":{"rendered":"http:\/\/www.munkavedelem-muveszetesadmin.hu\/?page_id=341"},"modified":"2024-07-23T12:12:11","modified_gmt":"2024-07-23T12:12:11","slug":"munkaegeszsegugyi-szakhatosag-es-a-munkavedelmi-felugyelosegek-teruleti-elerhetosegei","status":"publish","type":"page","link":"https:\/\/www.munkavedelem-muveszetesadmin.hu\/index.php\/munkaegeszsegugyi-szakhatosag-es-a-munkavedelmi-felugyelosegek-teruleti-elerhetosegei\/","title":{"rendered":"Munkaeg\u00e9szs\u00e9g\u00fcgyi szakhat\u00f3s\u00e1g \u00e9s a munkav\u00e9delmi fel\u00fcgyel\u0151s\u00e9gek ter\u00fcleti el\u00e9rhet\u0151s\u00e9gei"},"content":{"rendered":"<p><strong>Munkaeg\u00e9szs\u00e9g\u00fcgyi szakhat\u00f3s\u00e1g:<\/strong><br \/>\n<span style=\"text-decoration: underline;\">Nemzeti N\u00e9peg\u00e9szs\u00e9g\u00fcgyi K\u00f6zpont<\/span><br \/>\n<span style=\"text-decoration: underline;\">Munkahigi\u00e9n\u00e9s \u00e9s Foglalkoz\u00e1s-eg\u00e9szs\u00e9g\u00fcgyi F\u0151oszt\u00e1ly<\/span><br \/>\n1096 Budapest, Nagyv\u00e1rad t\u00e9r 2.<br \/>\nTelefon: +36 (1) 459 3051<br \/>\nMobil: +36 30 650 3547<br \/>\nFax: +36 (1) 459 3059<br \/>\nE-mail: <a href=\"mailto:omfi.titkarsag@nnk.gov.hu\">omfi.titkarsag@nnk.gov.hu<\/a><\/p>\n<p><strong>A munkav\u00e9delmi fel\u00fcgyel\u0151s\u00e9g k\u00f6zponti el\u00e9rhet\u0151s\u00e9ge:<\/strong><br \/>\n<span style=\"text-decoration: underline;\">Innov\u00e1ci\u00f3s \u00e9s Technol\u00f3giai Miniszt\u00e9rium<\/span><br \/>\n<span style=\"text-decoration: underline;\">Munkav\u00e9delmi F\u0151oszt\u00e1ly<\/span><br \/>\n1054 Budapest, K\u00e1lm\u00e1n Imre u. 2.<br \/>\nPostac\u00edm: 1440 Budapest Pf. 1.<br \/>\nTelefon: (06 80) 204-292; (06 1) 896-3002<br \/>\nFax: (06 1) 795-0884<br \/>\nEmail:\u00a0<a href=\"mailto:munkavedelmi-foo@itm.gov.hu\">munkavedelmi-foo@itm.gov.hu<\/a><\/p>\n<p><strong>Munkav\u00e9delmi fel\u00fcgyel\u0151s\u00e9g ter\u00fcleti szervei \u00e9s azok el\u00e9rhet\u0151s\u00e9gei:<\/strong><br \/>\n<span style=\"text-decoration: underline;\">Budapest F\u0151v\u00e1ros Korm\u00e1nyhivatala III. Ker\u00fcleti J\u00e1r\u00e1si Hivatal Munkav\u00e9delmi \u00e9s Munka\u00fcgyi F\u0151oszt\u00e1ly;<\/span><br \/>\n<span style=\"text-decoration: underline;\">Munkav\u00e9delmi Ellen\u0151rz\u00e9si Oszt\u00e1ly<\/span><br \/>\n1036 Budapest, V\u00e1radi u. 15.<br \/>\nPostac\u00edm: 1300 Budapest Pf. 44.<br \/>\ntel: 06-1-323-3600<br \/>\nfax: 06-1-323-3602<br \/>\nEmail: munkavedelmi.ellenorzes@mvmu.bfkh.gov.hu, munkavedelem.munkaugy@mvmu.bfkh.gov.hu<\/p>\n<p><span style=\"text-decoration: underline;\">Baranya Megyei Korm\u00e1nyhivatal P\u00e9csi J\u00e1r\u00e1si Hivatal M\u0171szaki Enged\u00e9lyez\u00e9si, Fogyaszt\u00f3v\u00e9delmi \u00e9s Foglalkoztat\u00e1si F\u0151oszt\u00e1ly; Munkav\u00e9delmi \u00e9s Munka\u00fcgyi Oszt\u00e1ly<\/span><br \/>\n7621 P\u00e9cs, Kir\u00e1ly u. 46.<br \/>\nPostac\u00edm: 7602 P\u00e9cs, Pf. 406\/1.<br \/>\ntel: 06-72-896-040<br \/>\nE-mail:\u00a0<a href=\"mailto:pecs.munkaved.munkaugy@baranya.gov.hu\">pecs.munkaved.munkaugy@baranya.gov.hu<\/a><\/p>\n<p><span style=\"text-decoration: underline;\">B\u00e1cs-Kiskun Megyei Korm\u00e1nyhivatal Kecskem\u00e9ti J\u00e1r\u00e1si Hivatal Foglalkoztat\u00e1si, Munka\u00fcgyi \u00e9s Munkav\u00e9delmi F\u0151oszt\u00e1ly; Munka\u00fcgyi \u00e9s Munkav\u00e9delmi Ellen\u0151rz\u00e9si Oszt\u00e1ly<\/span><br \/>\n6000 Kecskem\u00e9t, Klapka u. 34.<br \/>\nPostac\u00edm: 6001 Kecskem\u00e9t, Pf. 230.<br \/>\ntel: 06-76-795-725<br \/>\nfax: 06-76-795-762<br \/>\nS\u00falyos munkabaleset bejelent\u00e9se: 06-30-817-5650<br \/>\nE-mail:\u00a0<a href=\"mailto:munkavedelem-munkaugy@bacs.gov.hu\">munkavedelem-munkaugy@bacs.gov.hu<\/a><\/p>\n<p><span style=\"text-decoration: underline;\">B\u00e9k\u00e9s Megyei Korm\u00e1nyhivatal B\u00e9k\u00e9scsabai J\u00e1r\u00e1si Hivatal M\u0171szaki Enged\u00e9lyez\u00e9si, Fogyaszt\u00f3v\u00e9delmi \u00e9s Foglalkoztat\u00e1si F\u0151oszt\u00e1ly; Munkav\u00e9delmi \u00e9s Munka\u00fcgyi Oszt\u00e1ly<\/span><br \/>\n5600 B\u00e9k\u00e9scsaba, J\u00f3zsef Attila u. 2-4.<br \/>\nPostac\u00edm: 5600 B\u00e9k\u00e9scsaba, J\u00f3zsef Attila u. 2-4.<br \/>\ntel: 06-66-529-440<br \/>\nfax: 06-66-529-467<br \/>\nE-mail:<a href=\"mailto:bekes-kh-ffo-mv@ommf.gov.hu\">\u00a0bekes-kh-ffo-mv@ommf.gov.hu<\/a>,\u00a0<a href=\"mailto:bekes-kh-mmszsz@ommf.gov.hu\">bekes-kh-mmszsz@ommf.gov.hu<\/a><\/p>\n<p><span style=\"text-decoration: underline;\">Borsod-Aba\u00faj-Zempl\u00e9n Megyei Korm\u00e1nyhivatal Miskolci J\u00e1r\u00e1si Hivatal Foglalkoztat\u00e1si, Munka\u00fcgyi \u00e9s Munkav\u00e9delmi F\u0151oszt\u00e1ly; Munka\u00fcgyi \u00e9s Munkav\u00e9delmi Ellen\u0151rz\u00e9si Oszt\u00e1ly<\/span><br \/>\n3530 Miskolc, Mindszent t\u00e9r 3.<br \/>\nPostac\u00edm: 3501 Miskolc, Pf. 173.<br \/>\ntel: 06-46-560-010<br \/>\nfax: 06-46-562-071<br \/>\nE-mail:\u00a0<a href=\"mailto:munkaugy-munkavedelem@borsod.gov.hu\">munkaugy-munkavedelem@borsod.gov.hu<\/a><\/p>\n<p><span style=\"text-decoration: underline;\">Csongr\u00e1d Megyei Korm\u00e1nyhivatal Szegedi J\u00e1r\u00e1si Hivatal Foglalkoztat\u00e1si \u00e9s Fogyaszt\u00f3v\u00e9delmi F\u0151oszt\u00e1ly; Munkav\u00e9delmi \u00e9s Munka\u00fcgyi Oszt\u00e1ly<\/span><br \/>\n6722 Szeged, R\u00e1k\u00f3czi t\u00e9r 1.<br \/>\nPostac\u00edm: 6722 Szeged, R\u00e1k\u00f3czi t\u00e9r 1.<br \/>\ntel: 06-62-680-540<br \/>\nfax: 06-62-680-541<br \/>\nE-mail:\u00a0<a href=\"mailto:mmo@csongrad.gov.hu\">mmo@csongrad.gov.hu<\/a><\/p>\n<p><span style=\"text-decoration: underline;\">Fej\u00e9r Megyei Korm\u00e1nyhivatal Sz\u00e9kesfeh\u00e9rv\u00e1ri J\u00e1r\u00e1si Hivatal M\u0171szaki Enged\u00e9lyez\u00e9si, Fogyaszt\u00f3v\u00e9delmi \u00e9s Foglalkoztat\u00e1si F\u0151oszt\u00e1ly; Munkav\u00e9delmi \u00e9s Munka\u00fcgyi Oszt\u00e1ly<\/span><br \/>\n8000 Sz\u00e9kesfeh\u00e9rv\u00e1r, M\u00e1ty\u00e1s kir\u00e1ly k\u00f6r\u00fat 6.<br \/>\nPostac\u00edm: 8050 Sz\u00e9kesfeh\u00e9rv\u00e1r, Pf. 373.<br \/>\ntel: 06-22-511-000<br \/>\nfax: 06-22-316-577<br \/>\nE-mail:\u00a0<a href=\"mailto:ffmv@fejer.gov.hu\">ffmv@fejer.gov.hu\u00a0<\/a><\/p>\n<p><span style=\"text-decoration: underline;\">Gy\u0151r-Moson-Sopron Megyei Korm\u00e1nyhivatal Gy\u0151ri J\u00e1r\u00e1si Hivatal M\u0171szaki Enged\u00e9lyez\u00e9si, Fogyaszt\u00f3v\u00e9delmi \u00e9s Foglalkoztat\u00e1si F\u0151oszt\u00e1ly; Munkav\u00e9delmi \u00e9s Munka\u00fcgyi Oszt\u00e1ly<\/span><br \/>\n9028 Gy\u0151r, Tatai \u00fat 3. &amp;quot;D&amp;quot; \u00e9p\u00fclet<br \/>\nPostac\u00edm: 9002 Gy\u0151r, Pf. 23.<br \/>\ntel: 06-96-795-871<br \/>\nE-mail:\u00a0<a href=\"mailto:munkavedelem.munkaugy@gyor.gov.hu\">munkavedelem.munkaugy@gyor.gov.hu<\/a><\/p>\n<p><span style=\"text-decoration: underline;\">Hajd\u00fa-Bihar Megyei Korm\u00e1nyhivatal Debreceni J\u00e1r\u00e1si Hivatal Foglalkoztat\u00e1si, Munka\u00fcgyi \u00e9s Munkav\u00e9delmi F\u0151oszt\u00e1ly; Munkav\u00e9delmi Ellen\u0151rz\u00e9si Oszt\u00e1ly<\/span><br \/>\n4024 Debrecen, Piac u. 42-48.<br \/>\nPostac\u00edm: 4002 Debrecen, Pf. 71.<br \/>\ntel: 06-52-550-176<br \/>\nfax: 06-52-516-102<br \/>\nE-mail:\u00a0<a href=\"mailto:munkavedelmiellenorzes.debrecen.jh@hajdu.gov.hu\">munkavedelmiellenorzes.debrecen.jh@hajdu.gov.hu<\/a><\/p>\n<p><span style=\"text-decoration: underline;\">Heves Megyei Korm\u00e1nyhivatal Egri J\u00e1r\u00e1si Hivatal Foglalkoztat\u00e1si, Csal\u00e1dt\u00e1mogat\u00e1si \u00e9s T\u00e1rsadalombiztos\u00edt\u00e1si F\u0151oszt\u00e1ly; Munka\u00fcgyi \u00e9s Munkav\u00e9delmi Oszt\u00e1ly<\/span><br \/>\n3300 Eger, Szarvas t\u00e9r 1.<br \/>\nPostac\u00edm: 3301 Eger, Pf. 133.<br \/>\ntel: 06-36-511-960<br \/>\nfax: 06-36-511-971<br \/>\nE-mail:\u00a0<a href=\"mailto:mmeo@heves.gov.hu\">mmeo@heves.gov.hu<\/a><\/p>\n<p><span style=\"text-decoration: underline;\">J\u00e1sz-Nagykun-Szolnok Megyei Korm\u00e1nyhivatal Szolnoki J\u00e1r\u00e1si Hivatal M\u0171szaki Enged\u00e9lyez\u00e9si, Fogyaszt\u00f3v\u00e9delmi \u00e9s Foglalkoztat\u00e1si F\u0151oszt\u00e1ly; Munkav\u00e9delmi \u00e9s Munka\u00fcgyi Oszt\u00e1ly<\/span><br \/>\n5000 Szolnok, Kellner Gyula u. 2-4. III. emelet<br \/>\nPostac\u00edm: 5001 Szolnok, Pf. 183.<br \/>\ntel: 06-56-510-840<\/p>\n<p>fax: 06-56-510-848<br \/>\nE-mail:\u00a0<a href=\"mailto:szolnokjh.mvedmugy@jasz.gov.hu\">szolnokjh.mvedmugy@jasz.gov.hu<\/a><br \/>\n<span style=\"text-decoration: underline;\">Kom\u00e1rom-Esztergom Megyei Korm\u00e1nyhivatal Tatab\u00e1nyai J\u00e1r\u00e1si Hivatal Foglalkoztat\u00e1si, Csal\u00e1dt\u00e1mogat\u00e1si \u00e9s T\u00e1rsadalombiztos\u00edt\u00e1si \u00e9s F\u0151oszt\u00e1ly; Munka\u00fcgyi \u00e9s Munkav\u00e9delmi Oszt\u00e1ly<\/span><br \/>\n2800 Tatab\u00e1nya, B\u00e1rdos L\u00e1szl\u00f3 u. 2.<br \/>\nPostac\u00edm: 2801 Tatab\u00e1nya, Pf. 128.<br \/>\ntel: 06-34-512-470, 06-34-512-473<br \/>\nfax: 06-34-512-477<br \/>\nE-mail:\u00a0<a href=\"mailto:foglalkoztatas.mv@komarom.gov.hu\">foglalkoztatas.mv@komarom.gov.hu<\/a><\/p>\n<p><span style=\"text-decoration: underline;\">N\u00f3gr\u00e1d Megyei Korm\u00e1nyhivatal Salg\u00f3tarj\u00e1ni J\u00e1r\u00e1si Hivatal Foglalkoztat\u00e1si, Csal\u00e1dt\u00e1mogat\u00e1si \u00e9s T\u00e1rsadalombiztos\u00edt\u00e1si F\u0151oszt\u00e1ly; Munka\u00fcgyi \u00e9s Munkav\u00e9delmi Oszt\u00e1ly<\/span><br \/>\n3100 Salg\u00f3tarj\u00e1n, M\u00fazeum t\u00e9r 1.<br \/>\n3101 Salg\u00f3tarj\u00e1n, Pf. 10.<br \/>\ntel: 06-32-520-440<br \/>\nfax: 06-32-520-449<br \/>\nE-mail:\u00a0<a href=\"mailto:munkavedelem.munkaugy@nograd.gov.hu\">munkavedelem.munkaugy@nograd.gov.hu<\/a><\/p>\n<p><span style=\"text-decoration: underline;\">Pest Megyei Korm\u00e1nyhivatal \u00c9rdi J\u00e1r\u00e1si Hivatal Foglalkoztat\u00e1si F\u0151oszt\u00e1ly; Munkav\u00e9delmi Ellen\u0151rz\u00e9si Oszt\u00e1ly<\/span><br \/>\n1135 Budapest, Lehel \u00fat 43-47.<br \/>\nPostac\u00edm: 1381 Budapest, Pf: 1265.<br \/>\ntel: 06-1-236-3900<br \/>\nfax: 06-1- 236-3999<br \/>\nE-mail:\u00a0<a href=\"mailto:munkavedelem@pest.gov.hu\">munkavedelem@pest.gov.hu<\/a><\/p>\n<p><span style=\"text-decoration: underline;\">Somogy Megyei Korm\u00e1nyhivatal Kaposv\u00e1ri J\u00e1r\u00e1si Hivatal M\u0171szaki Enged\u00e9lyez\u00e9si, Fogyaszt\u00f3v\u00e9delmi \u00e9s Foglalkoztat\u00e1si F\u0151oszt\u00e1ly; Munkav\u00e9delmi \u00e9s Munka\u00fcgyi Oszt\u00e1ly<\/span><br \/>\n7400 Kaposv\u00e1r, F\u0151 u. 37-39.<br \/>\nPostac\u00edm: 7401 Kaposv\u00e1r, Pf. 172.<br \/>\ntel: 06-82-529-697<br \/>\nfax: 06-82-529-691<br \/>\nE-mail:\u00a0munkavedelem@somogy.gov.hu,\u00a0munkaugy.vedelem@somogy.gov.hu<\/p>\n<p><span style=\"text-decoration: underline;\">Szabolcs-Szatm\u00e1r-Bereg Megyei Korm\u00e1nyhivatal Ny\u00edregyh\u00e1zi J\u00e1r\u00e1si Hivatal Foglalkoztat\u00e1si, Munka\u00fcgyi \u00e9s Munkav\u00e9delmi F\u0151oszt\u00e1ly; Munkav\u00e9delmi \u00e9s Munka\u00fcgyi Ellen\u0151rz\u00e9si Oszt\u00e1ly<\/span><br \/>\n4400 Ny\u00edregyh\u00e1za, H\u0151s\u00f6k tere 9.<br \/>\nPostac\u00edm: 4401 Ny\u00edregyh\u00e1za, Pf. 2.<br \/>\ntel: 06-42-501-800<br \/>\nfax: 06-42-501-809<br \/>\nE-mail:\u00a0<a href=\"mailto:munkavedelem.nyiregyhaza@szabolcs.gov.hu\">munkavedelem.nyiregyhaza@szabolcs.gov.hu<\/a><\/p>\n<p><span style=\"text-decoration: underline;\">Tolna Megyei Korm\u00e1nyhivatal Szeksz\u00e1rdi J\u00e1r\u00e1si Hivatal Foglalkoztat\u00e1si, Csal\u00e1dt\u00e1mogat\u00e1si \u00e9s T\u00e1rsadalombiztos\u00edt\u00e1si F\u0151oszt\u00e1ly; Munka\u00fcgyi \u00e9s Munkav\u00e9delmi Oszt\u00e1ly<\/span><br \/>\n7100 Szeksz\u00e1rd, Szent Istv\u00e1n t\u00e9r 11-13.<br \/>\nPostac\u00edm: 7101 Szeksz\u00e1rd, Pf. 470.<br \/>\ntel: 06-74-529-780<br \/>\nfax: 06-74-528-127<br \/>\nE-mail:\u00a0<a href=\"mailto:mmo@tolna.gov.hu\">mmo@tolna.gov.hu<\/a><\/p>\n<p><span style=\"text-decoration: underline;\">Vas Megyei Korm\u00e1nyhivatal Szombathelyi J\u00e1r\u00e1si Hivatal Foglalkoztat\u00e1si, Csal\u00e1dt\u00e1mogat\u00e1si \u00e9s T\u00e1rsadalombiztos\u00edt\u00e1si F\u0151oszt\u00e1ly; Munka\u00fcgyi \u00e9s Munkav\u00e9delmi Oszt\u00e1ly<\/span><br \/>\n9700 Szombathely, Hargita u. 31.<br \/>\nPostac\u00edm: 9701 Szombathely, Pf. 243.<\/p>\n<p>tel: 06-94-522-610<br \/>\nfax: 06-94-500-795<br \/>\nE-mail:\u00a0<a href=\"mailto:munkavedelem.munkaugy@vas.gov.hu\">munkavedelem.munkaugy@vas.gov.hu<\/a><br \/>\n<span style=\"text-decoration: underline;\">Veszpr\u00e9m Megyei Korm\u00e1nyhivatal Veszpr\u00e9mi J\u00e1r\u00e1si Hivatal M\u0171szaki Enged\u00e9lyez\u00e9si, Fogyaszt\u00f3v\u00e9delmi \u00e9s Foglalkoztat\u00e1si F\u0151oszt\u00e1ly; Munkav\u00e9delmi \u00e9s Munka\u00fcgyi Oszt\u00e1ly<\/span><br \/>\n8200 Veszpr\u00e9m, V\u00f6r\u00f6smarty t\u00e9r 3.<br \/>\nPostac\u00edm: 8210 Veszpr\u00e9m, Pf: 1020<br \/>\nTel: 06-88-550-029<br \/>\nFax: 06-88-550-842<br \/>\nE-mail:\u00a0<a href=\"mailto:veszprem.munkavedelem@veszprem.gov.hu\">veszprem.munkavedelem@veszprem.gov.hu<\/a><\/p>\n<p><span style=\"text-decoration: underline;\">Zala Megyei Korm\u00e1nyhivatal Zalaegerszegi J\u00e1r\u00e1si Hivatal Foglalkoztat\u00e1si, Csal\u00e1dt\u00e1mogat\u00e1si \u00e9s T\u00e1rsadalombiztos\u00edt\u00e1si F\u0151oszt\u00e1ly; Munka\u00fcgyi \u00e9s Munkav\u00e9delmi Oszt\u00e1ly<\/span><br \/>\n8900 Zalaegerszeg,\u00a0M\u00e1rt\u00edrok \u00fatja 42-44.<br \/>\nPostac\u00edm: 8901 Zalaegerszeg, Pf. 266.<br \/>\ntel: 06-92-549-374<br \/>\nfax: 06-92-549-276<br \/>\nE-mail:\u00a0<a href=\"mailto:munkavedelem@zala.gov.hu\">munkavedelem@zala.gov.hu<\/a><\/p>\n","protected":false},"excerpt":{"rendered":"<p>Munkaeg\u00e9szs\u00e9g\u00fcgyi szakhat\u00f3s\u00e1g: Nemzeti N\u00e9peg\u00e9szs\u00e9g\u00fcgyi K\u00f6zpont Munkahigi\u00e9n\u00e9s \u00e9s Foglalkoz\u00e1s-eg\u00e9szs\u00e9g\u00fcgyi F\u0151oszt\u00e1ly 1096 Budapest, Nagyv\u00e1rad t\u00e9r 2. Telefon: +36 (1) 459 3051 Mobil: +36 30 650 3547 Fax: +36 (1) 459 3059 E-mail: omfi.titkarsag@nnk.gov.hu A munkav\u00e9delmi fel\u00fcgyel\u0151s\u00e9g k\u00f6zponti el\u00e9rhet\u0151s\u00e9ge: Innov\u00e1ci\u00f3s \u00e9s Technol\u00f3giai Miniszt\u00e9rium Munkav\u00e9delmi F\u0151oszt\u00e1ly 1054 Budapest, K\u00e1lm\u00e1n Imre u. 2. Postac\u00edm: 1440 Budapest Pf. 1. Telefon: (06 &hellip; <\/p>\n<p class=\"link-more\"><a href=\"https:\/\/www.munkavedelem-muveszetesadmin.hu\/index.php\/munkaegeszsegugyi-szakhatosag-es-a-munkavedelmi-felugyelosegek-teruleti-elerhetosegei\/\" class=\"more-link\"><span class=\"screen-reader-text\">&#8222;Munkaeg\u00e9szs\u00e9g\u00fcgyi szakhat\u00f3s\u00e1g \u00e9s a munkav\u00e9delmi fel\u00fcgyel\u0151s\u00e9gek ter\u00fcleti el\u00e9rhet\u0151s\u00e9gei&#8221;<\/span> b\u0151vebben<\/a><\/p>\n","protected":false},"author":2,"featured_media":0,"parent":0,"menu_order":0,"comment_status":"closed","ping_status":"closed","template":"","meta":{"footnotes":""},"class_list":["post-341","page","type-page","status-publish","hentry"],"_links":{"self":[{"href":"https:\/\/www.munkavedelem-muveszetesadmin.hu\/index.php\/wp-json\/wp\/v2\/pages\/341","targetHints":{"allow":["GET"]}}],"collection":[{"href":"https:\/\/www.munkavedelem-muveszetesadmin.hu\/index.php\/wp-json\/wp\/v2\/pages"}],"about":[{"href":"https:\/\/www.munkavedelem-muveszetesadmin.hu\/index.php\/wp-json\/wp\/v2\/types\/page"}],"author":[{"embeddable":true,"href":"https:\/\/www.munkavedelem-muveszetesadmin.hu\/index.php\/wp-json\/wp\/v2\/users\/2"}],"replies":[{"embeddable":true,"href":"https:\/\/www.munkavedelem-muveszetesadmin.hu\/index.php\/wp-json\/wp\/v2\/comments?post=341"}],"version-history":[{"count":1,"href":"https:\/\/www.munkavedelem-muveszetesadmin.hu\/index.php\/wp-json\/wp\/v2\/pages\/341\/revisions"}],"predecessor-version":[{"id":342,"href":"https:\/\/www.munkavedelem-muveszetesadmin.hu\/index.php\/wp-json\/wp\/v2\/pages\/341\/revisions\/342"}],"wp:attachment":[{"href":"https:\/\/www.munkavedelem-muveszetesadmin.hu\/index.php\/wp-json\/wp\/v2\/media?parent=341"}],"curies":[{"name":"wp","href":"https:\/\/api.w.org\/{rel}","templated":true}]}}