{"id":34,"date":"2019-10-02T13:49:30","date_gmt":"2019-10-02T13:49:30","guid":{"rendered":"http:\/\/www.munkavedelem-muveszetesadmin.hu\/?page_id=34"},"modified":"2024-07-23T12:30:17","modified_gmt":"2024-07-23T12:30:17","slug":"tudasfelmero","status":"publish","type":"page","link":"https:\/\/www.munkavedelem-muveszetesadmin.hu\/index.php\/tudasfelmero\/","title":{"rendered":"Tud\u00e1sfelm\u00e9r\u0151k"},"content":{"rendered":"<p style=\"text-align: justify;\">A tud\u00e1sfelm\u00e9r\u0151 seg\u00edts\u00e9g\u00e9vel tesztelheti tud\u00e1s\u00e1t \u00e9s annak naprak\u00e9szs\u00e9g\u00e9t a munkabiztons\u00e1g \u00e9s munkaeg\u00e9szs\u00e9g\u00fcgy ter\u00fclet\u00e9n. \u00c1tfog\u00f3 k\u00e9pet kap, hogy melyek azok a ter\u00fcletek munkav\u00e1llal\u00f3k\u00e9nt\/munk\u00e1ltat\u00f3k\u00e9nt\/ munkav\u00e9delmi szakemberk\u00e9nt, amelyek hi\u00e1nyoss\u00e1got mutatnak \u00e9s amely ismeretek friss\u00edt\u00e9se sz\u00fcks\u00e9ges\/aj\u00e1nlott.<\/p>\n<p style=\"text-align: justify;\">Az e-mail c\u00edm megad\u00e1s\u00e1val a rendszer automatikusan megk\u00fcldi a kit\u00f6lt\u00f6tt k\u00e9rd\u0151\u00edvet \u00e9s \u00e9rt\u00e9kel\u00e9st pdf form\u00e1tumban a megadott e-mail c\u00edmre.<\/p>\n\n\n<p><a href=\"http:\/\/www.munkavedelem-muveszetesadmin.hu\/index.php\/tudasfelmero\/munkaltatok-reszere\/\">Munk\u00e1ltat\u00f3k r\u00e9sz\u00e9re<\/a><\/p>\n\n\n\n<p><a href=\"http:\/\/www.munkavedelem-muveszetesadmin.hu\/index.php\/tudasfelmero\/munkavallalok-reszere\/\">Munkav\u00e1llal\u00f3k r\u00e9sz\u00e9re<\/a><\/p>\n\n\n\n<p><a href=\"http:\/\/www.munkavedelem-muveszetesadmin.hu\/index.php\/tudasfelmero\/munkaltatok-reszere\/\">Munkav\u00e9delmi k\u00e9pvisel\u0151k r\u00e9sz\u00e9re<\/a><\/p>\n","protected":false},"excerpt":{"rendered":"<p>A tud\u00e1sfelm\u00e9r\u0151 seg\u00edts\u00e9g\u00e9vel tesztelheti tud\u00e1s\u00e1t \u00e9s annak naprak\u00e9szs\u00e9g\u00e9t a munkabiztons\u00e1g \u00e9s munkaeg\u00e9szs\u00e9g\u00fcgy ter\u00fclet\u00e9n. \u00c1tfog\u00f3 k\u00e9pet kap, hogy melyek azok a ter\u00fcletek munkav\u00e1llal\u00f3k\u00e9nt\/munk\u00e1ltat\u00f3k\u00e9nt\/ munkav\u00e9delmi szakemberk\u00e9nt, amelyek hi\u00e1nyoss\u00e1got mutatnak \u00e9s amely ismeretek friss\u00edt\u00e9se sz\u00fcks\u00e9ges\/aj\u00e1nlott. Az e-mail c\u00edm megad\u00e1s\u00e1val a rendszer automatikusan megk\u00fcldi a kit\u00f6lt\u00f6tt k\u00e9rd\u0151\u00edvet \u00e9s \u00e9rt\u00e9kel\u00e9st pdf form\u00e1tumban a megadott e-mail c\u00edmre. Munk\u00e1ltat\u00f3k r\u00e9sz\u00e9re Munkav\u00e1llal\u00f3k r\u00e9sz\u00e9re &hellip; <\/p>\n<p class=\"link-more\"><a href=\"https:\/\/www.munkavedelem-muveszetesadmin.hu\/index.php\/tudasfelmero\/\" class=\"more-link\"><span class=\"screen-reader-text\">&#8222;Tud\u00e1sfelm\u00e9r\u0151k&#8221;<\/span> b\u0151vebben<\/a><\/p>\n","protected":false},"author":2,"featured_media":0,"parent":0,"menu_order":0,"comment_status":"closed","ping_status":"closed","template":"","meta":{"footnotes":""},"class_list":["post-34","page","type-page","status-publish","hentry"],"_links":{"self":[{"href":"https:\/\/www.munkavedelem-muveszetesadmin.hu\/index.php\/wp-json\/wp\/v2\/pages\/34","targetHints":{"allow":["GET"]}}],"collection":[{"href":"https:\/\/www.munkavedelem-muveszetesadmin.hu\/index.php\/wp-json\/wp\/v2\/pages"}],"about":[{"href":"https:\/\/www.munkavedelem-muveszetesadmin.hu\/index.php\/wp-json\/wp\/v2\/types\/page"}],"author":[{"embeddable":true,"href":"https:\/\/www.munkavedelem-muveszetesadmin.hu\/index.php\/wp-json\/wp\/v2\/users\/2"}],"replies":[{"embeddable":true,"href":"https:\/\/www.munkavedelem-muveszetesadmin.hu\/index.php\/wp-json\/wp\/v2\/comments?post=34"}],"version-history":[{"count":4,"href":"https:\/\/www.munkavedelem-muveszetesadmin.hu\/index.php\/wp-json\/wp\/v2\/pages\/34\/revisions"}],"predecessor-version":[{"id":314,"href":"https:\/\/www.munkavedelem-muveszetesadmin.hu\/index.php\/wp-json\/wp\/v2\/pages\/34\/revisions\/314"}],"wp:attachment":[{"href":"https:\/\/www.munkavedelem-muveszetesadmin.hu\/index.php\/wp-json\/wp\/v2\/media?parent=34"}],"curies":[{"name":"wp","href":"https:\/\/api.w.org\/{rel}","templated":true}]}}