{"id":323,"date":"2020-02-26T10:10:55","date_gmt":"2020-02-26T10:10:55","guid":{"rendered":"http:\/\/www.munkavedelem-muveszetesadmin.hu\/?page_id=323"},"modified":"2024-07-23T12:28:29","modified_gmt":"2024-07-23T12:28:29","slug":"szakmai-kiadvanyok-es-oldalak","status":"publish","type":"page","link":"https:\/\/www.munkavedelem-muveszetesadmin.hu\/index.php\/szakmai-kiadvanyok-es-oldalak\/","title":{"rendered":"Szakmai kiadv\u00e1nyok \u00e9s oldalak"},"content":{"rendered":"<p><strong>Az \u00e1gazathoz kapcsol\u00f3d\u00f3 kiadv\u00e1nyok \u00e9s hasznos oldalak, munkabiztons\u00e1g \u00e9s munkaeg\u00e9szs\u00e9g\u00fcgy t\u00e9m\u00e1kban:<\/strong><br \/>\n<span style=\"text-decoration: underline;\">Adminisztrat\u00edv \u00e9s szolg\u00e1ltat\u00e1st t\u00e1mogat\u00f3 tev\u00e9kenys\u00e9g, \u00e9s a m\u0171v\u00e9szet, sz\u00f3rakoztat\u00e1s, szabadid\u0151 \u00e1gazatokhoz tartoz\u00f3 kiadv\u00e1nyok \u00e9s tanulm\u00e1nyok:<\/span><\/p>\n<blockquote class=\"wp-embedded-content\" data-secret=\"Ova06PrEsQ\"><p><a href=\"https:\/\/www.muveszetesadminbiztonsag.hu\/index.php\/kiadvanyok\/szakmai-tartalom\/\" target=\"_blank\" rel=\"noopener\">Kiadv\u00e1nyok<\/a><\/p><\/blockquote>\n<p><iframe loading=\"lazy\" class=\"wp-embedded-content\" sandbox=\"allow-scripts\" security=\"restricted\" style=\"position: absolute; clip: rect(1px, 1px, 1px, 1px);\" title=\"&#8220;Kiadv\u00e1nyok&#8221; &#8212; Munkabiztons\u00e1g \u00e9s munkaeg\u00e9szs\u00e9g\u00fcgy komplex fejleszt\u00e9se\" src=\"https:\/\/www.muveszetesadminbiztonsag.hu\/index.php\/kiadvanyok\/szakmai-tartalom\/embed\/#?secret=drYAqQvk8U#?secret=Ova06PrEsQ\" data-secret=\"Ova06PrEsQ\" width=\"525\" height=\"296\" frameborder=\"0\" marginwidth=\"0\" marginheight=\"0\" scrolling=\"no\"><\/iframe><\/p>\n<blockquote class=\"wp-embedded-content\" data-secret=\"3j9OiqHRI5\"><p><a href=\"https:\/\/www.muveszetesadminbiztonsag.hu\/index.php\/kiadvanyok\/tanulmanyok\/\" target=\"_blank\" rel=\"noopener\">Tanulm\u00e1nyok<\/a><\/p><\/blockquote>\n<p><iframe loading=\"lazy\" class=\"wp-embedded-content\" sandbox=\"allow-scripts\" security=\"restricted\" style=\"position: absolute; clip: rect(1px, 1px, 1px, 1px);\" title=\"&#8220;Tanulm\u00e1nyok&#8221; &#8212; Munkabiztons\u00e1g \u00e9s munkaeg\u00e9szs\u00e9g\u00fcgy komplex fejleszt\u00e9se\" src=\"https:\/\/www.muveszetesadminbiztonsag.hu\/index.php\/kiadvanyok\/tanulmanyok\/embed\/#?secret=Ry3evNEfxf#?secret=3j9OiqHRI5\" data-secret=\"3j9OiqHRI5\" width=\"525\" height=\"296\" frameborder=\"0\" marginwidth=\"0\" marginheight=\"0\" scrolling=\"no\"><\/iframe><\/p>\n<p><strong>Munk\u00e1stan\u00e1csok Orsz\u00e1gos Sz\u00f6vets\u00e9ge \u00e1ltal prefer\u00e1lt kiadv\u00e1nyok \u00e9s h\u00edrek:<\/strong><br \/>\n<a href=\"https:\/\/munkastanacsok.hu\/category\/cikkek-tanulmanyok\/munkavedelem\/\" target=\"_blank\" rel=\"noopener\">https:\/\/munkastanacsok.hu\/category\/cikkek-tanulmanyok\/munkavedelem\/<\/a><\/p>\n<p><strong>\u00c1ltal\u00e1nos munkaeg\u00e9szs\u00e9g\u00fcgyi \u00e9s eg\u00e9szs\u00e9g\u00fcggyel kapcsolatos hasznos oldalak:<\/strong><br \/>\n<a href=\"https:\/\/www.webbeteg.hu\/cikkek\/egeszseges\/22016\/uzemorvosi-vizsgalatok\" target=\"_blank\" rel=\"noopener\">https:\/\/www.webbeteg.hu\/cikkek\/egeszseges\/22016\/uzemorvosi-vizsgalatok<\/a><br \/>\n<a href=\"http:\/\/oki.antsz.hu\/dokumentumtar\" target=\"_blank\" rel=\"noopener\">http:\/\/oki.antsz.hu\/dokumentumtar<\/a><\/p>\n<p><strong>Legionella kock\u00e1zatokkal kapcsolatos hasznos anyagok:<\/strong><br \/>\n<a href=\"https:\/\/www.nnk.gov.hu\/attachments\/article\/187\/Modszertani%20level_Legionella_5.kiadas__2020_1.pdf\" target=\"_blank\" rel=\"noopener\">https:\/\/www.nnk.gov.hu\/attachments\/article\/187\/Modszertani%20level_Legionella_5.kiadas__2020_1.pdf<\/a><\/p>\n<p><strong>K\u00e9miai kock\u00e1zatokkal kapcsolatos hasznos anyagok, honlapok:<\/strong><br \/>\n<a href=\"https:\/\/www.antsz.hu\/felso_menu\/ugyintezes\/jogszabalyok_utmutatok\/kemiai_biztonsag\" target=\"_blank\" rel=\"noopener\">https:\/\/www.antsz.hu\/felso_menu\/ugyintezes\/jogszabalyok_utmutatok\/kemiai_biztonsag<\/a><br \/>\n<a href=\"http:\/\/www.kormanyhivatal.hu\/download\/2\/7e\/20000\/KOZEG_K\u00e9miai_biztons\u00e1g.pdf\" target=\"_blank\" rel=\"noopener\">http:\/\/www.kormanyhivatal.hu\/download\/2\/7e\/20000\/KOZEG_K\u00e9miai_biztons\u00e1g.pdf<\/a><br \/>\n<a href=\"http:\/\/www.kormanyhivatal.hu\/hu\/budapest\/jarasok\/kemiai-biztonsag\" target=\"_blank\" rel=\"noopener\">http:\/\/www.kormanyhivatal.hu\/hu\/budapest\/jarasok\/kemiai-biztonsag<\/a><br \/>\nhttps:\/\/osha.europa.eu\/hu\/themes\/dangerous-substances (az oldal magyar nyelv\u0171)<br \/>\n<a href=\"https:\/\/www.antsz.hu\/oszir\/kemiai_biztonsagi_szakrendszer\" target=\"_blank\" rel=\"noopener\">https:\/\/www.antsz.hu\/oszir\/kemiai_biztonsagi_szakrendszer<\/a><\/p>\n<p><strong>Az EU-OSHA (Eur\u00f3pai Munkahelyi Biztons\u00e1gi \u00e9s Eg\u00e9szs\u00e9gv\u00e9delmi \u00dcgyn\u00f6ks\u00e9g)<\/strong><br \/>\n<strong>honlapj\u00e1n tal\u00e1lhat\u00f3 kiadv\u00e1nyok el\u00e9rhet\u0151s\u00e9ge:<\/strong> <a href=\"https:\/\/osha.europa.eu\/hu\/publications\" target=\"_blank\" rel=\"noopener\">https:\/\/osha.europa.eu\/hu\/publications<\/a><\/p>\n","protected":false},"excerpt":{"rendered":"<p>Az \u00e1gazathoz kapcsol\u00f3d\u00f3 kiadv\u00e1nyok \u00e9s hasznos oldalak, munkabiztons\u00e1g \u00e9s munkaeg\u00e9szs\u00e9g\u00fcgy t\u00e9m\u00e1kban: Adminisztrat\u00edv \u00e9s szolg\u00e1ltat\u00e1st t\u00e1mogat\u00f3 tev\u00e9kenys\u00e9g, \u00e9s a m\u0171v\u00e9szet, sz\u00f3rakoztat\u00e1s, szabadid\u0151 \u00e1gazatokhoz tartoz\u00f3 kiadv\u00e1nyok \u00e9s tanulm\u00e1nyok: Kiadv\u00e1nyok Tanulm\u00e1nyok Munk\u00e1stan\u00e1csok Orsz\u00e1gos Sz\u00f6vets\u00e9ge \u00e1ltal prefer\u00e1lt kiadv\u00e1nyok \u00e9s h\u00edrek: https:\/\/munkastanacsok.hu\/category\/cikkek-tanulmanyok\/munkavedelem\/ \u00c1ltal\u00e1nos munkaeg\u00e9szs\u00e9g\u00fcgyi \u00e9s eg\u00e9szs\u00e9g\u00fcggyel kapcsolatos hasznos oldalak: https:\/\/www.webbeteg.hu\/cikkek\/egeszseges\/22016\/uzemorvosi-vizsgalatok http:\/\/oki.antsz.hu\/dokumentumtar Legionella kock\u00e1zatokkal kapcsolatos hasznos anyagok: https:\/\/www.nnk.gov.hu\/attachments\/article\/187\/Modszertani%20level_Legionella_5.kiadas__2020_1.pdf K\u00e9miai kock\u00e1zatokkal kapcsolatos &hellip; <\/p>\n<p class=\"link-more\"><a href=\"https:\/\/www.munkavedelem-muveszetesadmin.hu\/index.php\/szakmai-kiadvanyok-es-oldalak\/\" class=\"more-link\"><span class=\"screen-reader-text\">&#8222;Szakmai kiadv\u00e1nyok \u00e9s oldalak&#8221;<\/span> b\u0151vebben<\/a><\/p>\n","protected":false},"author":2,"featured_media":0,"parent":0,"menu_order":0,"comment_status":"closed","ping_status":"closed","template":"","meta":{"footnotes":""},"class_list":["post-323","page","type-page","status-publish","hentry"],"_links":{"self":[{"href":"https:\/\/www.munkavedelem-muveszetesadmin.hu\/index.php\/wp-json\/wp\/v2\/pages\/323","targetHints":{"allow":["GET"]}}],"collection":[{"href":"https:\/\/www.munkavedelem-muveszetesadmin.hu\/index.php\/wp-json\/wp\/v2\/pages"}],"about":[{"href":"https:\/\/www.munkavedelem-muveszetesadmin.hu\/index.php\/wp-json\/wp\/v2\/types\/page"}],"author":[{"embeddable":true,"href":"https:\/\/www.munkavedelem-muveszetesadmin.hu\/index.php\/wp-json\/wp\/v2\/users\/2"}],"replies":[{"embeddable":true,"href":"https:\/\/www.munkavedelem-muveszetesadmin.hu\/index.php\/wp-json\/wp\/v2\/comments?post=323"}],"version-history":[{"count":5,"href":"https:\/\/www.munkavedelem-muveszetesadmin.hu\/index.php\/wp-json\/wp\/v2\/pages\/323\/revisions"}],"predecessor-version":[{"id":340,"href":"https:\/\/www.munkavedelem-muveszetesadmin.hu\/index.php\/wp-json\/wp\/v2\/pages\/323\/revisions\/340"}],"wp:attachment":[{"href":"https:\/\/www.munkavedelem-muveszetesadmin.hu\/index.php\/wp-json\/wp\/v2\/media?parent=323"}],"curies":[{"name":"wp","href":"https:\/\/api.w.org\/{rel}","templated":true}]}}