{"id":319,"date":"2020-02-26T10:07:36","date_gmt":"2020-02-26T10:07:36","guid":{"rendered":"http:\/\/www.munkavedelem-muveszetesadmin.hu\/?page_id=319"},"modified":"2024-07-23T12:27:08","modified_gmt":"2024-07-23T12:27:08","slug":"szakmai-folyoiratok","status":"publish","type":"page","link":"https:\/\/www.munkavedelem-muveszetesadmin.hu\/index.php\/szakmai-folyoiratok\/","title":{"rendered":"Szakmai foly\u00f3iratok"},"content":{"rendered":"<p><strong>MUNKAV\u00c9DELEM szakmai foly\u00f3irat<\/strong> \u2013 F\u00f3rum M\u00e9dia Kiad\u00f3 Kft. foly\u00f3irata (Megjelenik havonta nyomtatott \u00e9s online form\u00e1tumban is.)<\/p>\n<p><strong>Munkav\u00e9delmi, T\u0171zv\u00e9delmi \u00e9s Foglalkoz\u00e1s<\/strong>-eg\u00e9szs\u00e9g\u00fcgyi SZAKTAN\u00c1CSAD\u00d3 \u2013 Menedzser Praxis<br \/>\nSzakkiad\u00f3 \u00e9s Gazdas\u00e1gi Tan\u00e1csad\u00f3 Kft. foly\u00f3irata (Megjelenik havonta nyomtatott \u00e9s online form\u00e1tumban is.)<\/p>\n<p><strong>MUNKAV\u00c9DELEM \u00c9S BIZTONS\u00c1GTECHNIKA<\/strong> \u2013 A P\u00e9nz\u00fcgyminiszt\u00e9rium Munkav\u00e9delmi F\u0151oszt\u00e1ly foly\u00f3irata (Negyed\u00e9venk\u00e9nt megjelen\u0151 szakmai kiadv\u00e1ny)<\/p>\n<p><strong>Eg\u00e9szs\u00e9gfejleszt\u00e9s foly\u00f3irat<\/strong> \u2013 A Nemzeti Eg\u00e9szs\u00e9gfejleszt\u00e9si Int\u00e9zet (NEFI) online foly\u00f3irata: http:\/\/folyoirat.nefi.hu\/index.phpjournal=Egeszsegfejlesztes&amp;amp;page=index<\/p>\n","protected":false},"excerpt":{"rendered":"<p>MUNKAV\u00c9DELEM szakmai foly\u00f3irat \u2013 F\u00f3rum M\u00e9dia Kiad\u00f3 Kft. foly\u00f3irata (Megjelenik havonta nyomtatott \u00e9s online form\u00e1tumban is.) Munkav\u00e9delmi, T\u0171zv\u00e9delmi \u00e9s Foglalkoz\u00e1s-eg\u00e9szs\u00e9g\u00fcgyi SZAKTAN\u00c1CSAD\u00d3 \u2013 Menedzser Praxis Szakkiad\u00f3 \u00e9s Gazdas\u00e1gi Tan\u00e1csad\u00f3 Kft. foly\u00f3irata (Megjelenik havonta nyomtatott \u00e9s online form\u00e1tumban is.) MUNKAV\u00c9DELEM \u00c9S BIZTONS\u00c1GTECHNIKA \u2013 A P\u00e9nz\u00fcgyminiszt\u00e9rium Munkav\u00e9delmi F\u0151oszt\u00e1ly foly\u00f3irata (Negyed\u00e9venk\u00e9nt megjelen\u0151 szakmai kiadv\u00e1ny) Eg\u00e9szs\u00e9gfejleszt\u00e9s foly\u00f3irat \u2013 A Nemzeti &hellip; <\/p>\n<p class=\"link-more\"><a href=\"https:\/\/www.munkavedelem-muveszetesadmin.hu\/index.php\/szakmai-folyoiratok\/\" class=\"more-link\"><span class=\"screen-reader-text\">&#8222;Szakmai foly\u00f3iratok&#8221;<\/span> b\u0151vebben<\/a><\/p>\n","protected":false},"author":2,"featured_media":0,"parent":0,"menu_order":0,"comment_status":"closed","ping_status":"closed","template":"","meta":{"footnotes":""},"class_list":["post-319","page","type-page","status-publish","hentry"],"_links":{"self":[{"href":"https:\/\/www.munkavedelem-muveszetesadmin.hu\/index.php\/wp-json\/wp\/v2\/pages\/319","targetHints":{"allow":["GET"]}}],"collection":[{"href":"https:\/\/www.munkavedelem-muveszetesadmin.hu\/index.php\/wp-json\/wp\/v2\/pages"}],"about":[{"href":"https:\/\/www.munkavedelem-muveszetesadmin.hu\/index.php\/wp-json\/wp\/v2\/types\/page"}],"author":[{"embeddable":true,"href":"https:\/\/www.munkavedelem-muveszetesadmin.hu\/index.php\/wp-json\/wp\/v2\/users\/2"}],"replies":[{"embeddable":true,"href":"https:\/\/www.munkavedelem-muveszetesadmin.hu\/index.php\/wp-json\/wp\/v2\/comments?post=319"}],"version-history":[{"count":1,"href":"https:\/\/www.munkavedelem-muveszetesadmin.hu\/index.php\/wp-json\/wp\/v2\/pages\/319\/revisions"}],"predecessor-version":[{"id":320,"href":"https:\/\/www.munkavedelem-muveszetesadmin.hu\/index.php\/wp-json\/wp\/v2\/pages\/319\/revisions\/320"}],"wp:attachment":[{"href":"https:\/\/www.munkavedelem-muveszetesadmin.hu\/index.php\/wp-json\/wp\/v2\/media?parent=319"}],"curies":[{"name":"wp","href":"https:\/\/api.w.org\/{rel}","templated":true}]}}