{"id":198,"date":"2020-01-09T07:48:46","date_gmt":"2020-01-09T07:48:46","guid":{"rendered":"http:\/\/www.munkavedelem-muveszetesadmin.hu\/?page_id=198"},"modified":"2024-07-23T12:14:56","modified_gmt":"2024-07-23T12:14:56","slug":"nyomtatvanyok-hasznos-mintak","status":"publish","type":"page","link":"https:\/\/www.munkavedelem-muveszetesadmin.hu\/index.php\/nyomtatvanyok-hasznos-mintak\/","title":{"rendered":"Nyomtatv\u00e1nyok, hasznos mint\u00e1k"},"content":{"rendered":"<p><strong>1.A sz\u00ednh\u00e1zi munka sor\u00e1n alkalmazott sz\u00far\u00f3-, v\u00e1g\u00f3- \u00e9s l\u0151fegyverek, valamint a pirotechnikai eszk\u00f6z\u00f6k alkalmaz\u00e1s\u00e1nak szab\u00e1lyai<\/strong><\/p>\n<p style=\"text-align: justify;\">A sz\u00ednh\u00e1zi el\u0151ad\u00e1sok kapcs\u00e1n gyakran el\u0151fordul, hogy egyes jelenetekben sz\u00far\u00f3-, v\u00e1g\u00f3-, illet\u0151leg l\u0151fegyvereket, valamint pirotechnikai eszk\u00f6z\u00f6ket haszn\u00e1lnak. Ezek vesz\u00e9lyess\u00e9ge ok\u00e1n a 35\/1997. (XII.5.) MKM rendelet (a sz\u00ednh\u00e1zm\u0171v\u00e9szeti biztons\u00e1gi szab\u00e1lyzat kiad\u00e1s\u00e1r\u00f3l)<br>1. sz\u00e1m\u00fa mell\u00e9klete, k\u00fcl\u00f6nleges el\u0151\u00edr\u00e1sokat tartalmaz&#8230;<\/p>\n\n\n<div class=\"wp-block-columns is-layout-flex wp-container-core-columns-is-layout-9d6595d7 wp-block-columns-is-layout-flex\">\n<div class=\"wp-block-column is-layout-flow wp-block-column-is-layout-flow\">\n<div class=\"wp-block-button alignright is-style-outline is-style-outline--1\"><a class=\"wp-block-button__link\" href=\"http:\/\/www.munkavedelem-muveszetesadmin.hu\/wp-content\/uploads\/2020\/01\/A-sz\u00ednpadi-munka-sor\u00e1n-haszn\u00e1lt-sz\u00far\u00f3-v\u00e1g\u00f3-\u00e9s-l\u0151fegyverek-valamint-pirotechnikai-eszk\u00f6z\u00f6k-szab\u00e1lyai.pdf\"><img loading=\"lazy\" decoding=\"async\" width=\"60\" height=\"61\" class=\"wp-image-256\" style=\"width: 60px;\" src=\"http:\/\/www.munkavedelem-muveszetesadmin.hu\/wp-content\/uploads\/2020\/01\/PDF-icon-297x300-e1567083314465.png\" alt=\"\"><\/a><\/div>\n<\/div>\n\n\n\n<div class=\"wp-block-column is-layout-flow wp-block-column-is-layout-flow\">\n<div class=\"wp-block-button alignleft is-style-outline is-style-outline--2\"><a class=\"wp-block-button__link\" href=\"http:\/\/www.munkavedelem-muveszetesadmin.hu\/wp-content\/uploads\/2020\/01\/A-sz\u00ednpadi-munka-sor\u00e1n-haszn\u00e1lt-sz\u00far\u00f3-v\u00e1g\u00f3-\u00e9s-l\u0151fegyverek-valamint-pirotechnikai-eszk\u00f6z\u00f6k-szab\u00e1lyai.docx\"><img loading=\"lazy\" decoding=\"async\" width=\"50\" height=\"63\" class=\"wp-image-259\" style=\"width: 50px;\" src=\"http:\/\/www.munkavedelem-muveszetesadmin.hu\/wp-content\/uploads\/2020\/01\/word-document-150594_960_720.png\" alt=\"\" srcset=\"https:\/\/www.munkavedelem-muveszetesadmin.hu\/wp-content\/uploads\/2020\/01\/word-document-150594_960_720.png 576w, https:\/\/www.munkavedelem-muveszetesadmin.hu\/wp-content\/uploads\/2020\/01\/word-document-150594_960_720-240x300.png 240w\" sizes=\"auto, (max-width: 50px) 100vw, 50px\" \/><\/a><\/div>\n<\/div>\n<\/div>\n\n\n<p><\/p>\n<p><strong>2. Magasban t\u00f6rt\u00e9n\u0151 munkav\u00e9gz\u00e9sn\u00e9l haszn\u00e1lt id\u0151szakos fel\u00fclvizsg\u00e1latot ig\u00e9nyl\u0151 v\u00e9d\u0151felszerel\u00e9sek nyilv\u00e1ntart\u00e1sa<\/strong><\/p>\n\n\n<div class=\"wp-block-columns is-layout-flex wp-container-core-columns-is-layout-9d6595d7 wp-block-columns-is-layout-flex\">\n<div class=\"wp-block-column is-layout-flow wp-block-column-is-layout-flow\">\n<div class=\"wp-block-button alignright is-style-outline is-style-outline--3\"><a class=\"wp-block-button__link\" href=\"http:\/\/www.munkavedelem-muveszetesadmin.hu\/wp-content\/uploads\/2020\/01\/Fel\u00fclvizsg\u00e1latot-ig\u00e9nyl\u0151-zuhan\u00e1sg\u00e1tl\u00f3-eszk\u00f6z\u00f6k-nyilv\u00e1ntart\u00e1sa.pdf\"><img loading=\"lazy\" decoding=\"async\" width=\"60\" height=\"61\" class=\"wp-image-256\" style=\"width: 60px;\" src=\"http:\/\/www.munkavedelem-muveszetesadmin.hu\/wp-content\/uploads\/2020\/01\/PDF-icon-297x300-e1567083314465.png\" alt=\"\"><\/a><\/div>\n<\/div>\n\n\n\n<div class=\"wp-block-column is-layout-flow wp-block-column-is-layout-flow\">\n<div class=\"wp-block-button is-style-outline is-style-outline--4\"><a class=\"wp-block-button__link\" href=\"http:\/\/www.munkavedelem-muveszetesadmin.hu\/wp-content\/uploads\/2020\/01\/Fel\u00fclvizsg\u00e1latot-ig\u00e9nyl\u0151-zuhan\u00e1sg\u00e1tl\u00f3-eszk\u00f6z\u00f6k-nyilv\u00e1ntart\u00e1sa.docx\"><img loading=\"lazy\" decoding=\"async\" width=\"50\" height=\"63\" class=\"wp-image-259\" style=\"width: 50px;\" src=\"http:\/\/www.munkavedelem-muveszetesadmin.hu\/wp-content\/uploads\/2020\/01\/word-document-150594_960_720.png\" alt=\"\" srcset=\"https:\/\/www.munkavedelem-muveszetesadmin.hu\/wp-content\/uploads\/2020\/01\/word-document-150594_960_720.png 576w, https:\/\/www.munkavedelem-muveszetesadmin.hu\/wp-content\/uploads\/2020\/01\/word-document-150594_960_720-240x300.png 240w\" sizes=\"auto, (max-width: 50px) 100vw, 50px\" \/><\/a><\/div>\n<\/div>\n<\/div>\n\n\n<p>\u00a0<\/p>\n<p style=\"text-align: justify;\"><strong>3. A vid\u00e1mparkokban \u00e9s rendezv\u00e9nyeken haszn\u00e1lt mutatv\u00e1nyos berendez\u00e9sekre vonatkoz\u00f3 k\u00fcl\u00f6nleges el\u0151\u00edr\u00e1sok<\/strong><\/p>\n<p style=\"text-align: justify;\">Napjainkban m\u00e1r egy falunap sem k\u00e9pzelhet\u0151 el k\u00f6rhinta, dodgem vagy \u00e9ppen c\u00e9ll\u00f6v\u00f6lde n\u00e9lk\u00fcl. Az ilyen rendezv\u00e9nyeken \u00e9s fixen telep\u00edtett helyeken (vid\u00e1mpark) haszn\u00e1lt mutatv\u00e1nyos berendez\u00e9sek az \u00e1ltaluk v\u00e9gzett k\u00fcl\u00f6nleges mozg\u00e1sok \u00e9s legf\u0151k\u00e9ppen az azt haszn\u00e1latba vev\u0151 k\u00f6z\u00f6ns\u00e9g \u00e9let\u00e9nek \u00e9s testi \u00e9ps\u00e9g\u00e9nek a meg\u00f3v\u00e1sa ok\u00e1n ezekre a szerkezetekre k\u00fcl\u00f6n jogszab\u00e1lyi el\u0151\u00edr\u00e1sok vonatkoznak&#8230;<\/p>\n\n\n<div class=\"wp-block-columns is-layout-flex wp-container-core-columns-is-layout-9d6595d7 wp-block-columns-is-layout-flex\">\n<div class=\"wp-block-column is-layout-flow wp-block-column-is-layout-flow\">\n<div class=\"wp-block-button alignright is-style-outline is-style-outline--5\"><a class=\"wp-block-button__link\" href=\"http:\/\/www.munkavedelem-muveszetesadmin.hu\/wp-content\/uploads\/2020\/01\/Mutatv\u00e1nyos-berendez\u00e9sekre-vonatkoz\u00f3-\u00fczemeltet\u00e9si-szab\u00e1lyok.pdf\"><img loading=\"lazy\" decoding=\"async\" width=\"60\" height=\"61\" class=\"wp-image-256\" style=\"width: 60px;\" src=\"http:\/\/www.munkavedelem-muveszetesadmin.hu\/wp-content\/uploads\/2020\/01\/PDF-icon-297x300-e1567083314465.png\" alt=\"\"><\/a><\/div>\n<\/div>\n\n\n\n<div class=\"wp-block-column is-layout-flow wp-block-column-is-layout-flow\">\n<div class=\"wp-block-button is-style-outline is-style-outline--6\"><a class=\"wp-block-button__link\" href=\"http:\/\/www.munkavedelem-muveszetesadmin.hu\/wp-content\/uploads\/2020\/01\/Mutatv\u00e1nyos-berendez\u00e9sekre-vonatkoz\u00f3-\u00fczemeltet\u00e9si-szab\u00e1lyok.docx\"><img loading=\"lazy\" decoding=\"async\" width=\"50\" height=\"63\" class=\"wp-image-259\" style=\"width: 50px;\" src=\"http:\/\/www.munkavedelem-muveszetesadmin.hu\/wp-content\/uploads\/2020\/01\/word-document-150594_960_720.png\" alt=\"\" srcset=\"https:\/\/www.munkavedelem-muveszetesadmin.hu\/wp-content\/uploads\/2020\/01\/word-document-150594_960_720.png 576w, https:\/\/www.munkavedelem-muveszetesadmin.hu\/wp-content\/uploads\/2020\/01\/word-document-150594_960_720-240x300.png 240w\" sizes=\"auto, (max-width: 50px) 100vw, 50px\" \/><\/a><\/div>\n<\/div>\n<\/div>\n\n\n<p><\/p>\n<p style=\"text-align: justify;\"><strong>4. Sz\u00ednh\u00e1zi m\u0171v\u00e9sz-, statiszta \u00e9s m\u0171szaki dolgoz\u00f3k \u00f6lt\u00f6z\u0151ire, mell\u00e9k- \u00e9s k\u00f6z\u00f6s helyis\u00e9geire vonatkoz\u00f3 el\u0151\u00edr\u00e1sok<\/strong><\/p>\n<p style=\"text-align: justify;\">A sz\u00ednh\u00e1zakra, int\u00e9zm\u00e9nyekre \u00e9s j\u00e1tsz\u00f3helyekre, ahol sz\u00ednh\u00e1zi \u00e9s zenei el\u0151ad\u00e1sokat tartanak, k\u00fcl\u00f6n jogszab\u00e1lyi el\u0151\u00edr\u00e1sok vonatkoznak, mint m\u00e1s munkahelyekre. Ezeket az el\u0151\u00edr\u00e1sokat a 35\/1997. (XII. 5.) MKM rendelet (a Sz\u00ednh\u00e1zm\u0171v\u00e9szeti Biztons\u00e1gi Szab\u00e1lyzat kiad\u00e1s\u00e1r\u00f3l) 1. sz\u00e1m\u00fa mell\u00e9klete tartalmazza&#8230;<\/p>\n\n\n<div class=\"wp-block-columns is-layout-flex wp-container-core-columns-is-layout-9d6595d7 wp-block-columns-is-layout-flex\">\n<div class=\"wp-block-column is-layout-flow wp-block-column-is-layout-flow\">\n<div class=\"wp-block-button alignright is-style-outline is-style-outline--7\"><a class=\"wp-block-button__link\" href=\"http:\/\/www.munkavedelem-muveszetesadmin.hu\/wp-content\/uploads\/2020\/01\/Sz\u00ednh\u00e1zi-\u00f6lt\u00f6z\u0151-\u00e9s-mell\u00e9khelyis\u00e9gekre-vonatkoz\u00f3-k\u00fcl\u00f6nleges-el\u0151\u00edr\u00e1sok.pdf\"><img loading=\"lazy\" decoding=\"async\" width=\"60\" height=\"61\" class=\"wp-image-256\" style=\"width: 60px;\" src=\"http:\/\/www.munkavedelem-muveszetesadmin.hu\/wp-content\/uploads\/2020\/01\/PDF-icon-297x300-e1567083314465.png\" alt=\"\"><\/a><\/div>\n<\/div>\n\n\n\n<div class=\"wp-block-column is-layout-flow wp-block-column-is-layout-flow\">\n<div class=\"wp-block-button is-style-outline is-style-outline--8\"><a class=\"wp-block-button__link\" href=\"http:\/\/www.munkavedelem-muveszetesadmin.hu\/wp-content\/uploads\/2020\/01\/Sz\u00ednh\u00e1zi-\u00f6lt\u00f6z\u0151-\u00e9s-mell\u00e9khelyis\u00e9gekre-vonatkoz\u00f3-k\u00fcl\u00f6nleges-el\u0151\u00edr\u00e1sok.docx\"><img loading=\"lazy\" decoding=\"async\" width=\"50\" height=\"63\" class=\"wp-image-259\" style=\"width: 50px;\" src=\"http:\/\/www.munkavedelem-muveszetesadmin.hu\/wp-content\/uploads\/2020\/01\/word-document-150594_960_720.png\" alt=\"\" srcset=\"https:\/\/www.munkavedelem-muveszetesadmin.hu\/wp-content\/uploads\/2020\/01\/word-document-150594_960_720.png 576w, https:\/\/www.munkavedelem-muveszetesadmin.hu\/wp-content\/uploads\/2020\/01\/word-document-150594_960_720-240x300.png 240w\" sizes=\"auto, (max-width: 50px) 100vw, 50px\" \/><\/a><\/div>\n<\/div>\n<\/div>\n\n\n<p><\/p>\n<p style=\"text-align: justify;\"><strong>5. Biztons\u00e1gi szolg\u00e1latok<\/strong><\/p>\n<p style=\"text-align: justify;\">A szem\u00e9ly- \u00e9s vagyonv\u00e9delmi tev\u00e9kenys\u00e9g a m\u0171v\u00e9szeti, sz\u00f3rakoztat\u00f3 \u00e9s szabadid\u0151s rendezv\u00e9nyek alkalm\u00e1val a szolg\u00e1ltat\u00e1st t\u00e1mogat\u00f3 tev\u00e9kenys\u00e9gek k\u00f6r\u00e9be esik. Sz\u00f3rakoztat\u00f3 rendezv\u00e9nyek, mint p\u00e9ld\u00e1ul falunapok, m\u0171v\u00e9szeti \u00e9s zenei fesztiv\u00e1lok alkalm\u00e1val az odal\u00e1togat\u00f3 emberek l\u00e9tsz\u00e1m\u00e1nak nagys\u00e1ga, az ott l\u00e9v\u0151 emberek v\u00e9rm\u00e9rs\u00e9klete k\u00f6zti k\u00fcl\u00f6nbs\u00e9ge, esetleges alkohol \u00e9s drog fogyaszt\u00e1s mind indokolja a rend \u00e9s a biztons\u00e1g fenntart\u00e1sa \u00e9rdek\u00e9ben biztons\u00e1gi szolg\u00e1lat m\u0171k\u00f6dtet\u00e9s\u00e9t az esem\u00e9ny ideje alatt&#8230;<\/p>\n\n\n<div class=\"wp-block-columns is-layout-flex wp-container-core-columns-is-layout-9d6595d7 wp-block-columns-is-layout-flex\">\n<div class=\"wp-block-column is-layout-flow wp-block-column-is-layout-flow\">\n<div class=\"wp-block-button alignright is-style-outline is-style-outline--9\"><a class=\"wp-block-button__link\" href=\"http:\/\/www.munkavedelem-muveszetesadmin.hu\/wp-content\/uploads\/2020\/01\/Biztons\u00e1gi-szolg\u00e1latok.pdf\"><img loading=\"lazy\" decoding=\"async\" width=\"60\" height=\"61\" class=\"wp-image-256\" style=\"width: 60px;\" src=\"http:\/\/www.munkavedelem-muveszetesadmin.hu\/wp-content\/uploads\/2020\/01\/PDF-icon-297x300-e1567083314465.png\" alt=\"\"><\/a><\/div>\n<\/div>\n\n\n\n<div class=\"wp-block-column is-layout-flow wp-block-column-is-layout-flow\">\n<div class=\"wp-block-button is-style-outline is-style-outline--10\"><a class=\"wp-block-button__link\" href=\"http:\/\/www.munkavedelem-muveszetesadmin.hu\/wp-content\/uploads\/2020\/01\/Biztons\u00e1gi-szolg\u00e1latok.docx\"><img loading=\"lazy\" decoding=\"async\" width=\"50\" height=\"63\" class=\"wp-image-259\" style=\"width: 50px;\" src=\"http:\/\/www.munkavedelem-muveszetesadmin.hu\/wp-content\/uploads\/2020\/01\/word-document-150594_960_720.png\" alt=\"\" srcset=\"https:\/\/www.munkavedelem-muveszetesadmin.hu\/wp-content\/uploads\/2020\/01\/word-document-150594_960_720.png 576w, https:\/\/www.munkavedelem-muveszetesadmin.hu\/wp-content\/uploads\/2020\/01\/word-document-150594_960_720-240x300.png 240w\" sizes=\"auto, (max-width: 50px) 100vw, 50px\" \/><\/a><\/div>\n<\/div>\n<\/div>\n\n\n<p><\/p>\n<p><strong>6. Strandok takar\u00edt\u00e1sa<\/strong><\/p>\n<p style=\"text-align: justify;\">Az adminisztrat\u00edv \u00e9s szolg\u00e1ltat\u00e1st t\u00e1mogat\u00f3 tev\u00e9kenys\u00e9gek nemzetgazdas\u00e1gi \u00e1gazat\u00e1ban tartozik az egy\u00e9b k\u00f6zeg\u00e9szs\u00e9g\u00fcgyi szolg\u00e1ltat\u00e1s, mely a strand ter\u00fcletek takar\u00edt\u00e1s\u00e1ra vonatkozik&#8230;<\/p>\n\n\n<div class=\"wp-block-columns is-layout-flex wp-container-core-columns-is-layout-9d6595d7 wp-block-columns-is-layout-flex\">\n<div class=\"wp-block-column is-layout-flow wp-block-column-is-layout-flow\">\n<div class=\"wp-block-button alignright is-style-outline is-style-outline--11\"><a class=\"wp-block-button__link\" href=\"http:\/\/www.munkavedelem-muveszetesadmin.hu\/wp-content\/uploads\/2020\/01\/Strand-takar\u00edt\u00e1s.pdf\"><img loading=\"lazy\" decoding=\"async\" width=\"60\" height=\"61\" class=\"wp-image-256\" style=\"width: 60px;\" src=\"http:\/\/www.munkavedelem-muveszetesadmin.hu\/wp-content\/uploads\/2020\/01\/PDF-icon-297x300-e1567083314465.png\" alt=\"\"><\/a><\/div>\n<\/div>\n\n\n\n<div class=\"wp-block-column is-layout-flow wp-block-column-is-layout-flow\">\n<div class=\"wp-block-button alignleft is-style-outline is-style-outline--12\"><a class=\"wp-block-button__link\" href=\"http:\/\/www.munkavedelem-muveszetesadmin.hu\/wp-content\/uploads\/2020\/01\/Strand-takar\u00edt\u00e1s.docx\"><img loading=\"lazy\" decoding=\"async\" width=\"50\" height=\"63\" class=\"wp-image-259\" style=\"width: 50px;\" src=\"http:\/\/www.munkavedelem-muveszetesadmin.hu\/wp-content\/uploads\/2020\/01\/word-document-150594_960_720.png\" alt=\"\" srcset=\"https:\/\/www.munkavedelem-muveszetesadmin.hu\/wp-content\/uploads\/2020\/01\/word-document-150594_960_720.png 576w, https:\/\/www.munkavedelem-muveszetesadmin.hu\/wp-content\/uploads\/2020\/01\/word-document-150594_960_720-240x300.png 240w\" sizes=\"auto, (max-width: 50px) 100vw, 50px\" \/><\/a><\/div>\n<\/div>\n<\/div>\n\n\n<p><\/p>\n<p><strong>7.&nbsp; \u00dattiszt\u00edt\u00e1s, h\u00f3eltakar\u00edt\u00e1s<\/strong><\/p>\n<p style=\"text-align: justify;\">Az adminisztrat\u00edv \u00e9s a szolg\u00e1ltat\u00e1st t\u00e1mogat\u00f3 tev\u00e9kenys\u00e9gek k\u00f6z\u00e9 sorolj\u00e1k a kifut\u00f3p\u00e1ly\u00e1k, utc\u00e1k tiszt\u00edt\u00e1s\u00e1t, az utak s\u00f3z\u00e1s\u00e1t, homoksz\u00f3r\u00e1s\u00e1t, illetve a h\u00f3- \u00e9s j\u00e9gmentes\u00edt\u00e9st. Ezeknek a munkafolyamatoknak a v\u00e9gz\u00e9se sor\u00e1n a tiszt\u00edtand\u00f3, s\u00f3zand\u00f3, s\u00edkoss\u00e1gmentes\u00edtend\u0151 \u00fatszakasz hossz\u00fas\u00e1g\u00e1nak ok\u00e1n, sok esetben g\u00e9pj\u00e1rm\u0171vekre szerelt berendez\u00e9seket (h\u00f3eke, s\u00f3sz\u00f3r\u00f3 fel\u00e9p\u00edtm\u00e9ny stb.) alkalmaznak, melyek a g\u00e9pj\u00e1rm\u0171vekkel az \u00fatviszonyokra tekintettel egy\u00e9bk\u00e9nt is kock\u00e1zatos k\u00f6zleked\u00e9sen fel\u00fcl, t\u00f6bbletkock\u00e1zatot okoznak&#8230;<\/p>\n\n\n<div class=\"wp-block-columns is-layout-flex wp-container-core-columns-is-layout-9d6595d7 wp-block-columns-is-layout-flex\">\n<div class=\"wp-block-column is-layout-flow wp-block-column-is-layout-flow\">\n<div class=\"wp-block-button alignright is-style-outline is-style-outline--13\"><a class=\"wp-block-button__link\" href=\"http:\/\/www.munkavedelem-muveszetesadmin.hu\/wp-content\/uploads\/2020\/01\/\u00dattiszt\u00edt\u00e1s-h\u00f3eltakar\u00edt\u00e1s.pdf\"><img loading=\"lazy\" decoding=\"async\" width=\"60\" height=\"61\" class=\"wp-image-256\" style=\"width: 60px;\" src=\"http:\/\/www.munkavedelem-muveszetesadmin.hu\/wp-content\/uploads\/2020\/01\/PDF-icon-297x300-e1567083314465.png\" alt=\"\"><\/a><\/div>\n<\/div>\n\n\n\n<div class=\"wp-block-column is-layout-flow wp-block-column-is-layout-flow\">\n<div class=\"wp-block-button alignleft is-style-outline is-style-outline--14\"><a class=\"wp-block-button__link\" href=\"http:\/\/www.munkavedelem-muveszetesadmin.hu\/wp-content\/uploads\/2020\/01\/\u00dattiszt\u00edt\u00e1s-h\u00f3eltakar\u00edt\u00e1s.pdf\"><img loading=\"lazy\" decoding=\"async\" width=\"50\" height=\"63\" class=\"wp-image-259\" style=\"width: 50px;\" src=\"http:\/\/www.munkavedelem-muveszetesadmin.hu\/wp-content\/uploads\/2020\/01\/word-document-150594_960_720.png\" alt=\"\" srcset=\"https:\/\/www.munkavedelem-muveszetesadmin.hu\/wp-content\/uploads\/2020\/01\/word-document-150594_960_720.png 576w, https:\/\/www.munkavedelem-muveszetesadmin.hu\/wp-content\/uploads\/2020\/01\/word-document-150594_960_720-240x300.png 240w\" sizes=\"auto, (max-width: 50px) 100vw, 50px\" \/><\/a><\/div>\n<\/div>\n<\/div>\n\n\n<p>\u00a0<\/p>\n<p><strong>8. D\u00edszlet- \u00e9s sz\u00ednpad\u00e9p\u00edt\u00e9s<\/strong><\/p>\n<p style=\"text-align: justify;\">A m\u0171v\u00e9szet \u00e1gazaton bel\u00fcl el\u0151fordul, hogy az egyes sz\u00ednh\u00e1zi, t\u00e1ncos, zen\u00e9s vagy film produkci\u00f3k el\u0151ad\u00e1s\u00e1hoz, elk\u00e9sz\u00edt\u00e9s\u00e9hez sz\u00ednpadra vagy \u00e9p\u00edtett k\u00f6rnyezetre (d\u00edszletre) van sz\u00fcks\u00e9g. A sz\u00ednpad \u00e9p\u00edt\u00e9s is egyes vil\u00e1gszint\u0171 ismerts\u00e9get \u00e9lvez\u0151 el\u0151ad\u00f3kn\u00e1l, de a filmforgat\u00e1sokra \u00e9p\u00edtett d\u00edszletek kivitelez\u00e9se m\u00e1r sok esetben komoly \u00e9p\u00edt\u0151ipari tev\u00e9kenys\u00e9gnek min\u0151s\u00fcl. Az ilyen munk\u00e1latok sor\u00e1n ugyanazokat az \u00e9p\u00edt\u0151ipari el\u0151\u00edr\u00e1sokat kell betartani, mint b\u00e1rmilyen \u00e9p\u00fclet \u00e9p\u00edt\u00e9se eset\u00e9n&#8230;<\/p>\n\n\n<div class=\"wp-block-columns is-layout-flex wp-container-core-columns-is-layout-9d6595d7 wp-block-columns-is-layout-flex\">\n<div class=\"wp-block-column is-layout-flow wp-block-column-is-layout-flow\">\n<div class=\"wp-block-button alignright is-style-outline is-style-outline--15\"><a class=\"wp-block-button__link\" href=\"http:\/\/www.munkavedelem-muveszetesadmin.hu\/wp-content\/uploads\/2020\/01\/D\u00edszlet-\u00e9s-sz\u00ednpad-\u00e9p\u00edt\u00e9s.pdf\"><img loading=\"lazy\" decoding=\"async\" width=\"60\" height=\"61\" class=\"wp-image-256\" style=\"width: 60px;\" src=\"http:\/\/www.munkavedelem-muveszetesadmin.hu\/wp-content\/uploads\/2020\/01\/PDF-icon-297x300-e1567083314465.png\" alt=\"\"><\/a><\/div>\n<\/div>\n\n\n\n<div class=\"wp-block-column is-layout-flow wp-block-column-is-layout-flow\">\n<div class=\"wp-block-button is-style-outline is-style-outline--16\"><a class=\"wp-block-button__link\" href=\"http:\/\/www.munkavedelem-muveszetesadmin.hu\/wp-content\/uploads\/2020\/01\/D\u00edszlet-\u00e9s-sz\u00ednpad-\u00e9p\u00edt\u00e9s.docx\"><img loading=\"lazy\" decoding=\"async\" width=\"50\" height=\"63\" class=\"wp-image-259\" style=\"width: 50px;\" src=\"http:\/\/www.munkavedelem-muveszetesadmin.hu\/wp-content\/uploads\/2020\/01\/word-document-150594_960_720.png\" alt=\"\" srcset=\"https:\/\/www.munkavedelem-muveszetesadmin.hu\/wp-content\/uploads\/2020\/01\/word-document-150594_960_720.png 576w, https:\/\/www.munkavedelem-muveszetesadmin.hu\/wp-content\/uploads\/2020\/01\/word-document-150594_960_720-240x300.png 240w\" sizes=\"auto, (max-width: 50px) 100vw, 50px\" \/><\/a><\/div>\n<\/div>\n<\/div>\n\n\n<p>\u00a0<\/p>\n<p><strong>9.\u00a0 Speci\u00e1lis takar\u00edt\u00e1s<\/strong><\/p>\n<p style=\"text-align: justify;\">Az adminisztrat\u00edv \u00e9s szolg\u00e1ltat\u00e1st t\u00e1mogat\u00f3 tev\u00e9kenys\u00e9gek k\u00f6z\u00e9 tartozik a speci\u00e1lis takar\u00edt\u00e1s, melyen bel\u00fcl \u00e9rtend\u0151 minden \u00e9p\u00fclett\u00edpus k\u00fcls\u0151 takar\u00edt\u00e1sa is. Az ilyen jelleg\u0171 munk\u00e1kn\u00e1l el\u0151fordul, hogy az \u00e9p\u00fclet k\u00fcls\u0151 falazata vagy \u00fcveg fel\u00fcletei szorulnak tiszt\u00edt\u00e1sra \u00e9s az az \u00e9p\u00fclet magass\u00e1ga miatt csak speci\u00e1lis l\u00e9tr\u00e1r\u00f3l, \u00e1llv\u00e1nyrendszerr\u0151l, felf\u00fcggesztett emelv\u00e9nyr\u0151l, ipari alpin technik\u00e1val vagy szem\u00e9lyemel\u0151 szerkezet seg\u00edts\u00e9g\u00e9vel t\u00f6rt\u00e9nhet. Ennek aprop\u00f3j\u00e1n kell besz\u00e9lni a magasban t\u00f6rt\u00e9n\u0151 munkav\u00e9gz\u00e9sr\u0151l ebben az \u00e1gazatban&#8230;<\/p>\n\n\n<div class=\"wp-block-columns is-layout-flex wp-container-core-columns-is-layout-9d6595d7 wp-block-columns-is-layout-flex\">\n<div class=\"wp-block-column is-layout-flow wp-block-column-is-layout-flow\">\n<div class=\"wp-block-button alignright is-style-outline is-style-outline--17\"><a class=\"wp-block-button__link\" href=\"http:\/\/www.munkavedelem-muveszetesadmin.hu\/wp-content\/uploads\/2020\/01\/Speci\u00e1lis-takar\u00edt\u00e1s.pdf\"><img loading=\"lazy\" decoding=\"async\" width=\"60\" height=\"61\" class=\"wp-image-256\" style=\"width: 60px;\" src=\"http:\/\/www.munkavedelem-muveszetesadmin.hu\/wp-content\/uploads\/2020\/01\/PDF-icon-297x300-e1567083314465.png\" alt=\"\"><\/a><\/div>\n<\/div>\n\n\n\n<div class=\"wp-block-column is-layout-flow wp-block-column-is-layout-flow\">\n<div class=\"wp-block-button is-style-outline is-style-outline--18\"><a class=\"wp-block-button__link\" href=\"http:\/\/www.munkavedelem-muveszetesadmin.hu\/wp-content\/uploads\/2020\/01\/Speci\u00e1lis-takar\u00edt\u00e1s.docx\"><img loading=\"lazy\" decoding=\"async\" width=\"50\" height=\"63\" class=\"wp-image-259\" style=\"width: 50px;\" src=\"http:\/\/www.munkavedelem-muveszetesadmin.hu\/wp-content\/uploads\/2020\/01\/word-document-150594_960_720.png\" alt=\"\" srcset=\"https:\/\/www.munkavedelem-muveszetesadmin.hu\/wp-content\/uploads\/2020\/01\/word-document-150594_960_720.png 576w, https:\/\/www.munkavedelem-muveszetesadmin.hu\/wp-content\/uploads\/2020\/01\/word-document-150594_960_720-240x300.png 240w\" sizes=\"auto, (max-width: 50px) 100vw, 50px\" \/><\/a><\/div>\n<\/div>\n<\/div>\n\n\n<p>\u00a0<\/p>\n<p><strong>10. Fert\u0151tlen\u00edt\u00e9s, k\u00e1rtev\u0151irt\u00e1s<\/strong><\/p>\n<p style=\"text-align: justify;\">Az adminisztrat\u00edv \u00e9s szolg\u00e1ltat\u00e1st t\u00e1mogat\u00f3 tev\u00e9kenys\u00e9gek k\u00f6z\u00f6tt tal\u00e1lhatjuk a fert\u0151tlen\u00edt\u00e9st \u00e9s k\u00e1rtev\u0151irt\u00e1st&#8230;<\/p>\n\n\n<div class=\"wp-block-columns is-layout-flex wp-container-core-columns-is-layout-9d6595d7 wp-block-columns-is-layout-flex\">\n<div class=\"wp-block-column is-layout-flow wp-block-column-is-layout-flow\">\n<div class=\"wp-block-button alignright is-style-outline is-style-outline--19\"><a class=\"wp-block-button__link\" href=\"http:\/\/www.munkavedelem-muveszetesadmin.hu\/wp-content\/uploads\/2020\/01\/Fert\u0151tlen\u00edt\u00e9s-k\u00e1rtev\u0151irt\u00e1s.pdf\"><img loading=\"lazy\" decoding=\"async\" width=\"60\" height=\"61\" class=\"wp-image-256\" style=\"width: 60px;\" src=\"http:\/\/www.munkavedelem-muveszetesadmin.hu\/wp-content\/uploads\/2020\/01\/PDF-icon-297x300-e1567083314465.png\" alt=\"\"><\/a><\/div>\n<\/div>\n\n\n\n<div class=\"wp-block-column is-layout-flow wp-block-column-is-layout-flow\">\n<div class=\"wp-block-button is-style-outline is-style-outline--20\"><a class=\"wp-block-button__link\" href=\"http:\/\/www.munkavedelem-muveszetesadmin.hu\/wp-content\/uploads\/2020\/01\/Fert\u0151tlen\u00edt\u00e9s-k\u00e1rtev\u0151irt\u00e1s.docx\"><img loading=\"lazy\" decoding=\"async\" width=\"50\" height=\"63\" class=\"wp-image-259\" style=\"width: 50px;\" src=\"http:\/\/www.munkavedelem-muveszetesadmin.hu\/wp-content\/uploads\/2020\/01\/word-document-150594_960_720.png\" alt=\"\" srcset=\"https:\/\/www.munkavedelem-muveszetesadmin.hu\/wp-content\/uploads\/2020\/01\/word-document-150594_960_720.png 576w, https:\/\/www.munkavedelem-muveszetesadmin.hu\/wp-content\/uploads\/2020\/01\/word-document-150594_960_720-240x300.png 240w\" sizes=\"auto, (max-width: 50px) 100vw, 50px\" \/><\/a><\/div>\n<\/div>\n<\/div>\n","protected":false},"excerpt":{"rendered":"<p>1.A sz\u00ednh\u00e1zi munka sor\u00e1n alkalmazott sz\u00far\u00f3-, v\u00e1g\u00f3- \u00e9s l\u0151fegyverek, valamint a pirotechnikai eszk\u00f6z\u00f6k alkalmaz\u00e1s\u00e1nak szab\u00e1lyai A sz\u00ednh\u00e1zi el\u0151ad\u00e1sok kapcs\u00e1n gyakran el\u0151fordul, hogy egyes jelenetekben sz\u00far\u00f3-, v\u00e1g\u00f3-, illet\u0151leg l\u0151fegyvereket, valamint pirotechnikai eszk\u00f6z\u00f6ket haszn\u00e1lnak. Ezek vesz\u00e9lyess\u00e9ge ok\u00e1n a 35\/1997. (XII.5.) MKM rendelet (a sz\u00ednh\u00e1zm\u0171v\u00e9szeti biztons\u00e1gi szab\u00e1lyzat kiad\u00e1s\u00e1r\u00f3l)1. sz\u00e1m\u00fa mell\u00e9klete, k\u00fcl\u00f6nleges el\u0151\u00edr\u00e1sokat tartalmaz&#8230; 2. Magasban t\u00f6rt\u00e9n\u0151 munkav\u00e9gz\u00e9sn\u00e9l haszn\u00e1lt &hellip; <\/p>\n<p class=\"link-more\"><a href=\"https:\/\/www.munkavedelem-muveszetesadmin.hu\/index.php\/nyomtatvanyok-hasznos-mintak\/\" class=\"more-link\"><span class=\"screen-reader-text\">&#8222;Nyomtatv\u00e1nyok, hasznos mint\u00e1k&#8221;<\/span> b\u0151vebben<\/a><\/p>\n","protected":false},"author":2,"featured_media":0,"parent":0,"menu_order":0,"comment_status":"closed","ping_status":"closed","template":"","meta":{"footnotes":""},"class_list":["post-198","page","type-page","status-publish","hentry"],"_links":{"self":[{"href":"https:\/\/www.munkavedelem-muveszetesadmin.hu\/index.php\/wp-json\/wp\/v2\/pages\/198","targetHints":{"allow":["GET"]}}],"collection":[{"href":"https:\/\/www.munkavedelem-muveszetesadmin.hu\/index.php\/wp-json\/wp\/v2\/pages"}],"about":[{"href":"https:\/\/www.munkavedelem-muveszetesadmin.hu\/index.php\/wp-json\/wp\/v2\/types\/page"}],"author":[{"embeddable":true,"href":"https:\/\/www.munkavedelem-muveszetesadmin.hu\/index.php\/wp-json\/wp\/v2\/users\/2"}],"replies":[{"embeddable":true,"href":"https:\/\/www.munkavedelem-muveszetesadmin.hu\/index.php\/wp-json\/wp\/v2\/comments?post=198"}],"version-history":[{"count":36,"href":"https:\/\/www.munkavedelem-muveszetesadmin.hu\/index.php\/wp-json\/wp\/v2\/pages\/198\/revisions"}],"predecessor-version":[{"id":303,"href":"https:\/\/www.munkavedelem-muveszetesadmin.hu\/index.php\/wp-json\/wp\/v2\/pages\/198\/revisions\/303"}],"wp:attachment":[{"href":"https:\/\/www.munkavedelem-muveszetesadmin.hu\/index.php\/wp-json\/wp\/v2\/media?parent=198"}],"curies":[{"name":"wp","href":"https:\/\/api.w.org\/{rel}","templated":true}]}}