{"id":186,"date":"2020-01-09T07:41:56","date_gmt":"2020-01-09T07:41:56","guid":{"rendered":"http:\/\/www.munkavedelem-muveszetesadmin.hu\/?page_id=186"},"modified":"2024-07-23T12:04:59","modified_gmt":"2024-07-23T12:04:59","slug":"kockazatfelmeresi-es-ertekelesi-segedletek","status":"publish","type":"page","link":"https:\/\/www.munkavedelem-muveszetesadmin.hu\/index.php\/kockazatfelmeresi-es-ertekelesi-segedletek\/","title":{"rendered":"Kock\u00e1zatfelm\u00e9r\u00e9si \u00e9s \u00e9rt\u00e9kel\u00e9si seg\u00e9dletek"},"content":{"rendered":"\n<div class=\"wp-block-file\"><a href=\"http:\/\/www.munkavedelem-muveszetesadmin.hu\/wp-content\/uploads\/2020\/01\/Seg\u00e9dlet-az-adminisztr\u00e1ci\u00f3-stb.-\u00e1gazathoz-tartoz\u00f3-munk\u00e1ltat\u00f3i-ellen\u0151rz\u0151-k\u00e9rd\u00e9ssorhoz.pdf\"> <a href=\"http:\/\/www.munkavedelem-postaesfutar.hu\/wp-content\/uploads\/2019\/08\/Seg%C3%A9dlet-a-kock%C3%A1zatfelm%C3%A9r%C3%A9s-%C3%A9rt%C3%A9kel%C3%A9s%C3%A9hez-MUNK%C3%81LTAT%C3%93K-r%C3%A9sz%C3%A9re-2.pdf\" target=\"_blank\" rel=\"noopener\">Seg\u00e9dlet munk\u00e1ltat\u00f3k r\u00e9sz\u00e9re a kock\u00e1zatfelm\u00e9r\u00e9s \u00e9rt\u00e9kel\u00e9s\u00e9hez<\/a> <\/a><a href=\"http:\/\/www.munkavedelem-muveszetesadmin.hu\/wp-content\/uploads\/2020\/01\/Seg\u00e9dlet-az-adminisztr\u00e1ci\u00f3-stb.-\u00e1gazathoz-tartoz\u00f3-munk\u00e1ltat\u00f3i-ellen\u0151rz\u0151-k\u00e9rd\u00e9ssorhoz.pdf\" class=\"wp-block-file__button\" download>Let\u00f6lt\u00e9s<\/a><\/div>\n\n\n\n<div class=\"wp-block-file\"><a href=\"http:\/\/www.munkavedelem-muveszetesadmin.hu\/wp-content\/uploads\/2020\/01\/Seg\u00e9dlet-az-adminisztr\u00e1ci\u00f3-stb.-\u00e1gazathoz-tartoz\u00f3-munkav\u00e1llal\u00f3i-ellen\u0151rz\u0151-k\u00e9rd\u00e9ssorhoz-2.pdf\"> <a href=\"http:\/\/www.munkavedelem-postaesfutar.hu\/wp-content\/uploads\/2019\/08\/Seg%C3%A9dlet-a-kock%C3%A1zatfelm%C3%A9r%C3%A9s-%C3%A9rt%C3%A9kel%C3%A9s%C3%A9hez-MUNKAV%C3%81LLAL%C3%93K-r%C3%A9sz%C3%A9re-1.pdf\" target=\"_blank\" rel=\"noopener\">Seg\u00e9dlet munkav\u00e1llal\u00f3k r\u00e9sz\u00e9re a kock\u00e1zatfelm\u00e9r\u00e9s \u00e9rt\u00e9kel\u00e9s\u00e9hez<\/a> <\/a><a href=\"http:\/\/www.munkavedelem-muveszetesadmin.hu\/wp-content\/uploads\/2020\/01\/Seg\u00e9dlet-az-adminisztr\u00e1ci\u00f3-stb.-\u00e1gazathoz-tartoz\u00f3-munkav\u00e1llal\u00f3i-ellen\u0151rz\u0151-k\u00e9rd\u00e9ssorhoz-2.pdf\" class=\"wp-block-file__button\" download>Let\u00f6lt\u00e9s<\/a><\/div>\n\n\n\n<div class=\"wp-block-file\"><a href=\"http:\/\/www.munkavedelem-muveszetesadmin.hu\/wp-content\/uploads\/2020\/01\/Seg\u00e9dlet-az-\u00e1gazathoz-tartoz\u00f3-munkav\u00e9delmi-k\u00e9pvisel\u0151i-ellen\u0151rz\u0151-k\u00e9rd\u00e9ssorhoz.pdf\"> <a href=\"http:\/\/www.munkavedelem-postaesfutar.hu\/wp-content\/uploads\/2019\/08\/Seg%C3%A9dlet-a-kock%C3%A1zatfelm%C3%A9r%C3%A9s-%C3%A9rt%C3%A9kel%C3%A9s%C3%A9hez-MUNKAV%C3%89DELMI-K%C3%89PVISEL%C5%90K-r%C3%A9sz%C3%A9re-1.pdf\" target=\"_blank\" rel=\"noopener\">Seg\u00e9dlet munkav\u00e9delmi k\u00e9pvisel\u0151k r\u00e9sz\u00e9re a kock\u00e1zatfelm\u00e9r\u00e9s \u00e9rt\u00e9kel\u00e9s\u00e9hez<\/a> <\/a><a href=\"http:\/\/www.munkavedelem-muveszetesadmin.hu\/wp-content\/uploads\/2020\/01\/Seg\u00e9dlet-az-\u00e1gazathoz-tartoz\u00f3-munkav\u00e9delmi-k\u00e9pvisel\u0151i-ellen\u0151rz\u0151-k\u00e9rd\u00e9ssorhoz.pdf\" class=\"wp-block-file__button\" download>Let\u00f6lt\u00e9s<\/a><\/div>\n\n\n\n<p><\/p>\n","protected":false},"excerpt":{"rendered":"","protected":false},"author":2,"featured_media":0,"parent":0,"menu_order":0,"comment_status":"closed","ping_status":"closed","template":"","meta":{"footnotes":""},"class_list":["post-186","page","type-page","status-publish","hentry"],"_links":{"self":[{"href":"https:\/\/www.munkavedelem-muveszetesadmin.hu\/index.php\/wp-json\/wp\/v2\/pages\/186","targetHints":{"allow":["GET"]}}],"collection":[{"href":"https:\/\/www.munkavedelem-muveszetesadmin.hu\/index.php\/wp-json\/wp\/v2\/pages"}],"about":[{"href":"https:\/\/www.munkavedelem-muveszetesadmin.hu\/index.php\/wp-json\/wp\/v2\/types\/page"}],"author":[{"embeddable":true,"href":"https:\/\/www.munkavedelem-muveszetesadmin.hu\/index.php\/wp-json\/wp\/v2\/users\/2"}],"replies":[{"embeddable":true,"href":"https:\/\/www.munkavedelem-muveszetesadmin.hu\/index.php\/wp-json\/wp\/v2\/comments?post=186"}],"version-history":[{"count":7,"href":"https:\/\/www.munkavedelem-muveszetesadmin.hu\/index.php\/wp-json\/wp\/v2\/pages\/186\/revisions"}],"predecessor-version":[{"id":226,"href":"https:\/\/www.munkavedelem-muveszetesadmin.hu\/index.php\/wp-json\/wp\/v2\/pages\/186\/revisions\/226"}],"wp:attachment":[{"href":"https:\/\/www.munkavedelem-muveszetesadmin.hu\/index.php\/wp-json\/wp\/v2\/media?parent=186"}],"curies":[{"name":"wp","href":"https:\/\/api.w.org\/{rel}","templated":true}]}}