{"id":12,"date":"2019-10-02T13:29:09","date_gmt":"2019-10-02T13:29:09","guid":{"rendered":"http:\/\/www.munkavedelem-muveszetesadmin.hu\/?page_id=12"},"modified":"2024-07-23T12:01:40","modified_gmt":"2024-07-23T12:01:40","slug":"kezdolap","status":"publish","type":"page","link":"https:\/\/www.munkavedelem-muveszetesadmin.hu\/","title":{"rendered":"Kezd\u0151lap"},"content":{"rendered":"<p style=\"text-align: justify;\">A megfelel\u0151 munkak\u00f6rnyezet megteremt\u00e9se a munk\u00e1ltat\u00f3, valamint a munkav\u00e1llal\u00f3 sz\u00e1m\u00e1ra is sz\u00fcks\u00e9ges, nagyon fontosak a munkav\u00e9gz\u00e9s ter\u00fclet\u00e9n \u00e9s ezeket t\u00f6rv\u00e9nyi el\u0151\u00edr\u00e1sok is szab\u00e1lyozz\u00e1k. Sz\u00e1mos \u00e1gazat van, amiben ezek a szab\u00e1lyoz\u00e1sok elengedhetetlenek, k\u00f6zt\u00fck az adminisztr\u00e1ci\u00f3 \u00e9s a szolg\u00e1ltat\u00e1s t\u00e1mogat\u00f3 tev\u00e9kenys\u00e9g a m\u0171v\u00e9szet, sz\u00f3rakoztat\u00e1s, szabadid\u0151 \u00e1gazatok ter\u00e9n.<\/p>\n<p style=\"text-align: justify;\">A honlap naprak\u00e9sz \u00e9s hasznos inform\u00e1ci\u00f3kkal k\u00edv\u00e1nja ell\u00e1tni a munkav\u00e1llal\u00f3kat \u00e9s munk\u00e1ltat\u00f3kat, valamint a munkav\u00e9delmi szakembereket, amelyek az k\u00fcl\u00f6nb\u00f6z\u0151 men\u00fcpontok lenyit\u00e1s\u00e1val k\u00f6nnyen el\u00e9rhet\u0151ek.<\/p>\n<p style=\"text-align: justify;\">A honlap seg\u00edts\u00e9g\u00e9vel lehet\u0151s\u00e9g ny\u00edlik arra, hogy felm\u00e9rj\u00e9k az egyes c\u00e9lcsoportok a tud\u00e1sukat a munkabiztons\u00e1g \u00e9s munkaeg\u00e9szs\u00e9g\u00fcgy ter\u00fclet\u00e9n, valamint k\u00e9pet kapjanak a munk\u00e1jukban, munkahely\u00fck\u00f6n felmer\u00fcl\u0151 kock\u00e1zati pontokr\u00f3l is.<\/p>\n<p style=\"text-align: justify;\">A Tud\u00e1sfelm\u00e9r\u0151 men\u00fcpont alatt munk\u00e1ltat\u00f3knak, munkav\u00e1llal\u00f3knak \u00e9s munkav\u00e9delmi szak\u00e9rt\u0151knek biztos\u00edtunk teszteket, melyek kit\u00f6lt\u00e9s\u00e9vel k\u00f6nnyen felm\u00e9rhetik tud\u00e1sukat a munkabiztons\u00e1g \u00e9s munkaeg\u00e9szs\u00e9g\u00fcgy ter\u00fclet\u00e9n. Mindezek mellett a K\u00e9rd\u0151\u00edv f\u00fcl alatt olyan k\u00e9rd\u00e9ssorok tal\u00e1lhat\u00f3k szint\u00e9n c\u00e9lcsoportonk\u00e9nt (munk\u00e1ltat\u00f3k, munkav\u00e1llal\u00f3k \u00e9s szak\u00e9rt\u0151k sz\u00e1m\u00e1ra), melyek seg\u00edtenek felm\u00e9rni a munkabiztons\u00e1g aktu\u00e1lis helyzet\u00e9t az adott munkak\u00f6rnyezetben.<\/p>\n<p style=\"text-align: justify;\">A felmer\u00fcl\u0151 kock\u00e1zatok kezel\u00e9s\u00e9re pedig a Seg\u00e9dletek biztos\u00edtanak megfelel\u0151 v\u00e1laszt.<\/p>\n<p style=\"text-align: justify;\">K\u00e9rd\u00e9s eset\u00e9n e-mailben \u00e1llunk rendelkez\u00e9s\u00fckre, a Szak\u00e9rt\u0151 v\u00e1laszol men\u00fcpont alatt.<\/p>\n<p>A honlap a GINOP-5.3.4-16-2018-00035 azonos\u00edt\u00f3j\u00fa projekt keret\u00e9ben k\u00e9sz\u00fclt.<\/p>\n","protected":false},"excerpt":{"rendered":"<p>A megfelel\u0151 munkak\u00f6rnyezet megteremt\u00e9se a munk\u00e1ltat\u00f3, valamint a munkav\u00e1llal\u00f3 sz\u00e1m\u00e1ra is sz\u00fcks\u00e9ges, nagyon fontosak a munkav\u00e9gz\u00e9s ter\u00fclet\u00e9n \u00e9s ezeket t\u00f6rv\u00e9nyi el\u0151\u00edr\u00e1sok is szab\u00e1lyozz\u00e1k. Sz\u00e1mos \u00e1gazat van, amiben ezek a szab\u00e1lyoz\u00e1sok elengedhetetlenek, k\u00f6zt\u00fck az adminisztr\u00e1ci\u00f3 \u00e9s a szolg\u00e1ltat\u00e1s t\u00e1mogat\u00f3 tev\u00e9kenys\u00e9g a m\u0171v\u00e9szet, sz\u00f3rakoztat\u00e1s, szabadid\u0151 \u00e1gazatok ter\u00e9n. A honlap naprak\u00e9sz \u00e9s hasznos inform\u00e1ci\u00f3kkal k\u00edv\u00e1nja ell\u00e1tni a munkav\u00e1llal\u00f3kat &hellip; <\/p>\n<p class=\"link-more\"><a href=\"https:\/\/www.munkavedelem-muveszetesadmin.hu\/\" class=\"more-link\"><span class=\"screen-reader-text\">&#8222;Kezd\u0151lap&#8221;<\/span> b\u0151vebben<\/a><\/p>\n","protected":false},"author":2,"featured_media":0,"parent":0,"menu_order":0,"comment_status":"closed","ping_status":"closed","template":"","meta":{"footnotes":""},"class_list":["post-12","page","type-page","status-publish","hentry"],"_links":{"self":[{"href":"https:\/\/www.munkavedelem-muveszetesadmin.hu\/index.php\/wp-json\/wp\/v2\/pages\/12","targetHints":{"allow":["GET"]}}],"collection":[{"href":"https:\/\/www.munkavedelem-muveszetesadmin.hu\/index.php\/wp-json\/wp\/v2\/pages"}],"about":[{"href":"https:\/\/www.munkavedelem-muveszetesadmin.hu\/index.php\/wp-json\/wp\/v2\/types\/page"}],"author":[{"embeddable":true,"href":"https:\/\/www.munkavedelem-muveszetesadmin.hu\/index.php\/wp-json\/wp\/v2\/users\/2"}],"replies":[{"embeddable":true,"href":"https:\/\/www.munkavedelem-muveszetesadmin.hu\/index.php\/wp-json\/wp\/v2\/comments?post=12"}],"version-history":[{"count":3,"href":"https:\/\/www.munkavedelem-muveszetesadmin.hu\/index.php\/wp-json\/wp\/v2\/pages\/12\/revisions"}],"predecessor-version":[{"id":307,"href":"https:\/\/www.munkavedelem-muveszetesadmin.hu\/index.php\/wp-json\/wp\/v2\/pages\/12\/revisions\/307"}],"wp:attachment":[{"href":"https:\/\/www.munkavedelem-muveszetesadmin.hu\/index.php\/wp-json\/wp\/v2\/media?parent=12"}],"curies":[{"name":"wp","href":"https:\/\/api.w.org\/{rel}","templated":true}]}}